{"id":78201,"date":"2023-11-23T14:49:12","date_gmt":"2023-11-23T13:50:39","guid":{"rendered":"https:\/\/poppers-online.ch\/produkt\/7-speed-bad-boy-masseur-de-prostate-noir\/"},"modified":"2024-10-15T23:25:43","modified_gmt":"2024-10-15T21:25:43","slug":"7-speed-bad-boy-prostata-masseur-noir","status":"publish","type":"product","link":"https:\/\/poppers-online.ch\/fr\/produit\/7-speed-bad-boy-prostata-masseur-noir\/","title":{"rendered":"7 Speed Bad Boy Masseur de prostate noir"},"content":{"rendered":"","protected":false},"excerpt":{"rendered":"<p>Nouvelle version avec le vibromasseur 7 Speed Bad Boy Masseur de prostate noir prim\u00e9 ! 7 programmes de vibration allant de fort jusqu&rsquo;au tremblement des genoux, pulsation, pause, lent, rapide &#8211; tous les d\u00e9sirs sont ici stimul\u00e9s. Bad-Boy est un stimulateur de point P double extra intelligent, tr\u00e8s facile \u00e0 utiliser. La circonf\u00e9rence moyenne de Bad-Boy garantit une stimulation puissante et profil\u00e9e, ainsi qu&rsquo;un massage intense de la prostate et du p\u00e9rin\u00e9e. Le design unique mains libres offre une libert\u00e9 de jeu suppl\u00e9mentaire &#8211; soit seul, soit en partageant le plaisir avec votre partenaire, tandis que Bad-Boy garantit une passion explosive.<\/p>\n<ul>\n<li>Propuls\u00e9 par le nouveau vibrateur bullet RO-80mm prim\u00e9 \u00e0 7 vitesses<\/li>\n<li>Stimulation \u00e0 double action de la prostate et du p\u00e9rin\u00e9e<\/li>\n<li>Vibration puissante mais silencieuse<\/li>\n<li>Utilisation simple et mains libres<\/li>\n<li>Fabriqu\u00e9 en silicone m\u00e9dical doux, flexible et bien tol\u00e9r\u00e9 par la peau<\/li>\n<li>100% \u00e9tanche<\/li>\n<li>\u00c9jaculation intense<\/li>\n<li>nettoyage facile et hygi\u00e9nique gr\u00e2ce \u00e0 l&rsquo;unit\u00e9 vibrante amovible<\/li>\n<\/ul>\n<ul>\n<li><strong>Longueur du masseur p\u00e9rin\u00e9al:<\/strong> env. 11 cm<\/li>\n<li><strong>Longueur du plug prostatique:<\/strong> env. 12,5 cm<\/li>\n<li><strong>Diam\u00e8tre du plug le plus \u00e9pais:<\/strong> environ 38 mm<\/li>\n<li><strong>Piles:<\/strong> 1x LR-1\/taille N (incluses)<\/li>\n<li><strong>Mat\u00e9riau:<\/strong> silicone<\/li>\n<li><strong>Couleur:<\/strong> Noir<\/li>\n<\/ul>\n","protected":false},"featured_media":78194,"comment_status":"open","ping_status":"closed","template":"","meta":{"_acf_changed":false,"iawp_total_views":16,"_glsr_average":0,"_glsr_ranking":0,"_glsr_reviews":0},"product_brand":[],"product_cat":[2085,171],"product_tag":[1809],"class_list":{"0":"post-78201","1":"product","2":"type-product","3":"status-publish","4":"has-post-thumbnail","6":"product_cat-anal-play","7":"product_cat-sex-toys","8":"product_tag-7-speed-bad-boy-masseur-de-prostate-noir","10":"first","11":"instock","12":"taxable","13":"shipping-taxable","14":"purchasable","15":"product-type-simple"},"acf":[],"_links":{"self":[{"href":"https:\/\/poppers-online.ch\/fr\/wp-json\/wp\/v2\/product\/78201","targetHints":{"allow":["GET"]}}],"collection":[{"href":"https:\/\/poppers-online.ch\/fr\/wp-json\/wp\/v2\/product"}],"about":[{"href":"https:\/\/poppers-online.ch\/fr\/wp-json\/wp\/v2\/types\/product"}],"replies":[{"embeddable":true,"href":"https:\/\/poppers-online.ch\/fr\/wp-json\/wp\/v2\/comments?post=78201"}],"wp:featuredmedia":[{"embeddable":true,"href":"https:\/\/poppers-online.ch\/fr\/wp-json\/wp\/v2\/media\/78194"}],"wp:attachment":[{"href":"https:\/\/poppers-online.ch\/fr\/wp-json\/wp\/v2\/media?parent=78201"}],"wp:term":[{"taxonomy":"product_brand","embeddable":true,"href":"https:\/\/poppers-online.ch\/fr\/wp-json\/wp\/v2\/product_brand?post=78201"},{"taxonomy":"product_cat","embeddable":true,"href":"https:\/\/poppers-online.ch\/fr\/wp-json\/wp\/v2\/product_cat?post=78201"},{"taxonomy":"product_tag","embeddable":true,"href":"https:\/\/poppers-online.ch\/fr\/wp-json\/wp\/v2\/product_tag?post=78201"}],"curies":[{"name":"wp","href":"https:\/\/api.w.org\/{rel}","templated":true}]}}