{"id":78137,"date":"2023-11-22T22:37:21","date_gmt":"2023-11-22T21:38:53","guid":{"rendered":"https:\/\/poppers-online.ch\/produkt\/colt-enhancer-rings-cockrings-transparent\/"},"modified":"2023-11-22T22:38:53","modified_gmt":"2023-11-22T21:38:53","slug":"colt-enhancer-rings-cockrings-transparent","status":"publish","type":"product","link":"https:\/\/poppers-online.ch\/fr\/produit\/colt-enhancer-rings-cockrings-transparent\/","title":{"rendered":"COLT Enhancer Rings Cockrings transparent"},"content":{"rendered":"","protected":false},"excerpt":{"rendered":"<p>Avec les Cockrings COLT Enhancer Rings transparents en gris fum\u00e9, ton \u00e9rection dure plus longtemps, ce qui permet \u00e0 ton meilleur ami de rester debout longtemps. Ressens l&rsquo;exp\u00e9rience de retenir ton \u00e9jaculation plus longtemps. Un anneau est compos\u00e9 de 4 anneaux reli\u00e9s, un autre de 2 anneaux reli\u00e9s. La taille est variable gr\u00e2ce \u00e0 la flexibilit\u00e9 des anneaux. Les anneaux sont en caoutchouc thermoplastique.<\/p>\n","protected":false},"featured_media":78128,"comment_status":"closed","ping_status":"closed","template":"","meta":{"_acf_changed":false,"iawp_total_views":0,"_glsr_average":0,"_glsr_ranking":0,"_glsr_reviews":0},"product_brand":[],"product_cat":[2091,171],"product_tag":[1805],"class_list":{"0":"post-78137","1":"product","2":"type-product","3":"status-publish","4":"has-post-thumbnail","6":"product_cat-cock-play","7":"product_cat-sex-toys","8":"product_tag-colt-enhancer-rings-cockring-transparent","10":"first","11":"instock","12":"taxable","13":"shipping-taxable","14":"purchasable","15":"product-type-simple"},"acf":[],"_links":{"self":[{"href":"https:\/\/poppers-online.ch\/fr\/wp-json\/wp\/v2\/product\/78137","targetHints":{"allow":["GET"]}}],"collection":[{"href":"https:\/\/poppers-online.ch\/fr\/wp-json\/wp\/v2\/product"}],"about":[{"href":"https:\/\/poppers-online.ch\/fr\/wp-json\/wp\/v2\/types\/product"}],"replies":[{"embeddable":true,"href":"https:\/\/poppers-online.ch\/fr\/wp-json\/wp\/v2\/comments?post=78137"}],"wp:featuredmedia":[{"embeddable":true,"href":"https:\/\/poppers-online.ch\/fr\/wp-json\/wp\/v2\/media\/78128"}],"wp:attachment":[{"href":"https:\/\/poppers-online.ch\/fr\/wp-json\/wp\/v2\/media?parent=78137"}],"wp:term":[{"taxonomy":"product_brand","embeddable":true,"href":"https:\/\/poppers-online.ch\/fr\/wp-json\/wp\/v2\/product_brand?post=78137"},{"taxonomy":"product_cat","embeddable":true,"href":"https:\/\/poppers-online.ch\/fr\/wp-json\/wp\/v2\/product_cat?post=78137"},{"taxonomy":"product_tag","embeddable":true,"href":"https:\/\/poppers-online.ch\/fr\/wp-json\/wp\/v2\/product_tag?post=78137"}],"curies":[{"name":"wp","href":"https:\/\/api.w.org\/{rel}","templated":true}]}}