{"id":78120,"date":"2023-11-22T22:20:19","date_gmt":"2023-11-22T21:21:54","guid":{"rendered":"https:\/\/poppers-online.ch\/produkt\/colt-muscle-nips-pump-tetine-pour-mamelons\/"},"modified":"2024-10-15T23:30:34","modified_gmt":"2024-10-15T21:30:34","slug":"colt-muscle-nips-pompe-aspirateur-de-mamelons","status":"publish","type":"product","link":"https:\/\/poppers-online.ch\/fr\/produit\/colt-muscle-nips-pompe-aspirateur-de-mamelons\/","title":{"rendered":"COLT Muscle Nips Pump T\u00e9tine pour mamelons"},"content":{"rendered":"","protected":false},"excerpt":{"rendered":"<p>Cet aspirateur de mamelons haute performance offre de nombreuses possibilit\u00e9s de stimulation professionnelle des mamelons. Comme les cylindres sont transparents, l&rsquo;intensit\u00e9 de l&rsquo;aspiration peut \u00eatre lue \u00e0 l&rsquo;int\u00e9rieur \u00e0 tout moment et facilement dos\u00e9e.<\/p>\n<p>Les cylindres d&rsquo;aspiration transparents \u00e0 larges brides maintiennent un vide constant, qu&rsquo;il soit particuli\u00e8rement faible ou particuli\u00e8rement fort. Gr\u00e2ce \u00e0 2 vannes rotatives r\u00e9glables s\u00e9par\u00e9ment dans le tuyau, le vide peut \u00eatre r\u00e9parti de mani\u00e8re uniforme ou non sur les deux cylindres. Un cylindre d&rsquo;aspiration peut \u00eatre utilis\u00e9 seul si n\u00e9cessaire.<\/p>\n<p>Au bout de chaque cylindre d&rsquo;aspiration se trouve une soupape de serrage blanche avec un dispositif d&rsquo;arr\u00eat en m\u00e9tal. Au-dessus, le tuyau peut \u00eatre retir\u00e9 du cylindre d&rsquo;aspiration d&rsquo;une simple pression du doigt, sans que le vide qu&rsquo;il contient ne soit perdu. Mettre en place le cylindre, r\u00e9gler l&rsquo;intensit\u00e9 d&rsquo;aspiration, d\u00e9brancher &#8211; c&rsquo;est tout.<\/p>\n<p>La grande pompe d&rsquo;aspiration \u00e0 t\u00e9tines s&rsquo;utilise intuitivement d&rsquo;une seule main et permet un dosage tr\u00e8s pr\u00e9cis du vide. Pour une r\u00e9duction rapide de l&rsquo;effet d&rsquo;aspiration, une soupape de d\u00e9charge rapide situ\u00e9e \u00e0 l&rsquo;extr\u00e9mit\u00e9 de la pompe et munie d&rsquo;un bouton-poussoir robuste permet, si n\u00e9cessaire, de r\u00e9duire l&rsquo;effet d&rsquo;aspiration. Les cylindres d&rsquo;aspiration ont des dimensions agr\u00e9ablement g\u00e9n\u00e9reuses de 2,5 cm. Optimal pour la stimulation des mamelons, mais convient aussi tr\u00e8s bien pour d&rsquo;autres parties sensibles du corps.<\/p>\n<p><strong>D\u00e9tails du produit<\/strong><\/p>\n<ul>\n<li>2 cylindres d&rsquo;aspiration haute performance avec effet d&rsquo;aspiration dosable avec pr\u00e9cision<\/li>\n<li>\u00a0Effet d&rsquo;aspiration dosable de doux \u00e0 extr\u00eame<\/li>\n<li>Avec un diam\u00e8tre de 2,5 cm, id\u00e9al pour les mamelons et autres parties du corps<\/li>\n<li>2 valves rotatives stables pour une aspiration synchrone et asynchrone<\/li>\n<li>Tuyaux amovibles d&rsquo;une seule main en cas d&rsquo;aspiration continue<\/li>\n<li>Grande pompe \u00e0 une main facile \u00e0 utiliser<\/li>\n<li>Vanne de vidange rapide comme l&rsquo;\u00e9clair<\/li>\n<li>Tuyaux 100% silicone<\/li>\n<\/ul>\n<p>&nbsp;<\/p>\n<ul>\n<li><strong>longueur totale:<\/strong> environ 70 cm<\/li>\n<li><strong>diam\u00e8tre des cylindres d&rsquo;aspiration:<\/strong> environ 3 cm<\/li>\n<li><strong>diam\u00e8tre int\u00e9rieur des ouvertures d&rsquo;aspiration:<\/strong> environ 2,5 cm<\/li>\n<li><strong>Mat\u00e9riaux:<\/strong> acrylique (cylindre d&rsquo;aspiration), silicone (tuyaux), ABS (pompe et vannes), POM (raccords)<\/li>\n<li><strong>Couleur:<\/strong> noir, rouge, blanc<\/li>\n<\/ul>\n","protected":false},"featured_media":78107,"comment_status":"closed","ping_status":"closed","template":"","meta":{"_acf_changed":false,"iawp_total_views":15,"_glsr_average":0,"_glsr_ranking":0,"_glsr_reviews":0},"product_brand":[],"product_cat":[2100,171],"product_tag":[1801],"class_list":{"0":"post-78120","1":"product","2":"type-product","3":"status-publish","4":"has-post-thumbnail","6":"product_cat-nipple-play","7":"product_cat-sex-toys","8":"product_tag-colt-muscle-nips-pump-tetine-pour-mamelons","10":"first","11":"instock","12":"taxable","13":"shipping-taxable","14":"purchasable","15":"product-type-simple"},"acf":[],"_links":{"self":[{"href":"https:\/\/poppers-online.ch\/fr\/wp-json\/wp\/v2\/product\/78120","targetHints":{"allow":["GET"]}}],"collection":[{"href":"https:\/\/poppers-online.ch\/fr\/wp-json\/wp\/v2\/product"}],"about":[{"href":"https:\/\/poppers-online.ch\/fr\/wp-json\/wp\/v2\/types\/product"}],"replies":[{"embeddable":true,"href":"https:\/\/poppers-online.ch\/fr\/wp-json\/wp\/v2\/comments?post=78120"}],"wp:featuredmedia":[{"embeddable":true,"href":"https:\/\/poppers-online.ch\/fr\/wp-json\/wp\/v2\/media\/78107"}],"wp:attachment":[{"href":"https:\/\/poppers-online.ch\/fr\/wp-json\/wp\/v2\/media?parent=78120"}],"wp:term":[{"taxonomy":"product_brand","embeddable":true,"href":"https:\/\/poppers-online.ch\/fr\/wp-json\/wp\/v2\/product_brand?post=78120"},{"taxonomy":"product_cat","embeddable":true,"href":"https:\/\/poppers-online.ch\/fr\/wp-json\/wp\/v2\/product_cat?post=78120"},{"taxonomy":"product_tag","embeddable":true,"href":"https:\/\/poppers-online.ch\/fr\/wp-json\/wp\/v2\/product_tag?post=78120"}],"curies":[{"name":"wp","href":"https:\/\/api.w.org\/{rel}","templated":true}]}}