{"id":78078,"date":"2023-11-22T21:48:42","date_gmt":"2023-11-22T20:48:42","guid":{"rendered":"https:\/\/poppers-online.ch\/produkt\/basix-rubber-works-godemiche-fin-18cm\/"},"modified":"2024-10-15T23:30:35","modified_gmt":"2024-10-15T21:30:35","slug":"basix-rubber-works-slim-dildo-18cm","status":"publish","type":"product","link":"https:\/\/poppers-online.ch\/fr\/produit\/basix-rubber-works-slim-dildo-18cm\/","title":{"rendered":"Basix Rubber Works Godemich\u00e9 fin 18cm"},"content":{"rendered":"","protected":false},"excerpt":{"rendered":"<div>Basix Rubber Works Slim Dildo 18cm. Ce godemich\u00e9 apporte le r\u00e9alisme \u00e0 l&rsquo;\u00e9tat pur. Sa nature r\u00e9aliste est compl\u00e9t\u00e9e par son mat\u00e9riau en caoutchouc nouvellement d\u00e9velopp\u00e9. Le mat\u00e9riau est 100% exempt de phtalates et de latex, respectueux de l&rsquo;environnement et le jouet id\u00e9al pour les personnes allergiques.<\/div>\n<div><\/div>\n<ul>\n<li><strong>Longueur d&rsquo;insertion:<\/strong> environ 18 cm<\/li>\n<li><strong>longueur totale:<\/strong> environ 20,5 cm<\/li>\n<li><strong>diam\u00e8tre:<\/strong> environ 3 &#8211; 4,5 cm<\/li>\n<\/ul>\n","protected":false},"featured_media":78073,"comment_status":"open","ping_status":"closed","template":"","meta":{"_acf_changed":false,"iawp_total_views":8,"_glsr_average":0,"_glsr_ranking":0,"_glsr_reviews":0},"product_brand":[],"product_cat":[2085,171],"product_tag":[1788],"class_list":{"0":"post-78078","1":"product","2":"type-product","3":"status-publish","4":"has-post-thumbnail","6":"product_cat-anal-play","7":"product_cat-sex-toys","8":"product_tag-basix-rubber-works-godemiche-fin-18cm","10":"first","11":"outofstock","12":"taxable","13":"shipping-taxable","14":"purchasable","15":"product-type-simple"},"acf":[],"_links":{"self":[{"href":"https:\/\/poppers-online.ch\/fr\/wp-json\/wp\/v2\/product\/78078","targetHints":{"allow":["GET"]}}],"collection":[{"href":"https:\/\/poppers-online.ch\/fr\/wp-json\/wp\/v2\/product"}],"about":[{"href":"https:\/\/poppers-online.ch\/fr\/wp-json\/wp\/v2\/types\/product"}],"replies":[{"embeddable":true,"href":"https:\/\/poppers-online.ch\/fr\/wp-json\/wp\/v2\/comments?post=78078"}],"wp:featuredmedia":[{"embeddable":true,"href":"https:\/\/poppers-online.ch\/fr\/wp-json\/wp\/v2\/media\/78073"}],"wp:attachment":[{"href":"https:\/\/poppers-online.ch\/fr\/wp-json\/wp\/v2\/media?parent=78078"}],"wp:term":[{"taxonomy":"product_brand","embeddable":true,"href":"https:\/\/poppers-online.ch\/fr\/wp-json\/wp\/v2\/product_brand?post=78078"},{"taxonomy":"product_cat","embeddable":true,"href":"https:\/\/poppers-online.ch\/fr\/wp-json\/wp\/v2\/product_cat?post=78078"},{"taxonomy":"product_tag","embeddable":true,"href":"https:\/\/poppers-online.ch\/fr\/wp-json\/wp\/v2\/product_tag?post=78078"}],"curies":[{"name":"wp","href":"https:\/\/api.w.org\/{rel}","templated":true}]}}