{"id":78012,"date":"2023-11-22T15:45:44","date_gmt":"2023-11-22T14:46:45","guid":{"rendered":"https:\/\/poppers-online.ch\/produkt\/pump-worx-mega-vac-power-pompe\/"},"modified":"2024-10-15T23:30:36","modified_gmt":"2024-10-15T21:30:36","slug":"pump-worx-mega-vac-power-pompe","status":"publish","type":"product","link":"https:\/\/poppers-online.ch\/fr\/produit\/pump-worx-mega-vac-power-pompe\/","title":{"rendered":"Pump Worx Mega-Vac Power Pompe"},"content":{"rendered":"","protected":false},"excerpt":{"rendered":"<p>La m\u00e9thode d\u00e9tendue pour donner plus de taille et de force \u00e0 son membre. Pump Worx Mega-Vac Power Pump est une pompe \u00e0 p\u00e9nis automatique qui fait tout le travail pour toi. Fais l&rsquo;exp\u00e9rience d&rsquo;une \u00e9rection palpitante et d&rsquo;un agrandissement continu de ton p\u00e9nis. En appuyant sur la t\u00eate, le moteur puissant cr\u00e9e un vide super puissant qui a un effet imm\u00e9diat sur la longueur et le diam\u00e8tre de ton p\u00e9nis. L&rsquo;ouverture douce en TPR entoure d\u00e9licatement ton membre, pour une fermeture absolument herm\u00e9tique. Le moteur assure une fonction d&rsquo;aspiration automatique sans pompage fastidieux. Il suffit de s&rsquo;asseoir, de savourer et d&rsquo;assister aux changements \u00e0 travers le cylindre transparent. Le cylindre en acrylique est muni d&rsquo;un tableau de mesures qui permet de mesurer imm\u00e9diatement le grossissement. Lorsque la taille souhait\u00e9e est atteinte, un bouton de verrouillage rapide permet de rel\u00e2cher imm\u00e9diatement la pression. Apr\u00e8s l&rsquo;utilisation de la pompe, l&rsquo;\u00e9jaculation peut \u00eatre prolong\u00e9e gr\u00e2ce au cockring fourni gratuitement. Pour garantir un fonctionnement et une qualit\u00e9 durables de la pompe, celle-ci doit \u00eatre nettoy\u00e9e apr\u00e8s chaque utilisation avec un Toy Cleaner et de l&rsquo;eau chaude.<\/p>\n<ul>\n<li><strong>longueur totale:<\/strong> environ 27 cm<\/li>\n<li><strong>diam\u00e8tre:<\/strong> environ 5,6 cm<\/li>\n<li><strong>Piles:<\/strong> 2 piles AA (non incluses)<\/li>\n<li><strong>Mat\u00e9riau:<\/strong> ABS PLastik, TPR, acrylique<\/li>\n<\/ul>\n","protected":false},"featured_media":78009,"comment_status":"closed","ping_status":"closed","template":"","meta":{"_acf_changed":false,"iawp_total_views":4,"_glsr_average":0,"_glsr_ranking":0,"_glsr_reviews":0},"product_brand":[],"product_cat":[2097,171],"product_tag":[1772],"class_list":{"0":"post-78012","1":"product","2":"type-product","3":"status-publish","4":"has-post-thumbnail","6":"product_cat-agrandir-penis","7":"product_cat-sex-toys","8":"product_tag-pump-worx-mega-vac-power-pompe","10":"first","11":"outofstock","12":"taxable","13":"shipping-taxable","14":"purchasable","15":"product-type-simple"},"acf":[],"_links":{"self":[{"href":"https:\/\/poppers-online.ch\/fr\/wp-json\/wp\/v2\/product\/78012","targetHints":{"allow":["GET"]}}],"collection":[{"href":"https:\/\/poppers-online.ch\/fr\/wp-json\/wp\/v2\/product"}],"about":[{"href":"https:\/\/poppers-online.ch\/fr\/wp-json\/wp\/v2\/types\/product"}],"replies":[{"embeddable":true,"href":"https:\/\/poppers-online.ch\/fr\/wp-json\/wp\/v2\/comments?post=78012"}],"wp:featuredmedia":[{"embeddable":true,"href":"https:\/\/poppers-online.ch\/fr\/wp-json\/wp\/v2\/media\/78009"}],"wp:attachment":[{"href":"https:\/\/poppers-online.ch\/fr\/wp-json\/wp\/v2\/media?parent=78012"}],"wp:term":[{"taxonomy":"product_brand","embeddable":true,"href":"https:\/\/poppers-online.ch\/fr\/wp-json\/wp\/v2\/product_brand?post=78012"},{"taxonomy":"product_cat","embeddable":true,"href":"https:\/\/poppers-online.ch\/fr\/wp-json\/wp\/v2\/product_cat?post=78012"},{"taxonomy":"product_tag","embeddable":true,"href":"https:\/\/poppers-online.ch\/fr\/wp-json\/wp\/v2\/product_tag?post=78012"}],"curies":[{"name":"wp","href":"https:\/\/api.w.org\/{rel}","templated":true}]}}