{"id":77985,"date":"2023-11-22T15:16:07","date_gmt":"2023-11-22T14:17:36","guid":{"rendered":"https:\/\/poppers-online.ch\/produkt\/pump-worx-beginners-power-pump-noir\/"},"modified":"2024-10-15T23:30:37","modified_gmt":"2024-10-15T21:30:37","slug":"pump-worx-beginners-power-pump-noir","status":"publish","type":"product","link":"https:\/\/poppers-online.ch\/fr\/produit\/pump-worx-beginners-power-pump-noir\/","title":{"rendered":"Pump Worx &#8211; Beginners Power Pump noir"},"content":{"rendered":"","protected":false},"excerpt":{"rendered":"<p>L&rsquo;ultime Pump Worx &#8211; Beginners Power Pump noir pour les d\u00e9butants, qui offre la possibilit\u00e9 d&rsquo;observer chaque changement du p\u00e9nis gr\u00e2ce \u00e0 son cylindre transparent. La queue va grandir jusqu&rsquo;\u00e0 une taille incroyable avec Beginners Power Pump ! \u00c0 chaque fois que tu appuieras sur la balle-pompe, ta barre deviendra plus \u00e9paisse et grandira de plus en plus. Pour plus de s\u00e9curit\u00e9, la pompe est \u00e9quip\u00e9e d&rsquo;une soupape d&rsquo;ouverture rapide qui assure une d\u00e9compression rapide. Pour prolonger l&rsquo;\u00e9rection, tu glisses l&rsquo;anneau p\u00e9nien fourni sur ton meilleur morceau. La manchette en caoutchouc est extensible et convient \u00e0 toutes les tailles de p\u00e9nis. Facile \u00e0 nettoyer \u00e0 l&rsquo;eau chaude ou avec un Toy Cleaner.<\/p>\n<ul>\n<li><strong>Longueur d&rsquo;insertion:<\/strong> environ 19 cm<\/li>\n<li><strong>longueur totale:<\/strong> environ 20 cm<\/li>\n<li><strong>diam\u00e8tre:<\/strong> environ 4,6 cm<\/li>\n<li><strong>Mat\u00e9riau:<\/strong> plastique ABS<\/li>\n<\/ul>\n","protected":false},"featured_media":77982,"comment_status":"closed","ping_status":"closed","template":"","meta":{"_acf_changed":false,"iawp_total_views":8,"_glsr_average":0,"_glsr_ranking":0,"_glsr_reviews":0},"product_brand":[],"product_cat":[2097,171],"product_tag":[1764],"class_list":{"0":"post-77985","1":"product","2":"type-product","3":"status-publish","4":"has-post-thumbnail","6":"product_cat-agrandir-penis","7":"product_cat-sex-toys","8":"product_tag-pump-worx-beginners-power-pump-noir","10":"first","11":"instock","12":"taxable","13":"shipping-taxable","14":"purchasable","15":"product-type-simple"},"acf":[],"_links":{"self":[{"href":"https:\/\/poppers-online.ch\/fr\/wp-json\/wp\/v2\/product\/77985","targetHints":{"allow":["GET"]}}],"collection":[{"href":"https:\/\/poppers-online.ch\/fr\/wp-json\/wp\/v2\/product"}],"about":[{"href":"https:\/\/poppers-online.ch\/fr\/wp-json\/wp\/v2\/types\/product"}],"replies":[{"embeddable":true,"href":"https:\/\/poppers-online.ch\/fr\/wp-json\/wp\/v2\/comments?post=77985"}],"wp:featuredmedia":[{"embeddable":true,"href":"https:\/\/poppers-online.ch\/fr\/wp-json\/wp\/v2\/media\/77982"}],"wp:attachment":[{"href":"https:\/\/poppers-online.ch\/fr\/wp-json\/wp\/v2\/media?parent=77985"}],"wp:term":[{"taxonomy":"product_brand","embeddable":true,"href":"https:\/\/poppers-online.ch\/fr\/wp-json\/wp\/v2\/product_brand?post=77985"},{"taxonomy":"product_cat","embeddable":true,"href":"https:\/\/poppers-online.ch\/fr\/wp-json\/wp\/v2\/product_cat?post=77985"},{"taxonomy":"product_tag","embeddable":true,"href":"https:\/\/poppers-online.ch\/fr\/wp-json\/wp\/v2\/product_tag?post=77985"}],"curies":[{"name":"wp","href":"https:\/\/api.w.org\/{rel}","templated":true}]}}