{"id":77845,"date":"2023-11-21T19:58:06","date_gmt":"2023-11-21T18:58:06","guid":{"rendered":"https:\/\/poppers-online.ch\/produkt\/cock-du-roi-28-cm-hollow-strap-on\/"},"modified":"2024-10-15T23:30:39","modified_gmt":"2024-10-15T21:30:39","slug":"king-cock-28-cm-hollow-strap-on","status":"publish","type":"product","link":"https:\/\/poppers-online.ch\/fr\/produit\/king-cock-28-cm-hollow-strap-on\/","title":{"rendered":"Cock du roi 28 cm Hollow Strap On"},"content":{"rendered":"","protected":false},"excerpt":{"rendered":"<p>Le King Cock 11 inch Hollow Strap-On est un syst\u00e8me de godemich\u00e9 \u00e0 sangler pour tous ceux d&rsquo;entre vous qui pr\u00e9f\u00e8rent les p\u00e9n\u00e9trations avec de plus gros calibres.<\/p>\n<p>Un godemich\u00e9 massif d&rsquo;une longueur totale d&rsquo;environ 28 cm et d&rsquo;un diam\u00e8tre d&rsquo;environ 6,4 cm est maintenu en place par ce syst\u00e8me de harnais avec bandouli\u00e8re. Le gode King Cock est creux \u00e0 l&rsquo;int\u00e9rieur pour pouvoir \u00e9galement accueillir ton p\u00e9nis. Le Hollow Strap-On s&rsquo;adapte parfaitement \u00e0 ton corps gr\u00e2ce aux bretelles r\u00e9glables et aux ceintures ajustables.<\/p>\n<p>Le godemich\u00e9 lui-m\u00eame est maintenu dans le Strap-On au moyen d&rsquo;un joint torique et d&rsquo;une sangle verrouillable et r\u00e9glable en longueur autour du shaft du godemich\u00e9. Les quatre sangles en nylon attach\u00e9es \u00e0 l&rsquo;anneau en O offrent une stabilit\u00e9 suppl\u00e9mentaire pour une approche plus intensive.<\/p>\n<p>Le Strap-On est en vinyle robuste et se place sur le corps \u00e0 l&rsquo;aide de sangles en nylon r\u00e9glables autour des hanches et sur les \u00e9paules. L&rsquo;anneau O en m\u00e9tal est reli\u00e9 au Strap-On par des boutons-pression. La sangle de maintien suppl\u00e9mentaire se place autour du corps du godemich\u00e9 \u00e0 l&rsquo;aide d&rsquo;une fermeture velcro.<\/p>\n<p>Le godemich\u00e9 King Cock 11 inch est fabriqu\u00e9 en PVC sans phtalates, respectueux du corps.<\/p>\n<p><strong>Inclus<\/strong><\/p>\n<ul>\n<li>Harnais Strap-On<\/li>\n<li>Godemich\u00e9 creux de 28 cm<\/li>\n<li>1 oz. gratuite Lotion corporelle hydratante<\/li>\n<li>1 oz. gratuite Refresh Toy Cleaner<\/li>\n<\/ul>\n<p><strong>Dimensions du godemich\u00e9:<\/strong><\/p>\n<ul>\n<li><strong>longueur totale:<\/strong> environ 28 cm<\/li>\n<li><strong>Longueur d&rsquo;insertion:<\/strong> environ 23 cm<\/li>\n<li><strong>diam\u00e8tre:<\/strong> environ 6.1 cm<\/li>\n<li><strong>diam\u00e8tre int\u00e9rieur:<\/strong> environ 4 cm<\/li>\n<\/ul>\n<p>Le harnais peut \u00eatre adapt\u00e9 \u00e0 toutes les tailles au moyen de sangles en nylon r\u00e9glables.<\/p>\n<ul>\n<li><strong>Mat\u00e9riau:<\/strong> PVC, ABS Plastic, vinyle<\/li>\n<li><strong>Couleur:<\/strong> Naturel<\/li>\n<\/ul>\n","protected":false},"featured_media":77842,"comment_status":"closed","ping_status":"closed","template":"","meta":{"_acf_changed":false,"iawp_total_views":28,"_glsr_average":0,"_glsr_ranking":0,"_glsr_reviews":0},"product_brand":[],"product_cat":[2097,2085,171],"product_tag":[1752],"class_list":{"0":"post-77845","1":"product","2":"type-product","3":"status-publish","4":"has-post-thumbnail","6":"product_cat-agrandir-penis","7":"product_cat-anal-play","8":"product_cat-sex-toys","9":"product_tag-cock-du-roi-28-cm-hollow-strap-on","11":"first","12":"outofstock","13":"taxable","14":"shipping-taxable","15":"purchasable","16":"product-type-simple"},"acf":[],"_links":{"self":[{"href":"https:\/\/poppers-online.ch\/fr\/wp-json\/wp\/v2\/product\/77845","targetHints":{"allow":["GET"]}}],"collection":[{"href":"https:\/\/poppers-online.ch\/fr\/wp-json\/wp\/v2\/product"}],"about":[{"href":"https:\/\/poppers-online.ch\/fr\/wp-json\/wp\/v2\/types\/product"}],"replies":[{"embeddable":true,"href":"https:\/\/poppers-online.ch\/fr\/wp-json\/wp\/v2\/comments?post=77845"}],"wp:featuredmedia":[{"embeddable":true,"href":"https:\/\/poppers-online.ch\/fr\/wp-json\/wp\/v2\/media\/77842"}],"wp:attachment":[{"href":"https:\/\/poppers-online.ch\/fr\/wp-json\/wp\/v2\/media?parent=77845"}],"wp:term":[{"taxonomy":"product_brand","embeddable":true,"href":"https:\/\/poppers-online.ch\/fr\/wp-json\/wp\/v2\/product_brand?post=77845"},{"taxonomy":"product_cat","embeddable":true,"href":"https:\/\/poppers-online.ch\/fr\/wp-json\/wp\/v2\/product_cat?post=77845"},{"taxonomy":"product_tag","embeddable":true,"href":"https:\/\/poppers-online.ch\/fr\/wp-json\/wp\/v2\/product_tag?post=77845"}],"curies":[{"name":"wp","href":"https:\/\/api.w.org\/{rel}","templated":true}]}}