{"id":77731,"date":"2023-11-21T18:56:03","date_gmt":"2023-11-21T17:56:03","guid":{"rendered":"https:\/\/poppers-online.ch\/produkt\/king-cock-with-balls-23-cm-vibromasseur-naturel\/"},"modified":"2024-10-15T23:30:40","modified_gmt":"2024-10-15T21:30:40","slug":"king-cock-with-balls-23-cm-vibrator-natural","status":"publish","type":"product","link":"https:\/\/poppers-online.ch\/fr\/produit\/king-cock-with-balls-23-cm-vibrator-natural\/","title":{"rendered":"King Cock with Balls 23 cm Vibromasseur naturel"},"content":{"rendered":"","protected":false},"excerpt":{"rendered":"<p>Vibromasseur r\u00e9aliste King Cock with Balls 23 cm naturel avec des testicules joliment form\u00e9s et une ventouse amovible. D\u00e8s la vue, on reconna\u00eet l&rsquo;artisanat affectueux et d\u00e9taill\u00e9 qui fait que ce vibromasseur se distingue \u00e0 peine d&rsquo;un vrai p\u00e9nis. \u00c0 l&rsquo;int\u00e9rieur, un puissant moteur vibrant te fait sentir sa force avec plaisir. Gr\u00e2ce \u00e0 une articulation interne, le godemich\u00e9 peut \u00eatre pli\u00e9 et courb\u00e9 dans diff\u00e9rentes positions pour une adaptation encore plus agr\u00e9able et meilleure aux contours de ton corps. Les diff\u00e9rentes intensit\u00e9s de vibration sont activ\u00e9es et r\u00e9gl\u00e9es par un commutateur rotatif. Un pied ventouse amovible permet une fixation solide sur les surfaces lisses et permet de profiter des vibrations sans les mains. La base extr\u00eamement absorbante est reli\u00e9e au vibromasseur par un filetage et sert \u00e9galement de support lors de l&rsquo;utilisation avec des strap-on. Le vibromasseur King Cock est fabriqu\u00e9 en PVC super r\u00e9aliste, sans phtalate ni latex et respectueux du corps. 100% \u00e9tanche et utilisable avec des gels lubrifiants \u00e0 base d&rsquo;eau. Le moteur puissant est aliment\u00e9 par 3 piles AAA.<\/p>\n<ul>\n<li><strong>Longueur d&rsquo;insertion:<\/strong> environ 19 cm<\/li>\n<li><strong>longueur:<\/strong> environ 23 cm<\/li>\n<li><strong>diam\u00e8tre:<\/strong> environ 5,5 cm<\/li>\n<li><strong>Piles:<\/strong> 3 piles AAA (non incluses)<\/li>\n<li><strong>Mat\u00e9riau:<\/strong> PVC, plastique ABS<\/li>\n<\/ul>\n","protected":false},"featured_media":77704,"comment_status":"closed","ping_status":"closed","template":"","meta":{"_acf_changed":false,"iawp_total_views":2,"_glsr_average":0,"_glsr_ranking":0,"_glsr_reviews":0},"product_brand":[],"product_cat":[2085,171],"product_tag":[1736],"class_list":{"0":"post-77731","1":"product","2":"type-product","3":"status-publish","4":"has-post-thumbnail","6":"product_cat-anal-play","7":"product_cat-sex-toys","8":"product_tag-king-cock-with-balls-23-cm-vibromasseur-naturel","10":"first","11":"instock","12":"taxable","13":"shipping-taxable","14":"purchasable","15":"product-type-simple"},"acf":[],"_links":{"self":[{"href":"https:\/\/poppers-online.ch\/fr\/wp-json\/wp\/v2\/product\/77731","targetHints":{"allow":["GET"]}}],"collection":[{"href":"https:\/\/poppers-online.ch\/fr\/wp-json\/wp\/v2\/product"}],"about":[{"href":"https:\/\/poppers-online.ch\/fr\/wp-json\/wp\/v2\/types\/product"}],"replies":[{"embeddable":true,"href":"https:\/\/poppers-online.ch\/fr\/wp-json\/wp\/v2\/comments?post=77731"}],"wp:featuredmedia":[{"embeddable":true,"href":"https:\/\/poppers-online.ch\/fr\/wp-json\/wp\/v2\/media\/77704"}],"wp:attachment":[{"href":"https:\/\/poppers-online.ch\/fr\/wp-json\/wp\/v2\/media?parent=77731"}],"wp:term":[{"taxonomy":"product_brand","embeddable":true,"href":"https:\/\/poppers-online.ch\/fr\/wp-json\/wp\/v2\/product_brand?post=77731"},{"taxonomy":"product_cat","embeddable":true,"href":"https:\/\/poppers-online.ch\/fr\/wp-json\/wp\/v2\/product_cat?post=77731"},{"taxonomy":"product_tag","embeddable":true,"href":"https:\/\/poppers-online.ch\/fr\/wp-json\/wp\/v2\/product_tag?post=77731"}],"curies":[{"name":"wp","href":"https:\/\/api.w.org\/{rel}","templated":true}]}}