{"id":77619,"date":"2023-11-21T15:24:05","date_gmt":"2023-11-21T14:24:05","guid":{"rendered":"https:\/\/poppers-online.ch\/produkt\/king-cock-double-penetrateur-15cm\/"},"modified":"2024-10-15T23:30:42","modified_gmt":"2024-10-15T21:30:42","slug":"king-cock-double-penetrator-15cm","status":"publish","type":"product","link":"https:\/\/poppers-online.ch\/fr\/produit\/king-cock-double-penetrator-15cm\/","title":{"rendered":"King Cock Double P\u00e9n\u00e9trateur 15cm"},"content":{"rendered":"","protected":false},"excerpt":{"rendered":"<p>Strap-on compatible King Cock Double Penetrator 15cm avec ventouse.<\/p>\n<p>Un double de la nature ! Godemich\u00e9 naturel tr\u00e8s r\u00e9aliste avec gland et veines prononc\u00e9s, adapt\u00e9 \u00e0 la double p\u00e9n\u00e9tration. La ventouse permet de monter \u00e0 cheval sans les mains. Bien entendu, cette bonne pi\u00e8ce est \u00e9galement compatible avec les strap-ons.<\/p>\n<p><strong>Couleur:<\/strong> couleur chair claire.<\/p>\n<p><strong>Mat\u00e9riau:<\/strong> PVC.<\/p>\n<ul>\n<li>Double godemich\u00e9 naturel<\/li>\n<li>Gland et veines prononc\u00e9s<\/li>\n<li>Avec pied ventouse et compatible avec le strap-on<\/li>\n<\/ul>\n<p>Longueur totale 21 cm, longueur d&rsquo;insertion 15,2 cm, longueur d&rsquo;insertion courte 11,4 cm, \u00d8 long 4,1 cm, \u00d8 court 3,3 cm.<\/p>\n","protected":false},"featured_media":77616,"comment_status":"closed","ping_status":"closed","template":"","meta":{"_acf_changed":false,"iawp_total_views":11,"_glsr_average":0,"_glsr_ranking":0,"_glsr_reviews":0},"product_brand":[],"product_cat":[2085,171],"product_tag":[],"class_list":{"0":"post-77619","1":"product","2":"type-product","3":"status-publish","4":"has-post-thumbnail","6":"product_cat-anal-play","7":"product_cat-sex-toys","9":"first","10":"instock","11":"taxable","12":"shipping-taxable","13":"purchasable","14":"product-type-simple"},"acf":[],"_links":{"self":[{"href":"https:\/\/poppers-online.ch\/fr\/wp-json\/wp\/v2\/product\/77619","targetHints":{"allow":["GET"]}}],"collection":[{"href":"https:\/\/poppers-online.ch\/fr\/wp-json\/wp\/v2\/product"}],"about":[{"href":"https:\/\/poppers-online.ch\/fr\/wp-json\/wp\/v2\/types\/product"}],"replies":[{"embeddable":true,"href":"https:\/\/poppers-online.ch\/fr\/wp-json\/wp\/v2\/comments?post=77619"}],"wp:featuredmedia":[{"embeddable":true,"href":"https:\/\/poppers-online.ch\/fr\/wp-json\/wp\/v2\/media\/77616"}],"wp:attachment":[{"href":"https:\/\/poppers-online.ch\/fr\/wp-json\/wp\/v2\/media?parent=77619"}],"wp:term":[{"taxonomy":"product_brand","embeddable":true,"href":"https:\/\/poppers-online.ch\/fr\/wp-json\/wp\/v2\/product_brand?post=77619"},{"taxonomy":"product_cat","embeddable":true,"href":"https:\/\/poppers-online.ch\/fr\/wp-json\/wp\/v2\/product_cat?post=77619"},{"taxonomy":"product_tag","embeddable":true,"href":"https:\/\/poppers-online.ch\/fr\/wp-json\/wp\/v2\/product_tag?post=77619"}],"curies":[{"name":"wp","href":"https:\/\/api.w.org\/{rel}","templated":true}]}}