{"id":77543,"date":"2023-11-21T14:37:00","date_gmt":"2023-11-21T13:37:00","guid":{"rendered":"https:\/\/poppers-online.ch\/produkt\/king-cock-30cm-slim-double-godemiche\/"},"modified":"2024-10-15T23:30:43","modified_gmt":"2024-10-15T21:30:43","slug":"double-godemiche-king-cock-30cm-slim","status":"publish","type":"product","link":"https:\/\/poppers-online.ch\/fr\/produit\/double-godemiche-king-cock-30cm-slim\/","title":{"rendered":"King Cock 30cm Slim double godemich\u00e9"},"content":{"rendered":"","protected":false},"excerpt":{"rendered":"<p>Avec ou sans partenaire &#8211; avec ce double godemich\u00e9 flexible King Cock 30cm Slim, tes zones de plaisir seront satisfaites \u00e0 coup s\u00fbr. Avec ses deux extr\u00e9mit\u00e9s de gland et sa structure de surface r\u00e9aliste, ce jouet ne fait pas l&rsquo;impasse sur un vrai p\u00e9nis.<\/p>\n<p>Gr\u00e2ce \u00e0 sa nature flexible, le double godemich\u00e9 peut \u00e9galement \u00eatre utilis\u00e9 pour une double p\u00e9n\u00e9tration fantastique. Sa texture douce donne la sensation d&rsquo;une vraie peau.<\/p>\n<p>Le godemich\u00e9 Slim Double est fabriqu\u00e9 en PVC anallergique, respectueux du corps et exempt de phtalates et de latex.<\/p>\n<ul>\n<li><strong>longueur totale:<\/strong> environ 30 cm<\/li>\n<li><strong>diam\u00e8tre:<\/strong> environ 3,5 cm<\/li>\n<li><strong>Mat\u00e9riau:<\/strong> PVC<\/li>\n<li><strong>Couleur:<\/strong> Naturel<\/li>\n<\/ul>\n","protected":false},"featured_media":77536,"comment_status":"closed","ping_status":"closed","template":"","meta":{"_acf_changed":false,"iawp_total_views":7,"_glsr_average":0,"_glsr_ranking":0,"_glsr_reviews":0},"product_brand":[],"product_cat":[2085,171],"product_tag":[1712],"class_list":{"0":"post-77543","1":"product","2":"type-product","3":"status-publish","4":"has-post-thumbnail","6":"product_cat-anal-play","7":"product_cat-sex-toys","8":"product_tag-king-cock-30cm-slim-double-godemiche","10":"first","11":"outofstock","12":"taxable","13":"shipping-taxable","14":"purchasable","15":"product-type-simple"},"acf":[],"_links":{"self":[{"href":"https:\/\/poppers-online.ch\/fr\/wp-json\/wp\/v2\/product\/77543","targetHints":{"allow":["GET"]}}],"collection":[{"href":"https:\/\/poppers-online.ch\/fr\/wp-json\/wp\/v2\/product"}],"about":[{"href":"https:\/\/poppers-online.ch\/fr\/wp-json\/wp\/v2\/types\/product"}],"replies":[{"embeddable":true,"href":"https:\/\/poppers-online.ch\/fr\/wp-json\/wp\/v2\/comments?post=77543"}],"wp:featuredmedia":[{"embeddable":true,"href":"https:\/\/poppers-online.ch\/fr\/wp-json\/wp\/v2\/media\/77536"}],"wp:attachment":[{"href":"https:\/\/poppers-online.ch\/fr\/wp-json\/wp\/v2\/media?parent=77543"}],"wp:term":[{"taxonomy":"product_brand","embeddable":true,"href":"https:\/\/poppers-online.ch\/fr\/wp-json\/wp\/v2\/product_brand?post=77543"},{"taxonomy":"product_cat","embeddable":true,"href":"https:\/\/poppers-online.ch\/fr\/wp-json\/wp\/v2\/product_cat?post=77543"},{"taxonomy":"product_tag","embeddable":true,"href":"https:\/\/poppers-online.ch\/fr\/wp-json\/wp\/v2\/product_tag?post=77543"}],"curies":[{"name":"wp","href":"https:\/\/api.w.org\/{rel}","templated":true}]}}