{"id":77419,"date":"2023-11-21T13:33:42","date_gmt":"2023-11-21T12:33:42","guid":{"rendered":"https:\/\/poppers-online.ch\/produkt\/gode-king-cock-triple-densite-13cm\/"},"modified":"2024-10-15T23:30:45","modified_gmt":"2024-10-15T21:30:45","slug":"king-cock-triple-densite-dildo-13cm","status":"publish","type":"product","link":"https:\/\/poppers-online.ch\/fr\/produit\/king-cock-triple-densite-dildo-13cm\/","title":{"rendered":"Gode King Cock Triple Densit\u00e9 13cm"},"content":{"rendered":"","protected":false},"excerpt":{"rendered":"<p>Gode r\u00e9aliste de 5 pouces avec des testicules joliment form\u00e9s et une ventouse. D\u00e8s la vue, on reconna\u00eet l&rsquo;artisanat affectueux et d\u00e9taill\u00e9 qui fait que ce godemich\u00e9 se distingue \u00e0 peine d&rsquo;un vrai p\u00e9nis. Ce fantastique King Cock est doux \u00e0 l&rsquo;ext\u00e9rieur et dur \u00e0 l&rsquo;int\u00e9rieur et t&rsquo;offre ainsi la sensation ultime d&rsquo;une vraie peau douce et d&rsquo;une partie dure comme la pierre. La ventouse puissante assure encore le maintien n\u00e9cessaire. \u00c0 utiliser avec un gel lubrifiant \u00e0 base d&rsquo;eau.<\/p>\n<ul>\n<li><strong>Longueur d&rsquo;insertion:<\/strong> environ 12,7 cm<\/li>\n<li><strong>longueur:<\/strong> environ 17.8 cm<\/li>\n<li><strong>diam\u00e8tre:<\/strong> environ 4,1 cm<\/li>\n<li><strong>Mat\u00e9riau:<\/strong> TPE<\/li>\n<\/ul>\n","protected":false},"featured_media":77388,"comment_status":"closed","ping_status":"closed","template":"","meta":{"_acf_changed":false,"iawp_total_views":8,"_glsr_average":0,"_glsr_ranking":0,"_glsr_reviews":0},"product_brand":[],"product_cat":[2085,171],"product_tag":[1696],"class_list":{"0":"post-77419","1":"product","2":"type-product","3":"status-publish","4":"has-post-thumbnail","6":"product_cat-anal-play","7":"product_cat-sex-toys","8":"product_tag-gode-king-cock-triple-densite-13cm","10":"first","11":"outofstock","12":"taxable","13":"shipping-taxable","14":"purchasable","15":"product-type-simple"},"acf":[],"_links":{"self":[{"href":"https:\/\/poppers-online.ch\/fr\/wp-json\/wp\/v2\/product\/77419","targetHints":{"allow":["GET"]}}],"collection":[{"href":"https:\/\/poppers-online.ch\/fr\/wp-json\/wp\/v2\/product"}],"about":[{"href":"https:\/\/poppers-online.ch\/fr\/wp-json\/wp\/v2\/types\/product"}],"replies":[{"embeddable":true,"href":"https:\/\/poppers-online.ch\/fr\/wp-json\/wp\/v2\/comments?post=77419"}],"wp:featuredmedia":[{"embeddable":true,"href":"https:\/\/poppers-online.ch\/fr\/wp-json\/wp\/v2\/media\/77388"}],"wp:attachment":[{"href":"https:\/\/poppers-online.ch\/fr\/wp-json\/wp\/v2\/media?parent=77419"}],"wp:term":[{"taxonomy":"product_brand","embeddable":true,"href":"https:\/\/poppers-online.ch\/fr\/wp-json\/wp\/v2\/product_brand?post=77419"},{"taxonomy":"product_cat","embeddable":true,"href":"https:\/\/poppers-online.ch\/fr\/wp-json\/wp\/v2\/product_cat?post=77419"},{"taxonomy":"product_tag","embeddable":true,"href":"https:\/\/poppers-online.ch\/fr\/wp-json\/wp\/v2\/product_tag?post=77419"}],"curies":[{"name":"wp","href":"https:\/\/api.w.org\/{rel}","templated":true}]}}