{"id":77254,"date":"2023-11-20T18:34:54","date_gmt":"2023-11-20T17:44:57","guid":{"rendered":"https:\/\/poppers-online.ch\/?post_type=product&#038;p=77254"},"modified":"2024-10-15T23:30:46","modified_gmt":"2024-10-15T21:30:46","slug":"colt-master-cleanser-anal-douche","status":"publish","type":"product","link":"https:\/\/poppers-online.ch\/fr\/produit\/colt-master-cleanser-anal-douche\/","title":{"rendered":"COLT Master Cleanser Anal douche"},"content":{"rendered":"","protected":false},"excerpt":{"rendered":"<p>COLT Master Cleanser Douche anale sous forme de seringue pour un dosage cibl\u00e9 et pr\u00e9cis de ton liquide pr\u00e9f\u00e9r\u00e9. La poign\u00e9e de traction et de maintien permet de prendre ou d&rsquo;appliquer le liquide. Le r\u00e9servoir peut contenir jusqu&rsquo;\u00e0 100 ml. La douche anale a une t\u00eate flexible pour un positionnement et une application faciles. Bien s\u00fbr, tu peux aussi utiliser la nouvelle super seringue pour le gel lubrifiant. Le Colt Master Cleanser, respectueux du corps et d&rsquo;une hygi\u00e8ne irr\u00e9prochable, peut \u00eatre d\u00e9mont\u00e9 en ses diff\u00e9rentes parties pour un nettoyage facile.<\/p>\n<ul>\n<li><strong>Longueur de la pointe:<\/strong> env. 12 cm<\/li>\n<li><strong>Longueur totale:<\/strong> env. 25 cm (sans poign\u00e9e de traction et de maintien)<\/li>\n<li><strong>Mat\u00e9riau:<\/strong> PP (pointe), PVC (tige)<\/li>\n<\/ul>\n","protected":false},"featured_media":77249,"comment_status":"closed","ping_status":"closed","template":"","meta":{"_acf_changed":false,"iawp_total_views":9,"_glsr_average":0,"_glsr_ranking":0,"_glsr_reviews":0},"product_brand":[],"product_cat":[2064,166],"product_tag":[],"class_list":{"0":"post-77254","1":"product","2":"type-product","3":"status-publish","4":"has-post-thumbnail","6":"product_cat-douche-anale","7":"product_cat-droguerie","9":"first","10":"instock","11":"taxable","12":"shipping-taxable","13":"purchasable","14":"product-type-simple"},"acf":[],"_links":{"self":[{"href":"https:\/\/poppers-online.ch\/fr\/wp-json\/wp\/v2\/product\/77254","targetHints":{"allow":["GET"]}}],"collection":[{"href":"https:\/\/poppers-online.ch\/fr\/wp-json\/wp\/v2\/product"}],"about":[{"href":"https:\/\/poppers-online.ch\/fr\/wp-json\/wp\/v2\/types\/product"}],"replies":[{"embeddable":true,"href":"https:\/\/poppers-online.ch\/fr\/wp-json\/wp\/v2\/comments?post=77254"}],"wp:featuredmedia":[{"embeddable":true,"href":"https:\/\/poppers-online.ch\/fr\/wp-json\/wp\/v2\/media\/77249"}],"wp:attachment":[{"href":"https:\/\/poppers-online.ch\/fr\/wp-json\/wp\/v2\/media?parent=77254"}],"wp:term":[{"taxonomy":"product_brand","embeddable":true,"href":"https:\/\/poppers-online.ch\/fr\/wp-json\/wp\/v2\/product_brand?post=77254"},{"taxonomy":"product_cat","embeddable":true,"href":"https:\/\/poppers-online.ch\/fr\/wp-json\/wp\/v2\/product_cat?post=77254"},{"taxonomy":"product_tag","embeddable":true,"href":"https:\/\/poppers-online.ch\/fr\/wp-json\/wp\/v2\/product_tag?post=77254"}],"curies":[{"name":"wp","href":"https:\/\/api.w.org\/{rel}","templated":true}]}}