{"id":77236,"date":"2023-11-20T15:46:58","date_gmt":"2023-11-20T14:59:59","guid":{"rendered":"https:\/\/poppers-online.ch\/produkt\/colt-rechargeable-anal-t-plug\/"},"modified":"2024-10-15T23:30:47","modified_gmt":"2024-10-15T21:30:47","slug":"colt-rechargeable-anal-t-plug","status":"publish","type":"product","link":"https:\/\/poppers-online.ch\/fr\/produit\/colt-rechargeable-anal-t-plug\/","title":{"rendered":"COLT Rechargeable Anal-T Plug"},"content":{"rendered":"","protected":false},"excerpt":{"rendered":"<p>Le <strong>Colt Rechargeable Anal-T<\/strong> apporte un plaisir puissant \u00e0 un jouet tr\u00e8s appr\u00e9ci\u00e9 des fans. Le design multidirectionnel avec 10 fonctions de vibration puissantes permet \u00e0 cette sonde de s&rsquo;adapter \u00e0 tes mouvements et de te stimuler intens\u00e9ment.<\/p>\n<p>Profite de ton plaisir personnel en passant par chacune des 10 puissantes fonctions de vibration. Le stimulateur circulaire et la base sensuellement incurv\u00e9e vous plongeront certainement, toi et ton amant, dans une pure extase. Tandis que le moteur puissant assure des vibrations agr\u00e9ables, le corps fin et flexible peut \u00eatre positionn\u00e9 dans diff\u00e9rentes directions pour que tu puisses assouvir tous tes d\u00e9licieux d\u00e9sirs.<\/p>\n<p>Que tu prennes un bain avec un amant ou que tu t&rsquo;adonnes \u00e0 une session solo vaporeuse, r\u00e9jouis-toi d&rsquo;une vibration \u00e9tanche jusqu&rsquo;\u00e0 110 minutes. Gr\u00e2ce au c\u00e2ble USB fourni, tu peux recharger ton plaisir et retourner au jeu en seulement 1,5 heure. La puce m\u00e9moire high-tech permet \u00e0 la sonde de savoir exactement ce que tu aimes en enregistrant la derni\u00e8re fonction utilis\u00e9e.<\/p>\n","protected":false},"featured_media":77209,"comment_status":"closed","ping_status":"closed","template":"","meta":{"_acf_changed":false,"iawp_total_views":11,"_glsr_average":0,"_glsr_ranking":0,"_glsr_reviews":0},"product_brand":[],"product_cat":[2085,171],"product_tag":[1685],"class_list":{"0":"post-77236","1":"product","2":"type-product","3":"status-publish","4":"has-post-thumbnail","6":"product_cat-anal-play","7":"product_cat-sex-toys","8":"product_tag-colt-rechargeable-anal-t-plug-fr","10":"first","11":"instock","12":"taxable","13":"shipping-taxable","14":"purchasable","15":"product-type-simple"},"acf":[],"_links":{"self":[{"href":"https:\/\/poppers-online.ch\/fr\/wp-json\/wp\/v2\/product\/77236","targetHints":{"allow":["GET"]}}],"collection":[{"href":"https:\/\/poppers-online.ch\/fr\/wp-json\/wp\/v2\/product"}],"about":[{"href":"https:\/\/poppers-online.ch\/fr\/wp-json\/wp\/v2\/types\/product"}],"replies":[{"embeddable":true,"href":"https:\/\/poppers-online.ch\/fr\/wp-json\/wp\/v2\/comments?post=77236"}],"wp:featuredmedia":[{"embeddable":true,"href":"https:\/\/poppers-online.ch\/fr\/wp-json\/wp\/v2\/media\/77209"}],"wp:attachment":[{"href":"https:\/\/poppers-online.ch\/fr\/wp-json\/wp\/v2\/media?parent=77236"}],"wp:term":[{"taxonomy":"product_brand","embeddable":true,"href":"https:\/\/poppers-online.ch\/fr\/wp-json\/wp\/v2\/product_brand?post=77236"},{"taxonomy":"product_cat","embeddable":true,"href":"https:\/\/poppers-online.ch\/fr\/wp-json\/wp\/v2\/product_cat?post=77236"},{"taxonomy":"product_tag","embeddable":true,"href":"https:\/\/poppers-online.ch\/fr\/wp-json\/wp\/v2\/product_tag?post=77236"}],"curies":[{"name":"wp","href":"https:\/\/api.w.org\/{rel}","templated":true}]}}