{"id":77204,"date":"2023-11-20T15:40:14","date_gmt":"2023-11-20T14:42:21","guid":{"rendered":"https:\/\/poppers-online.ch\/produkt\/colt-snug-grip\/"},"modified":"2024-10-15T23:30:47","modified_gmt":"2024-10-15T21:30:47","slug":"colt-snug-grip","status":"publish","type":"product","link":"https:\/\/poppers-online.ch\/fr\/produit\/colt-snug-grip\/","title":{"rendered":"COLT Snug Grip"},"content":{"rendered":"","protected":false},"excerpt":{"rendered":"<p>Incroyable mais vrai : avec le Snug Grip, Colt a cr\u00e9\u00e9 un autre point fort pour le monde des cockrings.<\/p>\n<p>Avec ce jouet extensible et confortable, ta vie amoureuse sera encore plus enrichie et ta stimulation augmentera \u00e0 chaque fois. La possibilit\u00e9 de porter Snug Grip comme cockring et en m\u00eame temps sur les testicules ouvre de toutes nouvelles possibilit\u00e9s \u00e0 tes sensations de plaisir.<\/p>\n<p>Pour mettre le jouet en place, il te suffit d&rsquo;ins\u00e9rer ton p\u00e9nis dans le trou rond en veillant \u00e0 ce que la partie aplatie se trouve sur la partie inf\u00e9rieure du manche. Une fois que l&rsquo;anneau est arriv\u00e9 \u00e0 la base du p\u00e9nis, place tes testicules \u00e0 travers le balltugger. Tu verras d\u00e9j\u00e0 pourquoi cet accessoire est un ajout fantastique \u00e0 ta collection. La traction vers le bas pr\u00e9pare parfaitement ton orgasme intense, tandis que l&rsquo;anneau p\u00e9nien te permet de tenir nettement plus longtemps gr\u00e2ce \u00e0 ton \u00e9rection plus rebondie.<\/p>\n<p>Pour augmenter encore ton plaisir, Colt Snug Grip est compatible avec tous les gels lubrifiants \u00e0 base d&rsquo;eau. Le TPE doux pour le corps se nettoie rapidement et facilement avec de l&rsquo;eau chaude savonneuse ou du Toy Cleaner.<\/p>\n<p>Profite de cette exp\u00e9rience passionnante et admire tout ce que tu peux accomplir avec ce jouet chaud.<\/p>\n<p><strong>D\u00e9tails du produit :<\/strong><\/p>\n<ul>\n<li>Cockring et Ball-Tugger tout en un<\/li>\n<li>extra extensible<\/li>\n<li>confortable et efficace<\/li>\n<li>r\u00e9sistant \u00e0 l&rsquo;eau<\/li>\n<li>sans phtalates<\/li>\n<\/ul>\n<ul>\n<li><strong>longueur:<\/strong> environ 7 cm<\/li>\n<li><strong>\u00c9paisseur:<\/strong> env. 1,2 &#8211; 2,1 cm<\/li>\n<li><strong>diam\u00e8tre int\u00e9rieur:<\/strong> environ 4 cm<\/li>\n<li><strong>Mat\u00e9riau:<\/strong> TPE<\/li>\n<li><strong>couleur:<\/strong> noir<\/li>\n<\/ul>\n","protected":false},"featured_media":77185,"comment_status":"closed","ping_status":"closed","template":"","meta":{"_acf_changed":false,"iawp_total_views":2,"_glsr_average":0,"_glsr_ranking":0,"_glsr_reviews":0},"product_brand":[],"product_cat":[2091,171],"product_tag":[1681],"class_list":{"0":"post-77204","1":"product","2":"type-product","3":"status-publish","4":"has-post-thumbnail","6":"product_cat-cock-play","7":"product_cat-sex-toys","8":"product_tag-colt-snug-grip-fr","10":"first","11":"instock","12":"taxable","13":"shipping-taxable","14":"purchasable","15":"product-type-simple"},"acf":[],"_links":{"self":[{"href":"https:\/\/poppers-online.ch\/fr\/wp-json\/wp\/v2\/product\/77204","targetHints":{"allow":["GET"]}}],"collection":[{"href":"https:\/\/poppers-online.ch\/fr\/wp-json\/wp\/v2\/product"}],"about":[{"href":"https:\/\/poppers-online.ch\/fr\/wp-json\/wp\/v2\/types\/product"}],"replies":[{"embeddable":true,"href":"https:\/\/poppers-online.ch\/fr\/wp-json\/wp\/v2\/comments?post=77204"}],"wp:featuredmedia":[{"embeddable":true,"href":"https:\/\/poppers-online.ch\/fr\/wp-json\/wp\/v2\/media\/77185"}],"wp:attachment":[{"href":"https:\/\/poppers-online.ch\/fr\/wp-json\/wp\/v2\/media?parent=77204"}],"wp:term":[{"taxonomy":"product_brand","embeddable":true,"href":"https:\/\/poppers-online.ch\/fr\/wp-json\/wp\/v2\/product_brand?post=77204"},{"taxonomy":"product_cat","embeddable":true,"href":"https:\/\/poppers-online.ch\/fr\/wp-json\/wp\/v2\/product_cat?post=77204"},{"taxonomy":"product_tag","embeddable":true,"href":"https:\/\/poppers-online.ch\/fr\/wp-json\/wp\/v2\/product_tag?post=77204"}],"curies":[{"name":"wp","href":"https:\/\/api.w.org\/{rel}","templated":true}]}}