{"id":77176,"date":"2023-11-20T15:24:07","date_gmt":"2023-11-20T14:24:07","guid":{"rendered":"https:\/\/poppers-online.ch\/produkt\/colt-slugger\/"},"modified":"2024-10-15T23:30:48","modified_gmt":"2024-10-15T21:30:48","slug":"colt-slugger","status":"publish","type":"product","link":"https:\/\/poppers-online.ch\/fr\/produit\/colt-slugger\/","title":{"rendered":"Colt Slugger"},"content":{"rendered":"","protected":false},"excerpt":{"rendered":"<p>Des baguettes \u00e0 la raquette ! Pas de probl\u00e8me &#8211; Colt Slugger agrandit ton p\u00e9nis jusqu&rsquo;\u00e0 4 cm de longueur avec un peu d&rsquo;effort. La manchette \u00e0 p\u00e9nis est fabriqu\u00e9e dans un mat\u00e9riau PureSkin super doux, agr\u00e9able au toucher et tr\u00e8s flexible. Il convient m\u00eame \u00e0 l&rsquo;homme le plus fier, car plus grand, \u00e7a va toujours !!! La pointe est en outre renforc\u00e9e, ce qui garantit un plaisir passif accru. L&rsquo;int\u00e9rieur est \u00e0 picots et renforce la stimulation du c\u00f4t\u00e9 actif. Une chose &#8211; deux partenaires satisfaits. L&rsquo;anneau testiculaire int\u00e9gr\u00e9 s&rsquo;enfile autour du scrotum et garantit ainsi un plaisir sans souci.<\/p>\n<ul>\n<li><strong>longueur (non \u00e9tir\u00e9e):<\/strong> environ 16 cm<\/li>\n<li><strong>Mat\u00e9riau:<\/strong> TPE<\/li>\n<li><strong>Couleur:<\/strong> Noir<\/li>\n<\/ul>\n","protected":false},"featured_media":77168,"comment_status":"closed","ping_status":"closed","template":"","meta":{"_acf_changed":false,"iawp_total_views":7,"_glsr_average":0,"_glsr_ranking":0,"_glsr_reviews":0},"product_brand":[],"product_cat":[2097,2091,171],"product_tag":[1677],"class_list":{"0":"post-77176","1":"product","2":"type-product","3":"status-publish","4":"has-post-thumbnail","6":"product_cat-agrandir-penis","7":"product_cat-cock-play","8":"product_cat-sex-toys","9":"product_tag-colt-slugger-fr","11":"first","12":"outofstock","13":"taxable","14":"shipping-taxable","15":"purchasable","16":"product-type-simple"},"acf":[],"_links":{"self":[{"href":"https:\/\/poppers-online.ch\/fr\/wp-json\/wp\/v2\/product\/77176","targetHints":{"allow":["GET"]}}],"collection":[{"href":"https:\/\/poppers-online.ch\/fr\/wp-json\/wp\/v2\/product"}],"about":[{"href":"https:\/\/poppers-online.ch\/fr\/wp-json\/wp\/v2\/types\/product"}],"replies":[{"embeddable":true,"href":"https:\/\/poppers-online.ch\/fr\/wp-json\/wp\/v2\/comments?post=77176"}],"wp:featuredmedia":[{"embeddable":true,"href":"https:\/\/poppers-online.ch\/fr\/wp-json\/wp\/v2\/media\/77168"}],"wp:attachment":[{"href":"https:\/\/poppers-online.ch\/fr\/wp-json\/wp\/v2\/media?parent=77176"}],"wp:term":[{"taxonomy":"product_brand","embeddable":true,"href":"https:\/\/poppers-online.ch\/fr\/wp-json\/wp\/v2\/product_brand?post=77176"},{"taxonomy":"product_cat","embeddable":true,"href":"https:\/\/poppers-online.ch\/fr\/wp-json\/wp\/v2\/product_cat?post=77176"},{"taxonomy":"product_tag","embeddable":true,"href":"https:\/\/poppers-online.ch\/fr\/wp-json\/wp\/v2\/product_tag?post=77176"}],"curies":[{"name":"wp","href":"https:\/\/api.w.org\/{rel}","templated":true}]}}