{"id":77163,"date":"2023-11-20T15:18:10","date_gmt":"2023-11-20T14:18:10","guid":{"rendered":"https:\/\/poppers-online.ch\/produkt\/colt-power-stroker\/"},"modified":"2024-10-15T23:30:48","modified_gmt":"2024-10-15T21:30:48","slug":"colt-power-stroker","status":"publish","type":"product","link":"https:\/\/poppers-online.ch\/fr\/produit\/colt-power-stroker\/","title":{"rendered":"COLT Power STROKER"},"content":{"rendered":"","protected":false},"excerpt":{"rendered":"<p>Le Power Stroker de COLT te donnera quelques orgasmes bombastiques. La forme ext\u00e9rieure du masturbateur est inspir\u00e9e d&rsquo;une grenade \u00e0 main. Mais si c&rsquo;est plut\u00f4t pour le plaisir des yeux, la mati\u00e8re fait en sorte que tu exploses de d\u00e9sir. Le Power Stroker est serr\u00e9, tout en \u00e9tant fabriqu\u00e9 dans un mat\u00e9riau super doux et tr\u00e8s extensible. \u00c7a fait tr\u00e8s vrai. Pas besoin d&rsquo;un grand mode d&#8217;emploi : mets ta queue dans la petite rosace \u00e9troite en plastique et tu partiras comme une grenade. \u00c0 l&rsquo;\u00e9preuve des bombes.<\/p>\n<ul>\n<li><strong>Mat\u00e9riau:<\/strong> Futurotic TM<\/li>\n<li><strong>longueur:<\/strong> environ 12 cm<\/li>\n<\/ul>\n","protected":false},"featured_media":77159,"comment_status":"closed","ping_status":"closed","template":"","meta":{"_acf_changed":false,"iawp_total_views":7,"_glsr_average":0,"_glsr_ranking":0,"_glsr_reviews":0},"product_brand":[],"product_cat":[2085,171],"product_tag":[1673],"class_list":{"0":"post-77163","1":"product","2":"type-product","3":"status-publish","4":"has-post-thumbnail","6":"product_cat-anal-play","7":"product_cat-sex-toys","8":"product_tag-colt-power-stroker-fr","10":"first","11":"outofstock","12":"taxable","13":"shipping-taxable","14":"purchasable","15":"product-type-simple"},"acf":[],"_links":{"self":[{"href":"https:\/\/poppers-online.ch\/fr\/wp-json\/wp\/v2\/product\/77163","targetHints":{"allow":["GET"]}}],"collection":[{"href":"https:\/\/poppers-online.ch\/fr\/wp-json\/wp\/v2\/product"}],"about":[{"href":"https:\/\/poppers-online.ch\/fr\/wp-json\/wp\/v2\/types\/product"}],"replies":[{"embeddable":true,"href":"https:\/\/poppers-online.ch\/fr\/wp-json\/wp\/v2\/comments?post=77163"}],"wp:featuredmedia":[{"embeddable":true,"href":"https:\/\/poppers-online.ch\/fr\/wp-json\/wp\/v2\/media\/77159"}],"wp:attachment":[{"href":"https:\/\/poppers-online.ch\/fr\/wp-json\/wp\/v2\/media?parent=77163"}],"wp:term":[{"taxonomy":"product_brand","embeddable":true,"href":"https:\/\/poppers-online.ch\/fr\/wp-json\/wp\/v2\/product_brand?post=77163"},{"taxonomy":"product_cat","embeddable":true,"href":"https:\/\/poppers-online.ch\/fr\/wp-json\/wp\/v2\/product_cat?post=77163"},{"taxonomy":"product_tag","embeddable":true,"href":"https:\/\/poppers-online.ch\/fr\/wp-json\/wp\/v2\/product_tag?post=77163"}],"curies":[{"name":"wp","href":"https:\/\/api.w.org\/{rel}","templated":true}]}}