{"id":77123,"date":"2023-11-20T14:54:03","date_gmt":"2023-11-20T13:58:47","guid":{"rendered":"https:\/\/poppers-online.ch\/produkt\/colt-deep-flexer\/"},"modified":"2024-10-15T23:30:49","modified_gmt":"2024-10-15T21:30:49","slug":"colt-deep-flexer","status":"publish","type":"product","link":"https:\/\/poppers-online.ch\/fr\/produit\/colt-deep-flexer\/","title":{"rendered":"COLT Deep Flexer"},"content":{"rendered":"","protected":false},"excerpt":{"rendered":"<p><strong>Fabricant:<\/strong> Colt<br \/>\nUn stimulateur d&rsquo;enfer, deux fois plus de plaisir : le DEEP FLEXER fait vibrer ta prostate jusqu&rsquo;\u00e0 ce que tu entendes les anges chanter &#8211; tout en te secouant bien les couilles !<\/p>\n<ul>\n<li>8 niveaux de vibration diff\u00e9rents<\/li>\n<li>facile \u00e0 contr\u00f4ler gr\u00e2ce au \u00ab\u00a0Easy Push Button<\/li>\n<li>enveloppe ext\u00e9rieure en silicone de qualit\u00e9 m\u00e9dicale<\/li>\n<li>application argent\u00e9e sur le capuchon (sans nickel)<\/li>\n<li>longueur ins\u00e9rable : 7,5 cm<\/li>\n<li>fonctionne avec deux piles AAA (non fournies)<\/li>\n<\/ul>\n","protected":false},"featured_media":77116,"comment_status":"closed","ping_status":"closed","template":"","meta":{"_acf_changed":false,"iawp_total_views":11,"_glsr_average":0,"_glsr_ranking":0,"_glsr_reviews":0},"product_brand":[],"product_cat":[2085,171],"product_tag":[1665],"class_list":{"0":"post-77123","1":"product","2":"type-product","3":"status-publish","4":"has-post-thumbnail","6":"product_cat-anal-play","7":"product_cat-sex-toys","8":"product_tag-colt-deep-flexer-fr","10":"first","11":"instock","12":"taxable","13":"shipping-taxable","14":"purchasable","15":"product-type-simple"},"acf":[],"_links":{"self":[{"href":"https:\/\/poppers-online.ch\/fr\/wp-json\/wp\/v2\/product\/77123","targetHints":{"allow":["GET"]}}],"collection":[{"href":"https:\/\/poppers-online.ch\/fr\/wp-json\/wp\/v2\/product"}],"about":[{"href":"https:\/\/poppers-online.ch\/fr\/wp-json\/wp\/v2\/types\/product"}],"replies":[{"embeddable":true,"href":"https:\/\/poppers-online.ch\/fr\/wp-json\/wp\/v2\/comments?post=77123"}],"wp:featuredmedia":[{"embeddable":true,"href":"https:\/\/poppers-online.ch\/fr\/wp-json\/wp\/v2\/media\/77116"}],"wp:attachment":[{"href":"https:\/\/poppers-online.ch\/fr\/wp-json\/wp\/v2\/media?parent=77123"}],"wp:term":[{"taxonomy":"product_brand","embeddable":true,"href":"https:\/\/poppers-online.ch\/fr\/wp-json\/wp\/v2\/product_brand?post=77123"},{"taxonomy":"product_cat","embeddable":true,"href":"https:\/\/poppers-online.ch\/fr\/wp-json\/wp\/v2\/product_cat?post=77123"},{"taxonomy":"product_tag","embeddable":true,"href":"https:\/\/poppers-online.ch\/fr\/wp-json\/wp\/v2\/product_tag?post=77123"}],"curies":[{"name":"wp","href":"https:\/\/api.w.org\/{rel}","templated":true}]}}