{"id":77094,"date":"2023-11-20T14:42:25","date_gmt":"2023-11-20T13:42:25","guid":{"rendered":"https:\/\/poppers-online.ch\/produkt\/colt-expander-plug-medium\/"},"modified":"2024-10-15T23:30:50","modified_gmt":"2024-10-15T21:30:50","slug":"colt-expander-plug-medium","status":"publish","type":"product","link":"https:\/\/poppers-online.ch\/fr\/produit\/colt-expander-plug-medium\/","title":{"rendered":"Colt Expander Plug Medium"},"content":{"rendered":"","protected":false},"excerpt":{"rendered":"<p>COLT Expander Plug Medium est le jouet id\u00e9al pour les aventuriers de l&rsquo;art de la dilatation anale. Le plug qui s&rsquo;ouvre fait entrer les plus t\u00e9m\u00e9raires dans une nouvelle dimension de la satisfaction anale. Utilisation du plug expander Presser les deux coins en forme de bec pour que le plug prenne une forme conique. Le plug peut maintenant \u00eatre ins\u00e9r\u00e9 facilement. Une fois qu&rsquo;il a atteint la profondeur souhait\u00e9e, on peut l\u00e2cher les coins. Maintenant, ils s&rsquo;\u00e9cartent et assurent un \u00e9tirement doux de ton anus. L&rsquo;ajustement serr\u00e9 et la pression permanente permettent de maintenir le plug dans l&rsquo;anus. Le mat\u00e9riau TPR non poreux, sans couture et lisse garantit une manipulation s\u00fbre et facile de l&rsquo;Expander Plug. Colt Anal Plug Caract\u00e9ristiques Le plug expander a une longueur totale de 11,5 cm et pr\u00e9sente un diam\u00e8tre d&rsquo;environ 5,75 cm lorsqu&rsquo;il est comprim\u00e9. Le mat\u00e9riau flexible est tr\u00e8s facile \u00e0 former. Un assemblage \u00e0 rainure et languette a \u00e9t\u00e9 int\u00e9gr\u00e9 \u00e0 l&rsquo;int\u00e9rieur, ce qui favorise le maintien de la forme conique. Une fois ouvert, le plug s&rsquo;\u00e9largit jusqu&rsquo;\u00e0 10,5 cm. Le socle en forme d&rsquo;ovale offre une bonne forme dans la main et permet une utilisation sans guidage sur les surfaces lisses.<\/p>\n<ul>\n<li>Mat\u00e9riau mall\u00e9able et r\u00e9sistant<\/li>\n<li>Fonction d&rsquo;expansion pour un ajustement serr\u00e9<\/li>\n<li>Forme conique pour une insertion et un retrait faciles<\/li>\n<li>Surface douce et sans couture<\/li>\n<\/ul>\n<ul>\n<li><strong>Longueur d&rsquo;insertion:<\/strong> environ 10 cm<\/li>\n<li><strong>longueur totale:<\/strong> environ 11,5 cm<\/li>\n<li><strong>diam\u00e8tre:<\/strong> environ 5,75 &#8211; 10,5 cm<\/li>\n<li><strong>Mat\u00e9riau:<\/strong> TPR (caoutchouc thermoplastique)<\/li>\n<li><strong>Couleur:<\/strong> Noir<\/li>\n<\/ul>\n","protected":false},"featured_media":77081,"comment_status":"closed","ping_status":"closed","template":"","meta":{"_acf_changed":false,"iawp_total_views":5,"_glsr_average":0,"_glsr_ranking":0,"_glsr_reviews":0},"product_brand":[],"product_cat":[2085,171],"product_tag":[1646],"class_list":{"0":"post-77094","1":"product","2":"type-product","3":"status-publish","4":"has-post-thumbnail","6":"product_cat-anal-play","7":"product_cat-sex-toys","8":"product_tag-colt-expander-plug-medium-fr","10":"first","11":"instock","12":"taxable","13":"shipping-taxable","14":"purchasable","15":"product-type-simple"},"acf":[],"_links":{"self":[{"href":"https:\/\/poppers-online.ch\/fr\/wp-json\/wp\/v2\/product\/77094","targetHints":{"allow":["GET"]}}],"collection":[{"href":"https:\/\/poppers-online.ch\/fr\/wp-json\/wp\/v2\/product"}],"about":[{"href":"https:\/\/poppers-online.ch\/fr\/wp-json\/wp\/v2\/types\/product"}],"replies":[{"embeddable":true,"href":"https:\/\/poppers-online.ch\/fr\/wp-json\/wp\/v2\/comments?post=77094"}],"wp:featuredmedia":[{"embeddable":true,"href":"https:\/\/poppers-online.ch\/fr\/wp-json\/wp\/v2\/media\/77081"}],"wp:attachment":[{"href":"https:\/\/poppers-online.ch\/fr\/wp-json\/wp\/v2\/media?parent=77094"}],"wp:term":[{"taxonomy":"product_brand","embeddable":true,"href":"https:\/\/poppers-online.ch\/fr\/wp-json\/wp\/v2\/product_brand?post=77094"},{"taxonomy":"product_cat","embeddable":true,"href":"https:\/\/poppers-online.ch\/fr\/wp-json\/wp\/v2\/product_cat?post=77094"},{"taxonomy":"product_tag","embeddable":true,"href":"https:\/\/poppers-online.ch\/fr\/wp-json\/wp\/v2\/product_tag?post=77094"}],"curies":[{"name":"wp","href":"https:\/\/api.w.org\/{rel}","templated":true}]}}