{"id":77076,"date":"2023-11-20T14:32:10","date_gmt":"2023-11-20T13:36:09","guid":{"rendered":"https:\/\/poppers-online.ch\/produkt\/masturbateur-colt-mighty-mouth\/"},"modified":"2024-10-15T23:30:50","modified_gmt":"2024-10-15T21:30:50","slug":"colt-mighty-masturbateur-a-bouche","status":"publish","type":"product","link":"https:\/\/poppers-online.ch\/fr\/produit\/colt-mighty-masturbateur-a-bouche\/","title":{"rendered":"Masturbateur COLT Mighty Mouth"},"content":{"rendered":"","protected":false},"excerpt":{"rendered":"<p>Un masturbateur pour des moments forts et humides garantis. Le Mighty Mouth ergonomique est \u00e9quip\u00e9 de 30 niveaux de vibration, de pulsation et d&rsquo;escalade diff\u00e9rents. Les r\u00e9glages peuvent \u00eatre effectu\u00e9s \u00e0 l&rsquo;aide de boutons-poussoirs faciles \u00e0 utiliser. Gr\u00e2ce \u00e0 une puce m\u00e9moire, le jouet se souvient de tes derniers r\u00e9glages. Pour s&rsquo;amuser les mains libres, un support \u00e0 ventouse pivotant peut \u00eatre mont\u00e9 sur le Stroker. Mais le Mighty Mouth peut aussi \u00eatre utilis\u00e9 sans support. Le masturbateur 100% \u00e9tanche et puissant est aliment\u00e9 par 4 piles AAA. La partie int\u00e9rieure douce et structur\u00e9e peut \u00eatre retir\u00e9e, ce qui permet un nettoyage facile et approfondi. Les mat\u00e9riaux utilis\u00e9s sont respectueux du corps, inodores et sans phtalates.<\/p>\n<ul>\n<li>Masturbateur extr\u00eamement puissant<\/li>\n<li>30 niveaux de vibration et de pulsation intenses<\/li>\n<li>Puce de m\u00e9moire avec fonction de rappel<\/li>\n<li>Un support \u00e0 ventouse pivotant pour s&rsquo;amuser les mains libres<\/li>\n<li>Peut \u00e9galement \u00eatre utilis\u00e9 sans support<\/li>\n<li>partie int\u00e9rieure en TPR doux pour la peau<\/li>\n<li>Piles 4 x AAA (non fournies)<\/li>\n<li>Doux pour le corps, inodore et sans phtalates<\/li>\n<li>100% \u00e9tanche<\/li>\n<\/ul>\n<ul>\n<li><strong>longueur totale:<\/strong> environ 23 cm<\/li>\n<li><strong>Diam\u00e8tre du bo\u00eetier:<\/strong> env. 9 cm<\/li>\n<li><strong>longueur de la partie int\u00e9rieure:<\/strong> environ 12 cm<\/li>\n<li><strong>diam\u00e8tre:<\/strong> environ 7,5 cm<\/li>\n<li><strong>Piles:<\/strong> 4 piles AAA (non incluses)<\/li>\n<li><strong>Mat\u00e9riaux:<\/strong> TPR, silicone, plastique ABS<\/li>\n<\/ul>\n","protected":false},"featured_media":77056,"comment_status":"closed","ping_status":"closed","template":"","meta":{"_acf_changed":false,"iawp_total_views":10,"_glsr_average":0,"_glsr_ranking":0,"_glsr_reviews":0},"product_brand":[],"product_cat":[2094,171],"product_tag":[1642],"class_list":{"0":"post-77076","1":"product","2":"type-product","3":"status-publish","4":"has-post-thumbnail","6":"product_cat-masturbateur","7":"product_cat-sex-toys","8":"product_tag-masturbateur-colt-mighty-mouth","10":"first","11":"instock","12":"taxable","13":"shipping-taxable","14":"purchasable","15":"product-type-simple"},"acf":[],"_links":{"self":[{"href":"https:\/\/poppers-online.ch\/fr\/wp-json\/wp\/v2\/product\/77076","targetHints":{"allow":["GET"]}}],"collection":[{"href":"https:\/\/poppers-online.ch\/fr\/wp-json\/wp\/v2\/product"}],"about":[{"href":"https:\/\/poppers-online.ch\/fr\/wp-json\/wp\/v2\/types\/product"}],"replies":[{"embeddable":true,"href":"https:\/\/poppers-online.ch\/fr\/wp-json\/wp\/v2\/comments?post=77076"}],"wp:featuredmedia":[{"embeddable":true,"href":"https:\/\/poppers-online.ch\/fr\/wp-json\/wp\/v2\/media\/77056"}],"wp:attachment":[{"href":"https:\/\/poppers-online.ch\/fr\/wp-json\/wp\/v2\/media?parent=77076"}],"wp:term":[{"taxonomy":"product_brand","embeddable":true,"href":"https:\/\/poppers-online.ch\/fr\/wp-json\/wp\/v2\/product_brand?post=77076"},{"taxonomy":"product_cat","embeddable":true,"href":"https:\/\/poppers-online.ch\/fr\/wp-json\/wp\/v2\/product_cat?post=77076"},{"taxonomy":"product_tag","embeddable":true,"href":"https:\/\/poppers-online.ch\/fr\/wp-json\/wp\/v2\/product_tag?post=77076"}],"curies":[{"name":"wp","href":"https:\/\/api.w.org\/{rel}","templated":true}]}}