{"id":77051,"date":"2023-11-20T14:17:00","date_gmt":"2023-11-20T13:17:00","guid":{"rendered":"https:\/\/poppers-online.ch\/produkt\/colt-3-cockring-set-40mm-45mm-50mm\/"},"modified":"2024-10-15T23:30:51","modified_gmt":"2024-10-15T21:30:51","slug":"colt-3-cockring-set-40mm-45mm-50mm","status":"publish","type":"product","link":"https:\/\/poppers-online.ch\/fr\/produit\/colt-3-cockring-set-40mm-45mm-50mm\/","title":{"rendered":"Colt 3 Cockring Set (40mm \/ 45mm \/ 50mm)"},"content":{"rendered":"","protected":false},"excerpt":{"rendered":"<p>Colt 3 Cockring Set (40mm \/ 45mm \/ 50mm) : 3 anneaux p\u00e9niens en caoutchouc confortables et souples de diff\u00e9rentes tailles (40 mm, 45 mm, 50 mm), en caoutchouc naturel. Ces anneaux Peinis donnent \u00e0 ton meilleur morceau une \u00e9rection plus longue. Id\u00e9al aussi \u00e0 porter en combinaison comme anneau d&rsquo;amarrage et anneau de balle.<\/p>\n<ul>\n<li><strong>largeur:<\/strong> env. 1,4 cm<\/li>\n<li><strong>Diam\u00e8tre:<\/strong> 40mm &amp; 45mm &amp; 50mm<\/li>\n<\/ul>\n","protected":false},"featured_media":77048,"comment_status":"closed","ping_status":"closed","template":"","meta":{"_acf_changed":false,"iawp_total_views":3,"_glsr_average":0,"_glsr_ranking":0,"_glsr_reviews":0},"product_brand":[],"product_cat":[2091,171],"product_tag":[1638],"class_list":{"0":"post-77051","1":"product","2":"type-product","3":"status-publish","4":"has-post-thumbnail","6":"product_cat-cock-play","7":"product_cat-sex-toys","8":"product_tag-colt-3-cockring-set-40mm-45mm-50mm-fr","10":"first","11":"outofstock","12":"taxable","13":"shipping-taxable","14":"purchasable","15":"product-type-simple"},"acf":[],"_links":{"self":[{"href":"https:\/\/poppers-online.ch\/fr\/wp-json\/wp\/v2\/product\/77051","targetHints":{"allow":["GET"]}}],"collection":[{"href":"https:\/\/poppers-online.ch\/fr\/wp-json\/wp\/v2\/product"}],"about":[{"href":"https:\/\/poppers-online.ch\/fr\/wp-json\/wp\/v2\/types\/product"}],"replies":[{"embeddable":true,"href":"https:\/\/poppers-online.ch\/fr\/wp-json\/wp\/v2\/comments?post=77051"}],"wp:featuredmedia":[{"embeddable":true,"href":"https:\/\/poppers-online.ch\/fr\/wp-json\/wp\/v2\/media\/77048"}],"wp:attachment":[{"href":"https:\/\/poppers-online.ch\/fr\/wp-json\/wp\/v2\/media?parent=77051"}],"wp:term":[{"taxonomy":"product_brand","embeddable":true,"href":"https:\/\/poppers-online.ch\/fr\/wp-json\/wp\/v2\/product_brand?post=77051"},{"taxonomy":"product_cat","embeddable":true,"href":"https:\/\/poppers-online.ch\/fr\/wp-json\/wp\/v2\/product_cat?post=77051"},{"taxonomy":"product_tag","embeddable":true,"href":"https:\/\/poppers-online.ch\/fr\/wp-json\/wp\/v2\/product_tag?post=77051"}],"curies":[{"name":"wp","href":"https:\/\/api.w.org\/{rel}","templated":true}]}}