{"id":77043,"date":"2023-11-20T14:05:10","date_gmt":"2023-11-20T13:05:10","guid":{"rendered":"https:\/\/poppers-online.ch\/produkt\/kit-pour-debutants-nexus-anal\/"},"modified":"2024-10-15T23:30:51","modified_gmt":"2024-10-15T21:30:51","slug":"nexus-anal-beginner-kit","status":"publish","type":"product","link":"https:\/\/poppers-online.ch\/fr\/produit\/nexus-anal-beginner-kit\/","title":{"rendered":"Kit pour d\u00e9butants Nexus Anal"},"content":{"rendered":"","protected":false},"excerpt":{"rendered":"<p>Un kit de haute qualit\u00e9 pour le plaisir anal, il est parfait pour les d\u00e9butants. La cha\u00eene anale et le plug sont en silicone solide mais flexible et la douche anale a une petite pointe en plastique pour l&rsquo;insertion. Parfait pour tous ceux qui d\u00e9butent dans le jeu anal. Petit et facile \u00e0 utiliser, le moyen id\u00e9al pour s&rsquo;immerger dans la stimulation anale.<\/p>\n<p><strong>Douche anale:<\/strong><\/p>\n<ul>\n<li>Piston en caoutchouc de 224 ml<\/li>\n<li>Buse en plastique amovible<\/li>\n<li>Clapet anti-retour<\/li>\n<\/ul>\n<p>&nbsp;<\/p>\n<p><strong>petit butt plug:<\/strong><\/p>\n<ul>\n<li>100% silicone.<\/li>\n<li>Hauteur totale x largeur de base: 3,5 x 1,8 pouces (89 x 45 mm)<\/li>\n<li>Diam\u00e8tre de la tige (\u00e0 l&rsquo;endroit le plus large) : 1,1 pouce (28 mm)<\/li>\n<li>Longueur de la tige pouvant \u00eatre ins\u00e9r\u00e9e: 3 pouces (75 mm)<\/li>\n<\/ul>\n<p><strong>Cha\u00eene anale<\/strong><\/p>\n<ul>\n<li>100% silicone.<\/li>\n<li>Diam\u00e8tre de la perle (\u00e0 l&rsquo;endroit le plus large): 0,8 pouce (20 mm).<\/li>\n<\/ul>\n","protected":false},"featured_media":77028,"comment_status":"closed","ping_status":"closed","template":"","meta":{"_acf_changed":false,"iawp_total_views":3,"_glsr_average":0,"_glsr_ranking":0,"_glsr_reviews":0},"product_brand":[],"product_cat":[2064,166],"product_tag":[1633],"class_list":{"0":"post-77043","1":"product","2":"type-product","3":"status-publish","4":"has-post-thumbnail","6":"product_cat-douche-anale","7":"product_cat-droguerie","8":"product_tag-kit-pour-debutants-nexus-anal","10":"first","11":"outofstock","12":"taxable","13":"shipping-taxable","14":"purchasable","15":"product-type-simple"},"acf":[],"_links":{"self":[{"href":"https:\/\/poppers-online.ch\/fr\/wp-json\/wp\/v2\/product\/77043","targetHints":{"allow":["GET"]}}],"collection":[{"href":"https:\/\/poppers-online.ch\/fr\/wp-json\/wp\/v2\/product"}],"about":[{"href":"https:\/\/poppers-online.ch\/fr\/wp-json\/wp\/v2\/types\/product"}],"replies":[{"embeddable":true,"href":"https:\/\/poppers-online.ch\/fr\/wp-json\/wp\/v2\/comments?post=77043"}],"wp:featuredmedia":[{"embeddable":true,"href":"https:\/\/poppers-online.ch\/fr\/wp-json\/wp\/v2\/media\/77028"}],"wp:attachment":[{"href":"https:\/\/poppers-online.ch\/fr\/wp-json\/wp\/v2\/media?parent=77043"}],"wp:term":[{"taxonomy":"product_brand","embeddable":true,"href":"https:\/\/poppers-online.ch\/fr\/wp-json\/wp\/v2\/product_brand?post=77043"},{"taxonomy":"product_cat","embeddable":true,"href":"https:\/\/poppers-online.ch\/fr\/wp-json\/wp\/v2\/product_cat?post=77043"},{"taxonomy":"product_tag","embeddable":true,"href":"https:\/\/poppers-online.ch\/fr\/wp-json\/wp\/v2\/product_tag?post=77043"}],"curies":[{"name":"wp","href":"https:\/\/api.w.org\/{rel}","templated":true}]}}