{"id":77006,"date":"2023-11-20T13:41:42","date_gmt":"2023-11-20T12:42:47","guid":{"rendered":"https:\/\/poppers-online.ch\/produkt\/anneau-cockpit-sport-fucker-rouge\/"},"modified":"2024-10-15T23:30:53","modified_gmt":"2024-10-15T21:30:53","slug":"sport-fucker-cockpit-ring-rouge","status":"publish","type":"product","link":"https:\/\/poppers-online.ch\/fr\/produit\/sport-fucker-cockpit-ring-rouge\/","title":{"rendered":"Anneau CockPit Sport Fucker &#8211; rouge"},"content":{"rendered":"","protected":false},"excerpt":{"rendered":"<ul>\n<li>Fabriqu\u00e9 \u00e0 partir d&rsquo;une version plus solide (mais toujours souple et flexible) de Liquid Silicone<\/li>\n<li>Forme effil\u00e9e unique<\/li>\n<li>assure des \u00e9rections plus longues et plus fermes<\/li>\n<li>Excellent pour une utilisation \u00e0 court ou \u00e0 long terme<\/li>\n<\/ul>\n<p>couleur: <strong>rouge<\/strong><\/p>\n<p>Assure-toi que ton anneauCockPit est bien rang\u00e9 dans ton train d&rsquo;atterrissage lors de la derni\u00e8re approche vers le hangar de ton choix. Fabriqu\u00e9 \u00e0 partir d&rsquo;une version plus ferme (mais toujours souple et flexible) de notre silicone liquide, cet anneau confortable est excellent pour une utilisation \u00e0 court ou \u00e0 long terme et est bas\u00e9 sur le cockring classique Teardrop, qui provoque un l\u00e9ger chatouillement sur tes fesses \u00e0 chaque pouss\u00e9e. La forme effil\u00e9e unique offre un ajustement ergonomique pour des choix plus longs et plus fermes.<\/p>\n<p><strong>Dimensions:<\/strong><\/p>\n<ul>\n<li>\u00a0l&rsquo;ouverture est de 35 mm<\/li>\n<li>L&rsquo;ouverture maximale \u00e9tir\u00e9e est de 153mm<\/li>\n<li>longueur de la pointe de l&rsquo;anneau \u00e0 la fin de l&rsquo;anneau est 88mm<\/li>\n<\/ul>\n","protected":false},"featured_media":76995,"comment_status":"closed","ping_status":"closed","template":"","meta":{"_acf_changed":false,"iawp_total_views":1,"_glsr_average":0,"_glsr_ranking":0,"_glsr_reviews":0},"product_brand":[],"product_cat":[2091,171],"product_tag":[1623],"class_list":{"0":"post-77006","1":"product","2":"type-product","3":"status-publish","4":"has-post-thumbnail","6":"product_cat-cock-play","7":"product_cat-sex-toys","8":"product_tag-anneau-cockpit-sport-fucker-rouge","10":"first","11":"instock","12":"sale","13":"taxable","14":"shipping-taxable","15":"purchasable","16":"product-type-simple"},"acf":[],"_links":{"self":[{"href":"https:\/\/poppers-online.ch\/fr\/wp-json\/wp\/v2\/product\/77006","targetHints":{"allow":["GET"]}}],"collection":[{"href":"https:\/\/poppers-online.ch\/fr\/wp-json\/wp\/v2\/product"}],"about":[{"href":"https:\/\/poppers-online.ch\/fr\/wp-json\/wp\/v2\/types\/product"}],"replies":[{"embeddable":true,"href":"https:\/\/poppers-online.ch\/fr\/wp-json\/wp\/v2\/comments?post=77006"}],"wp:featuredmedia":[{"embeddable":true,"href":"https:\/\/poppers-online.ch\/fr\/wp-json\/wp\/v2\/media\/76995"}],"wp:attachment":[{"href":"https:\/\/poppers-online.ch\/fr\/wp-json\/wp\/v2\/media?parent=77006"}],"wp:term":[{"taxonomy":"product_brand","embeddable":true,"href":"https:\/\/poppers-online.ch\/fr\/wp-json\/wp\/v2\/product_brand?post=77006"},{"taxonomy":"product_cat","embeddable":true,"href":"https:\/\/poppers-online.ch\/fr\/wp-json\/wp\/v2\/product_cat?post=77006"},{"taxonomy":"product_tag","embeddable":true,"href":"https:\/\/poppers-online.ch\/fr\/wp-json\/wp\/v2\/product_tag?post=77006"}],"curies":[{"name":"wp","href":"https:\/\/api.w.org\/{rel}","templated":true}]}}