{"id":76990,"date":"2023-11-20T13:28:14","date_gmt":"2023-11-20T12:29:47","guid":{"rendered":"https:\/\/poppers-online.ch\/produkt\/sport-fucker-douche-anale-silicone-powershot-nozzle-noir\/"},"modified":"2024-10-15T23:30:53","modified_gmt":"2024-10-15T21:30:53","slug":"sport-fucker-analdouche-silicone-powershot-nozzle-black","status":"publish","type":"product","link":"https:\/\/poppers-online.ch\/fr\/produit\/sport-fucker-analdouche-silicone-powershot-nozzle-black\/","title":{"rendered":"Sport Fucker Douche anale Silicone PowerShot Nozzle &#8211; Noir"},"content":{"rendered":"","protected":false},"excerpt":{"rendered":"<p>Avec la <strong>douche anale Sport Fucker Silicone PowerShot Nozzle &#8211; Black<\/strong>, tu obtiens un nettoyage en profondeur. Cette buse a \u00e9t\u00e9 \u00e9quip\u00e9e du kit de douche Sports Fucker (ou de la plupart des flexibles de douche disponibles dans le commerce) et dispose d&rsquo;une nouvelle technologie Clean-Out. Il est pr\u00e9f\u00e9rable d&rsquo;utiliser une basse pression, un trou \u00e0 l&rsquo;extr\u00e9mit\u00e9 du tuyau et quatre trous sur les c\u00f4t\u00e9s, y compris des goutti\u00e8res, pour un flux constant. Fabriqu\u00e9 \u00e0 partir de notre silicone pur platine super doux et flexible pour une manipulation et un nettoyage faciles.<\/p>\n<p><strong>TAILLE &amp; FORME<\/strong><br \/>\n152 mm. (6 \u00ab\u00a0) Longueur jusqu&rsquo;\u00e0 la poign\u00e9e<br \/>\n19 mm. (3\/4 \u00ab\u00a0) de diam\u00e8tre<\/p>\n","protected":false},"featured_media":76967,"comment_status":"closed","ping_status":"closed","template":"","meta":{"_acf_changed":false,"iawp_total_views":11,"_glsr_average":0,"_glsr_ranking":0,"_glsr_reviews":0},"product_brand":[],"product_cat":[2064,166],"product_tag":[1619],"class_list":{"0":"post-76990","1":"product","2":"type-product","3":"status-publish","4":"has-post-thumbnail","6":"product_cat-douche-anale","7":"product_cat-droguerie","8":"product_tag-sport-fucker-douche-anale-silicone-powershot-nozzle-noir","10":"first","11":"instock","12":"taxable","13":"shipping-taxable","14":"purchasable","15":"product-type-simple"},"acf":[],"_links":{"self":[{"href":"https:\/\/poppers-online.ch\/fr\/wp-json\/wp\/v2\/product\/76990","targetHints":{"allow":["GET"]}}],"collection":[{"href":"https:\/\/poppers-online.ch\/fr\/wp-json\/wp\/v2\/product"}],"about":[{"href":"https:\/\/poppers-online.ch\/fr\/wp-json\/wp\/v2\/types\/product"}],"replies":[{"embeddable":true,"href":"https:\/\/poppers-online.ch\/fr\/wp-json\/wp\/v2\/comments?post=76990"}],"wp:featuredmedia":[{"embeddable":true,"href":"https:\/\/poppers-online.ch\/fr\/wp-json\/wp\/v2\/media\/76967"}],"wp:attachment":[{"href":"https:\/\/poppers-online.ch\/fr\/wp-json\/wp\/v2\/media?parent=76990"}],"wp:term":[{"taxonomy":"product_brand","embeddable":true,"href":"https:\/\/poppers-online.ch\/fr\/wp-json\/wp\/v2\/product_brand?post=76990"},{"taxonomy":"product_cat","embeddable":true,"href":"https:\/\/poppers-online.ch\/fr\/wp-json\/wp\/v2\/product_cat?post=76990"},{"taxonomy":"product_tag","embeddable":true,"href":"https:\/\/poppers-online.ch\/fr\/wp-json\/wp\/v2\/product_tag?post=76990"}],"curies":[{"name":"wp","href":"https:\/\/api.w.org\/{rel}","templated":true}]}}