{"id":76954,"date":"2023-11-20T13:12:38","date_gmt":"2023-11-20T12:12:38","guid":{"rendered":"https:\/\/poppers-online.ch\/produkt\/swiss-navy-fruit-de-la-passion-lube-118-ml\/"},"modified":"2024-10-15T23:30:54","modified_gmt":"2024-10-15T21:30:54","slug":"swiss-navy-fruit-de-la-passion-lube-118-ml","status":"publish","type":"product","link":"https:\/\/poppers-online.ch\/fr\/produit\/swiss-navy-fruit-de-la-passion-lube-118-ml\/","title":{"rendered":"Swiss Navy Fruit de la Passion Lube &#8211; 118 ml"},"content":{"rendered":"","protected":false},"excerpt":{"rendered":"<p>Swiss Navy Passion Fruit Lube &#8211; 118 ml &#8211; Le standard avec lequel tous les autres doivent se mesurer &#8211; maintenant aussi avec un <strong>ar\u00f4me<\/strong> d\u00e9licat <strong>de fruit de la passion<\/strong>! Le nouveau gel lubrifiant aromatis\u00e9 de Swiss Navy est disponible dans un flacon de 118 ml et donne un coup de fouet suppl\u00e9mentaire aux rapports sexuels, seul ou avec un partenaire. &#8211; Flacon ergonomique anti-gouttes avec pompe verrouillable &#8211; Syst\u00e8me de pompe pratique qui permet une utilisation tr\u00e8s simple d&rsquo;une seule main &#8211; Lubrification extr\u00eamement longue, ne colle jamais et laisse une sensation soyeuse sur la peau &#8211; Le lubrifiant \u00e0 base d&rsquo;eau est test\u00e9 hypoallerg\u00e9nique, s&rsquo;enl\u00e8ve sans r\u00e9sidus \u00e0 l&rsquo;eau claire et convient \u00e0 tous les jouets.<\/p>\n<ul>\n<li><strong>Fabricant<\/strong>: Swiss Navy<\/li>\n<li><strong>Contenu<\/strong>: 118 ml<\/li>\n<\/ul>\n","protected":false},"featured_media":76951,"comment_status":"closed","ping_status":"closed","template":"","meta":{"_acf_changed":false,"iawp_total_views":2,"_glsr_average":0,"_glsr_ranking":0,"_glsr_reviews":0},"product_brand":[],"product_cat":[2067,166],"product_tag":[1611],"class_list":{"0":"post-76954","1":"product","2":"type-product","3":"status-publish","4":"has-post-thumbnail","6":"product_cat-lubrifiant","7":"product_cat-droguerie","8":"product_tag-swiss-navy-fruit-de-la-passion-lube-118-ml","10":"first","11":"outofstock","12":"taxable","13":"shipping-taxable","14":"purchasable","15":"product-type-simple"},"acf":[],"_links":{"self":[{"href":"https:\/\/poppers-online.ch\/fr\/wp-json\/wp\/v2\/product\/76954","targetHints":{"allow":["GET"]}}],"collection":[{"href":"https:\/\/poppers-online.ch\/fr\/wp-json\/wp\/v2\/product"}],"about":[{"href":"https:\/\/poppers-online.ch\/fr\/wp-json\/wp\/v2\/types\/product"}],"replies":[{"embeddable":true,"href":"https:\/\/poppers-online.ch\/fr\/wp-json\/wp\/v2\/comments?post=76954"}],"wp:featuredmedia":[{"embeddable":true,"href":"https:\/\/poppers-online.ch\/fr\/wp-json\/wp\/v2\/media\/76951"}],"wp:attachment":[{"href":"https:\/\/poppers-online.ch\/fr\/wp-json\/wp\/v2\/media?parent=76954"}],"wp:term":[{"taxonomy":"product_brand","embeddable":true,"href":"https:\/\/poppers-online.ch\/fr\/wp-json\/wp\/v2\/product_brand?post=76954"},{"taxonomy":"product_cat","embeddable":true,"href":"https:\/\/poppers-online.ch\/fr\/wp-json\/wp\/v2\/product_cat?post=76954"},{"taxonomy":"product_tag","embeddable":true,"href":"https:\/\/poppers-online.ch\/fr\/wp-json\/wp\/v2\/product_tag?post=76954"}],"curies":[{"name":"wp","href":"https:\/\/api.w.org\/{rel}","templated":true}]}}