{"id":76930,"date":"2023-11-20T12:52:28","date_gmt":"2023-11-20T11:52:28","guid":{"rendered":"https:\/\/poppers-online.ch\/produkt\/boy-butter-h2o-original-266ml\/"},"modified":"2024-10-15T23:35:46","modified_gmt":"2024-10-15T21:35:46","slug":"boy-butter-h2o-original-266ml","status":"publish","type":"product","link":"https:\/\/poppers-online.ch\/fr\/produit\/boy-butter-h2o-original-266ml\/","title":{"rendered":"Boy Butter H2O Original 266ml"},"content":{"rendered":"","protected":false},"excerpt":{"rendered":"<p>Maintenant nouveau dans la flacon Squeeze, injecte le Boy Butter H2O Original 266ml l\u00e0 o\u00f9 tu en as besoin ! Boy Butter pr\u00e9sente la premi\u00e8re cr\u00e8me lubrifiante \u00e0 base d&rsquo;eau au monde. Cette nouvelle cr\u00e8me lubrifiante est absolument sans latex. La vitamine E, le beurre de karit\u00e9 et les extraits d&rsquo;aloe vera sont utilis\u00e9s \u00e0 la place des huiles comme composants de ce gel lubrifiant.<\/p>\n<ul>\n<li><strong>Contenu:<\/strong> 9 oz. (266 ml)<\/li>\n<\/ul>\n","protected":false},"featured_media":76927,"comment_status":"closed","ping_status":"closed","template":"","meta":{"_acf_changed":false,"iawp_total_views":1,"_glsr_average":0,"_glsr_ranking":0,"_glsr_reviews":0},"product_brand":[],"product_cat":[2067,166],"product_tag":[1599],"class_list":{"0":"post-76930","1":"product","2":"type-product","3":"status-publish","4":"has-post-thumbnail","6":"product_cat-lubrifiant","7":"product_cat-droguerie","8":"product_tag-boy-butter-h2o-original-266ml-fr","10":"first","11":"outofstock","12":"taxable","13":"shipping-taxable","14":"purchasable","15":"product-type-simple"},"acf":[],"_links":{"self":[{"href":"https:\/\/poppers-online.ch\/fr\/wp-json\/wp\/v2\/product\/76930","targetHints":{"allow":["GET"]}}],"collection":[{"href":"https:\/\/poppers-online.ch\/fr\/wp-json\/wp\/v2\/product"}],"about":[{"href":"https:\/\/poppers-online.ch\/fr\/wp-json\/wp\/v2\/types\/product"}],"replies":[{"embeddable":true,"href":"https:\/\/poppers-online.ch\/fr\/wp-json\/wp\/v2\/comments?post=76930"}],"wp:featuredmedia":[{"embeddable":true,"href":"https:\/\/poppers-online.ch\/fr\/wp-json\/wp\/v2\/media\/76927"}],"wp:attachment":[{"href":"https:\/\/poppers-online.ch\/fr\/wp-json\/wp\/v2\/media?parent=76930"}],"wp:term":[{"taxonomy":"product_brand","embeddable":true,"href":"https:\/\/poppers-online.ch\/fr\/wp-json\/wp\/v2\/product_brand?post=76930"},{"taxonomy":"product_cat","embeddable":true,"href":"https:\/\/poppers-online.ch\/fr\/wp-json\/wp\/v2\/product_cat?post=76930"},{"taxonomy":"product_tag","embeddable":true,"href":"https:\/\/poppers-online.ch\/fr\/wp-json\/wp\/v2\/product_tag?post=76930"}],"curies":[{"name":"wp","href":"https:\/\/api.w.org\/{rel}","templated":true}]}}