{"id":76575,"date":"2023-11-16T18:20:30","date_gmt":"2023-11-16T17:22:05","guid":{"rendered":"https:\/\/poppers-online.ch\/produkt\/gant-de-fisting-pleasure-fister-textures\/"},"modified":"2024-10-15T23:35:48","modified_gmt":"2024-10-15T21:35:48","slug":"pleasure-fister-textures-fisting-glove","status":"publish","type":"product","link":"https:\/\/poppers-online.ch\/fr\/produit\/pleasure-fister-textures-fisting-glove\/","title":{"rendered":"Gant de fisting Pleasure Fister Textures"},"content":{"rendered":"","protected":false},"excerpt":{"rendered":"<p>Donne une texture \u00e0 ta main pendant le fisting !<\/p>\n<p>Ce long gant est si polyvalent qu&rsquo;il peut devenir une partie int\u00e9grante de toutes tes exp\u00e9riences sexuelles ! Tant de possibilit\u00e9s, \u00e0 part la p\u00e9n\u00e9tration totale du poing &#8230; Doigts, main, massage ou fess\u00e9e. Chacun des cinq doigts a une forme unique pour une s\u00e9rie de sensations pendant l&rsquo;insertion anale : lisse et effil\u00e9e, c\u00f4tes puissantes, en forme de p\u00e9nis, picots en relief ou bomb\u00e9s avec des c\u00f4tes subtiles. La paume de la main a un profil en zigzag qui rend une branlette ou une masturbation particuli\u00e8rement excitante, et tout l&rsquo;avant-bras est lisse et nervur\u00e9 pour une stimulation suppl\u00e9mentaire lorsque tu avances plus profond\u00e9ment vers l&rsquo;int\u00e9rieur ! Ce gant est adapt\u00e9 aux lubrifiants \u00e0 base de silicone et d&rsquo;eau. Nettoyer avec un savon doux et de l&rsquo;eau.<\/p>\n<ul>\n<li><strong>Dimensions:<\/strong> 393 mm de longueur, 25 mm de diam\u00e8tre au plus large, non \u00e9tir\u00e9<\/li>\n<li><strong>Mat\u00e9riau:<\/strong> TPR<\/li>\n<li><strong>couleur:<\/strong> noire<\/li>\n<li><strong>Remarque:<\/strong> appliquer de la f\u00e9cule de ma\u00efs sur la main et l&rsquo;avant-bras avant l&rsquo;utilisation.<\/li>\n<\/ul>\n","protected":false},"featured_media":76572,"comment_status":"closed","ping_status":"closed","template":"","meta":{"_acf_changed":false,"iawp_total_views":25,"_glsr_average":0,"_glsr_ranking":0,"_glsr_reviews":0},"product_brand":[],"product_cat":[2070,2094,171],"product_tag":[1550],"class_list":{"0":"post-76575","1":"product","2":"type-product","3":"status-publish","4":"has-post-thumbnail","6":"product_cat-helpers","7":"product_cat-masturbateur","8":"product_cat-sex-toys","9":"product_tag-gant-de-fisting-pleasure-fister-textures","11":"first","12":"instock","13":"taxable","14":"shipping-taxable","15":"purchasable","16":"product-type-simple"},"acf":[],"_links":{"self":[{"href":"https:\/\/poppers-online.ch\/fr\/wp-json\/wp\/v2\/product\/76575","targetHints":{"allow":["GET"]}}],"collection":[{"href":"https:\/\/poppers-online.ch\/fr\/wp-json\/wp\/v2\/product"}],"about":[{"href":"https:\/\/poppers-online.ch\/fr\/wp-json\/wp\/v2\/types\/product"}],"replies":[{"embeddable":true,"href":"https:\/\/poppers-online.ch\/fr\/wp-json\/wp\/v2\/comments?post=76575"}],"wp:featuredmedia":[{"embeddable":true,"href":"https:\/\/poppers-online.ch\/fr\/wp-json\/wp\/v2\/media\/76572"}],"wp:attachment":[{"href":"https:\/\/poppers-online.ch\/fr\/wp-json\/wp\/v2\/media?parent=76575"}],"wp:term":[{"taxonomy":"product_brand","embeddable":true,"href":"https:\/\/poppers-online.ch\/fr\/wp-json\/wp\/v2\/product_brand?post=76575"},{"taxonomy":"product_cat","embeddable":true,"href":"https:\/\/poppers-online.ch\/fr\/wp-json\/wp\/v2\/product_cat?post=76575"},{"taxonomy":"product_tag","embeddable":true,"href":"https:\/\/poppers-online.ch\/fr\/wp-json\/wp\/v2\/product_tag?post=76575"}],"curies":[{"name":"wp","href":"https:\/\/api.w.org\/{rel}","templated":true}]}}