{"id":76524,"date":"2023-11-16T14:14:42","date_gmt":"2023-11-16T13:14:42","guid":{"rendered":"https:\/\/poppers-online.ch\/produkt\/colt-douche-anale\/"},"modified":"2024-10-15T23:35:49","modified_gmt":"2024-10-15T21:35:49","slug":"colt-anal-douche","status":"publish","type":"product","link":"https:\/\/poppers-online.ch\/fr\/produit\/colt-anal-douche\/","title":{"rendered":"COLT Douche anale"},"content":{"rendered":"","protected":false},"excerpt":{"rendered":"<p>La douche anale Colt\u00ae est plaisante, maniable et efficace. L&#8217;embout s&rsquo;ins\u00e8re facilement tout en stimulant l&rsquo;anus ; la pompe de nettoyage de grande capacit\u00e9 contient suffisamment d&rsquo;eau pour un nettoyage en profondeur. Le Cleanser est tr\u00e8s facile \u00e0 utiliser et ne contient pas d&rsquo;\u00e9mollients.<\/p>\n<ul>\n<li>Embout de nettoyage fixe mais flexible<\/li>\n<li>Pompe \u00e0 pression g\u00e9n\u00e9reusement dimensionn\u00e9e<\/li>\n<li>Facile \u00e0 assembler, \u00e0 nettoyer et \u00e0 utiliser<\/li>\n<li>Sans plastifiant ni PVC &#8211; 15 cm x 4 cm &#8211; 9 cm x 15 cm (pompe)<\/li>\n<\/ul>\n<div><\/div>\n<ul>\n<li><strong>Mat\u00e9riau:<\/strong> caoutchouc<\/li>\n<li><strong>Couleur:<\/strong> Noir &amp; rouge<\/li>\n<\/ul>\n","protected":false},"featured_media":76521,"comment_status":"closed","ping_status":"closed","template":"","meta":{"_acf_changed":false,"iawp_total_views":10,"_glsr_average":0,"_glsr_ranking":0,"_glsr_reviews":0},"product_brand":[],"product_cat":[2064,166],"product_tag":[1545],"class_list":{"0":"post-76524","1":"product","2":"type-product","3":"status-publish","4":"has-post-thumbnail","6":"product_cat-douche-anale","7":"product_cat-droguerie","8":"product_tag-colt-douche-anale","10":"first","11":"instock","12":"taxable","13":"shipping-taxable","14":"purchasable","15":"product-type-simple"},"acf":[],"_links":{"self":[{"href":"https:\/\/poppers-online.ch\/fr\/wp-json\/wp\/v2\/product\/76524","targetHints":{"allow":["GET"]}}],"collection":[{"href":"https:\/\/poppers-online.ch\/fr\/wp-json\/wp\/v2\/product"}],"about":[{"href":"https:\/\/poppers-online.ch\/fr\/wp-json\/wp\/v2\/types\/product"}],"replies":[{"embeddable":true,"href":"https:\/\/poppers-online.ch\/fr\/wp-json\/wp\/v2\/comments?post=76524"}],"wp:featuredmedia":[{"embeddable":true,"href":"https:\/\/poppers-online.ch\/fr\/wp-json\/wp\/v2\/media\/76521"}],"wp:attachment":[{"href":"https:\/\/poppers-online.ch\/fr\/wp-json\/wp\/v2\/media?parent=76524"}],"wp:term":[{"taxonomy":"product_brand","embeddable":true,"href":"https:\/\/poppers-online.ch\/fr\/wp-json\/wp\/v2\/product_brand?post=76524"},{"taxonomy":"product_cat","embeddable":true,"href":"https:\/\/poppers-online.ch\/fr\/wp-json\/wp\/v2\/product_cat?post=76524"},{"taxonomy":"product_tag","embeddable":true,"href":"https:\/\/poppers-online.ch\/fr\/wp-json\/wp\/v2\/product_tag?post=76524"}],"curies":[{"name":"wp","href":"https:\/\/api.w.org\/{rel}","templated":true}]}}