{"id":76510,"date":"2023-11-16T13:31:34","date_gmt":"2023-11-16T12:33:22","guid":{"rendered":"https:\/\/poppers-online.ch\/produkt\/gel-lubrifiant-male-butter-250ml\/"},"modified":"2023-11-16T13:33:22","modified_gmt":"2023-11-16T12:33:22","slug":"gel-lubrifiant-au-beurre-de-malt-250ml","status":"publish","type":"product","link":"https:\/\/poppers-online.ch\/fr\/produit\/gel-lubrifiant-au-beurre-de-malt-250ml\/","title":{"rendered":"Gel lubrifiant MALE Butter 250ml"},"content":{"rendered":"","protected":false},"excerpt":{"rendered":"<p>Le gel lubrifiant MALE Butter 250ml est une variante particuli\u00e8rement \u00e9paisse. \u00ab\u00a0Male Butter\u00a0\u00bb est id\u00e9al pour le sexe anal en douceur, il ne goutte pas et peut donc \u00eatre utilis\u00e9 avec une grande parcimonie.<\/p>\n","protected":false},"featured_media":76507,"comment_status":"closed","ping_status":"closed","template":"","meta":{"_acf_changed":false,"iawp_total_views":4,"_glsr_average":0,"_glsr_ranking":0,"_glsr_reviews":0},"product_brand":[],"product_cat":[2067,166],"product_tag":[1541],"class_list":{"0":"post-76510","1":"product","2":"type-product","3":"status-publish","4":"has-post-thumbnail","6":"product_cat-lubrifiant","7":"product_cat-droguerie","8":"product_tag-gel-lubrifiant-male-butter-250ml","10":"first","11":"instock","12":"taxable","13":"shipping-taxable","14":"purchasable","15":"product-type-simple"},"acf":[],"_links":{"self":[{"href":"https:\/\/poppers-online.ch\/fr\/wp-json\/wp\/v2\/product\/76510","targetHints":{"allow":["GET"]}}],"collection":[{"href":"https:\/\/poppers-online.ch\/fr\/wp-json\/wp\/v2\/product"}],"about":[{"href":"https:\/\/poppers-online.ch\/fr\/wp-json\/wp\/v2\/types\/product"}],"replies":[{"embeddable":true,"href":"https:\/\/poppers-online.ch\/fr\/wp-json\/wp\/v2\/comments?post=76510"}],"wp:featuredmedia":[{"embeddable":true,"href":"https:\/\/poppers-online.ch\/fr\/wp-json\/wp\/v2\/media\/76507"}],"wp:attachment":[{"href":"https:\/\/poppers-online.ch\/fr\/wp-json\/wp\/v2\/media?parent=76510"}],"wp:term":[{"taxonomy":"product_brand","embeddable":true,"href":"https:\/\/poppers-online.ch\/fr\/wp-json\/wp\/v2\/product_brand?post=76510"},{"taxonomy":"product_cat","embeddable":true,"href":"https:\/\/poppers-online.ch\/fr\/wp-json\/wp\/v2\/product_cat?post=76510"},{"taxonomy":"product_tag","embeddable":true,"href":"https:\/\/poppers-online.ch\/fr\/wp-json\/wp\/v2\/product_tag?post=76510"}],"curies":[{"name":"wp","href":"https:\/\/api.w.org\/{rel}","templated":true}]}}