{"id":76485,"date":"2023-11-16T13:07:21","date_gmt":"2023-11-16T12:08:56","guid":{"rendered":"https:\/\/poppers-online.ch\/produkt\/male-anal-relax-lube-250ml\/"},"modified":"2023-11-16T13:08:56","modified_gmt":"2023-11-16T12:08:56","slug":"male-anal-relax-lube-250ml","status":"publish","type":"product","link":"https:\/\/poppers-online.ch\/fr\/produit\/male-anal-relax-lube-250ml\/","title":{"rendered":"Male Anal Relax Lube 250ml"},"content":{"rendered":"","protected":false},"excerpt":{"rendered":"<p>Male Anal Relax Lube 250ml a un effet inhibiteur stimulant et produit une sensation apaisante et l\u00e9g\u00e8rement anesth\u00e9siante. Le lubrifiant a un effet relaxant et n&rsquo;est pas collant, il est facile \u00e0 enlever et peut \u00eatre utilis\u00e9 avec un pr\u00e9servatif. Il a \u00e9t\u00e9 sp\u00e9cialement con\u00e7u pour la p\u00e9n\u00e9tration anale.<\/p>\n","protected":false},"featured_media":76482,"comment_status":"closed","ping_status":"closed","template":"","meta":{"_acf_changed":false,"iawp_total_views":54,"_glsr_average":0,"_glsr_ranking":0,"_glsr_reviews":0},"product_brand":[],"product_cat":[2067,2061,166],"product_tag":[1529],"class_list":{"0":"post-76485","1":"product","2":"type-product","3":"status-publish","4":"has-post-thumbnail","6":"product_cat-lubrifiant","7":"product_cat-spray-relaxant-anal","8":"product_cat-droguerie","9":"product_tag-male-anal-relax-lube-250ml-fr","11":"first","12":"instock","13":"taxable","14":"shipping-taxable","15":"purchasable","16":"product-type-simple"},"acf":[],"_links":{"self":[{"href":"https:\/\/poppers-online.ch\/fr\/wp-json\/wp\/v2\/product\/76485","targetHints":{"allow":["GET"]}}],"collection":[{"href":"https:\/\/poppers-online.ch\/fr\/wp-json\/wp\/v2\/product"}],"about":[{"href":"https:\/\/poppers-online.ch\/fr\/wp-json\/wp\/v2\/types\/product"}],"replies":[{"embeddable":true,"href":"https:\/\/poppers-online.ch\/fr\/wp-json\/wp\/v2\/comments?post=76485"}],"wp:featuredmedia":[{"embeddable":true,"href":"https:\/\/poppers-online.ch\/fr\/wp-json\/wp\/v2\/media\/76482"}],"wp:attachment":[{"href":"https:\/\/poppers-online.ch\/fr\/wp-json\/wp\/v2\/media?parent=76485"}],"wp:term":[{"taxonomy":"product_brand","embeddable":true,"href":"https:\/\/poppers-online.ch\/fr\/wp-json\/wp\/v2\/product_brand?post=76485"},{"taxonomy":"product_cat","embeddable":true,"href":"https:\/\/poppers-online.ch\/fr\/wp-json\/wp\/v2\/product_cat?post=76485"},{"taxonomy":"product_tag","embeddable":true,"href":"https:\/\/poppers-online.ch\/fr\/wp-json\/wp\/v2\/product_tag?post=76485"}],"curies":[{"name":"wp","href":"https:\/\/api.w.org\/{rel}","templated":true}]}}