{"id":76442,"date":"2023-11-16T12:08:48","date_gmt":"2023-11-16T11:08:48","guid":{"rendered":"https:\/\/poppers-online.ch\/?post_type=product&#038;p=76442"},"modified":"2024-10-15T23:35:52","modified_gmt":"2024-10-15T21:35:52","slug":"pdx-pipedream-viewtube-stroker-masturbateur","status":"publish","type":"product","link":"https:\/\/poppers-online.ch\/fr\/produit\/pdx-pipedream-viewtube-stroker-masturbateur\/","title":{"rendered":"Masturbateur PDX Pipedream Viewtube Stroker"},"content":{"rendered":"","protected":false},"excerpt":{"rendered":"<p>Pour une vue excitante lors de la masturbation et pour te voir en action, ins\u00e8re ton meilleur morceau dans le stroker See-Thru ViewTube ! Ce masturbateur transparent poss\u00e8de un tunnel \u00e9tonnamment structur\u00e9 pour un maximum de sensations !<\/p>\n<p>Gr\u00e2ce \u00e0 sa coque solide, le Stroker tient parfaitement dans la main. Attrape-le et masse-toi le p\u00e9nis avec et laisse-toi exciter par la vue de ta propre queue.<\/p>\n<p>En haut de la coque se trouve un trou avec un autocollant pour le contr\u00f4le de l&rsquo;aspiration. Enl\u00e8ve-le et profite de plus de glisse et de moins d&rsquo;aspiration si tu veux aller vite. Pour plus d&rsquo;aspiration, tu peux recouvrir le trou avec ton doigt ou laisser l&rsquo;autocollant en place !<\/p>\n<p>Pour un nettoyage rapide, retire l&rsquo;enveloppe de la cup et nettoie-la soigneusement \u00e0 l&rsquo;eau chaude et au savon doux ou au nettoyant pour sextoys, puis laisse-la s\u00e9cher compl\u00e8tement \u00e0 l&rsquo;air avant de la ranger dans un endroit frais et sombre.<\/p>\n<p><strong>D\u00e9tails du produit :<\/strong><\/p>\n<ul>\n<li>\u00a0Masturbateur transparent<\/li>\n<li>Avec des picots et des nervures excitants<\/li>\n<li>Regarde ta bite en action<\/li>\n<li>Coque dure pour une tenue parfaite<\/li>\n<li>Avec ouverture d&rsquo;aspiration<\/li>\n<li>Facile \u00e0 utiliser et \u00e0 nettoyer<\/li>\n<\/ul>\n<p>&nbsp;<\/p>\n<ul>\n<li><strong>longueur totale:<\/strong> environ 18,5 cm<\/li>\n<li><strong>Longueur d&rsquo;insertion:<\/strong> environ 16,5 cm<\/li>\n<li><strong>Diam\u00e8tre d&rsquo;insertion:<\/strong> environ 5 cm<\/li>\n<li><strong>diam\u00e8tre:<\/strong> environ 7 cm<\/li>\n<li><strong>Mat\u00e9riau:<\/strong> plastique ABS, TPR<\/li>\n<li><strong>couleur:<\/strong> transparent<\/li>\n<\/ul>\n","protected":false},"featured_media":76446,"comment_status":"open","ping_status":"closed","template":"","meta":{"_acf_changed":false,"iawp_total_views":4,"_glsr_average":0,"_glsr_ranking":0,"_glsr_reviews":0},"product_brand":[],"product_cat":[2094,171],"product_tag":[647,652],"class_list":{"0":"post-76442","1":"product","2":"type-product","3":"status-publish","4":"has-post-thumbnail","6":"product_cat-masturbateur","7":"product_cat-sex-toys","8":"product_tag-masturbateur","9":"product_tag-pdx-masturbateur-fuck-my-cock-xl-25-cm","11":"first","12":"outofstock","13":"taxable","14":"shipping-taxable","15":"purchasable","16":"product-type-simple"},"acf":[],"_links":{"self":[{"href":"https:\/\/poppers-online.ch\/fr\/wp-json\/wp\/v2\/product\/76442","targetHints":{"allow":["GET"]}}],"collection":[{"href":"https:\/\/poppers-online.ch\/fr\/wp-json\/wp\/v2\/product"}],"about":[{"href":"https:\/\/poppers-online.ch\/fr\/wp-json\/wp\/v2\/types\/product"}],"replies":[{"embeddable":true,"href":"https:\/\/poppers-online.ch\/fr\/wp-json\/wp\/v2\/comments?post=76442"}],"wp:featuredmedia":[{"embeddable":true,"href":"https:\/\/poppers-online.ch\/fr\/wp-json\/wp\/v2\/media\/76446"}],"wp:attachment":[{"href":"https:\/\/poppers-online.ch\/fr\/wp-json\/wp\/v2\/media?parent=76442"}],"wp:term":[{"taxonomy":"product_brand","embeddable":true,"href":"https:\/\/poppers-online.ch\/fr\/wp-json\/wp\/v2\/product_brand?post=76442"},{"taxonomy":"product_cat","embeddable":true,"href":"https:\/\/poppers-online.ch\/fr\/wp-json\/wp\/v2\/product_cat?post=76442"},{"taxonomy":"product_tag","embeddable":true,"href":"https:\/\/poppers-online.ch\/fr\/wp-json\/wp\/v2\/product_tag?post=76442"}],"curies":[{"name":"wp","href":"https:\/\/api.w.org\/{rel}","templated":true}]}}