{"id":75954,"date":"2023-11-11T17:03:39","date_gmt":"2023-11-11T16:03:39","guid":{"rendered":"https:\/\/poppers-online.ch\/produkt\/top-preservatifs-extra-wet-100-pieces\/"},"modified":"2023-12-20T21:33:13","modified_gmt":"2023-12-20T20:33:13","slug":"top-kondome-extra-wet-100-stueck","status":"publish","type":"product","link":"https:\/\/poppers-online.ch\/fr\/produit\/top-kondome-extra-wet-100-stueck\/","title":{"rendered":"TOP Pr\u00e9servatifs Extra Wet &#8211; 100 pi\u00e8ces"},"content":{"rendered":"","protected":false},"excerpt":{"rendered":"<p>La marque de pr\u00e9servatifs TOP est synonyme de pr\u00e9servatifs de qualit\u00e9 sup\u00e9rieure \u00e0 un prix raisonnable. Les pr\u00e9servatifs TOP EXTRA WET sont de couleur naturelle, transparents, lisses, de forme cylindrique et munis d&rsquo;un r\u00e9servoir contenant du lubrifiant.<\/p>\n<ul>\n<li>1 sachet de 100 pr\u00e9servatifs<\/li>\n<li>Largeur nominale 54mm<\/li>\n<\/ul>\n","protected":false},"featured_media":75946,"comment_status":"closed","ping_status":"closed","template":"","meta":{"_acf_changed":false,"iawp_total_views":2,"_glsr_average":0,"_glsr_ranking":0,"_glsr_reviews":0},"product_brand":[],"product_cat":[2073,166],"product_tag":[1506],"class_list":{"0":"post-75954","1":"product","2":"type-product","3":"status-publish","4":"has-post-thumbnail","6":"product_cat-preservatif","7":"product_cat-droguerie","8":"product_tag-top-preservatifs-extra-wet-100-pieces","10":"first","11":"instock","12":"sale","13":"taxable","14":"shipping-taxable","15":"purchasable","16":"product-type-simple"},"acf":[],"_links":{"self":[{"href":"https:\/\/poppers-online.ch\/fr\/wp-json\/wp\/v2\/product\/75954","targetHints":{"allow":["GET"]}}],"collection":[{"href":"https:\/\/poppers-online.ch\/fr\/wp-json\/wp\/v2\/product"}],"about":[{"href":"https:\/\/poppers-online.ch\/fr\/wp-json\/wp\/v2\/types\/product"}],"replies":[{"embeddable":true,"href":"https:\/\/poppers-online.ch\/fr\/wp-json\/wp\/v2\/comments?post=75954"}],"wp:featuredmedia":[{"embeddable":true,"href":"https:\/\/poppers-online.ch\/fr\/wp-json\/wp\/v2\/media\/75946"}],"wp:attachment":[{"href":"https:\/\/poppers-online.ch\/fr\/wp-json\/wp\/v2\/media?parent=75954"}],"wp:term":[{"taxonomy":"product_brand","embeddable":true,"href":"https:\/\/poppers-online.ch\/fr\/wp-json\/wp\/v2\/product_brand?post=75954"},{"taxonomy":"product_cat","embeddable":true,"href":"https:\/\/poppers-online.ch\/fr\/wp-json\/wp\/v2\/product_cat?post=75954"},{"taxonomy":"product_tag","embeddable":true,"href":"https:\/\/poppers-online.ch\/fr\/wp-json\/wp\/v2\/product_tag?post=75954"}],"curies":[{"name":"wp","href":"https:\/\/api.w.org\/{rel}","templated":true}]}}