{"id":75915,"date":"2023-11-11T16:29:46","date_gmt":"2023-11-11T15:32:08","guid":{"rendered":"https:\/\/poppers-online.ch\/produkt\/preservatifs-london-extra-large-xxl-100-pieces\/"},"modified":"2024-10-15T23:35:53","modified_gmt":"2024-10-15T21:35:53","slug":"london-condoms-extra-grand-xxl-100-pieces","status":"publish","type":"product","link":"https:\/\/poppers-online.ch\/fr\/produit\/london-condoms-extra-grand-xxl-100-pieces\/","title":{"rendered":"Pr\u00e9servatifs London Extra Large XXL &#8211; 100 pi\u00e8ces"},"content":{"rendered":"","protected":false},"excerpt":{"rendered":"<p>La marque London de Durex est la r\u00e9f\u00e9rence en or dans le domaine des pr\u00e9servatifs. Les pr\u00e9servatifs London Extra Gross XXL 100 pi\u00e8ces sont humidifi\u00e9s et transparents, fabriqu\u00e9s en caoutchouc naturel et munis d&rsquo;un r\u00e9servoir. Ces pr\u00e9servatifs conviennent \u00e0 un p\u00e9nis de taille moyenne \u00e0 grande. Les pr\u00e9servatifs London sont test\u00e9s dermatologiquement et \u00e9lectroniquement, soud\u00e9s individuellement et emball\u00e9s en vrac dans un sachet.<\/p>\n<ul>\n<li>1 sachet de 100 pr\u00e9servatifs<\/li>\n<li>poids 0,36kg<\/li>\n<li>Largeur nominale 56mm<<\/li>\n<\/ul>\n","protected":false},"featured_media":75912,"comment_status":"closed","ping_status":"closed","template":"","meta":{"_acf_changed":false,"iawp_total_views":3,"_glsr_average":0,"_glsr_ranking":0,"_glsr_reviews":0},"product_brand":[],"product_cat":[2073,166],"product_tag":[1490],"class_list":{"0":"post-75915","1":"product","2":"type-product","3":"status-publish","4":"has-post-thumbnail","6":"product_cat-preservatif","7":"product_cat-droguerie","8":"product_tag-preservatifs-london-extra-large-xxl-100-pieces","10":"first","11":"outofstock","12":"taxable","13":"shipping-taxable","14":"purchasable","15":"product-type-simple"},"acf":[],"_links":{"self":[{"href":"https:\/\/poppers-online.ch\/fr\/wp-json\/wp\/v2\/product\/75915","targetHints":{"allow":["GET"]}}],"collection":[{"href":"https:\/\/poppers-online.ch\/fr\/wp-json\/wp\/v2\/product"}],"about":[{"href":"https:\/\/poppers-online.ch\/fr\/wp-json\/wp\/v2\/types\/product"}],"replies":[{"embeddable":true,"href":"https:\/\/poppers-online.ch\/fr\/wp-json\/wp\/v2\/comments?post=75915"}],"wp:featuredmedia":[{"embeddable":true,"href":"https:\/\/poppers-online.ch\/fr\/wp-json\/wp\/v2\/media\/75912"}],"wp:attachment":[{"href":"https:\/\/poppers-online.ch\/fr\/wp-json\/wp\/v2\/media?parent=75915"}],"wp:term":[{"taxonomy":"product_brand","embeddable":true,"href":"https:\/\/poppers-online.ch\/fr\/wp-json\/wp\/v2\/product_brand?post=75915"},{"taxonomy":"product_cat","embeddable":true,"href":"https:\/\/poppers-online.ch\/fr\/wp-json\/wp\/v2\/product_cat?post=75915"},{"taxonomy":"product_tag","embeddable":true,"href":"https:\/\/poppers-online.ch\/fr\/wp-json\/wp\/v2\/product_tag?post=75915"}],"curies":[{"name":"wp","href":"https:\/\/api.w.org\/{rel}","templated":true}]}}