{"id":75854,"date":"2023-11-10T21:36:23","date_gmt":"2023-11-10T20:36:23","guid":{"rendered":"https:\/\/poppers-online.ch\/?post_type=product&#038;p=75854"},"modified":"2024-10-15T23:35:54","modified_gmt":"2024-10-15T21:35:54","slug":"preservatifs-london-rouge-a-larome-de-fraise-1000-pieces","status":"publish","type":"product","link":"https:\/\/poppers-online.ch\/fr\/produit\/preservatifs-london-rouge-a-larome-de-fraise-1000-pieces\/","title":{"rendered":"Pr\u00e9servatifs London Rouge \u00e0 l&rsquo;ar\u00f4me de fraise &#8211; 1000 pi\u00e8ces"},"content":{"rendered":"","protected":false},"excerpt":{"rendered":"<p>La marque London de Durex est la r\u00e9f\u00e9rence en or dans le domaine des pr\u00e9servatifs. Les pr\u00e9servatifs London Rouge sont aromatis\u00e9s \u00e0 la fraise, humidifi\u00e9s et transparents, fabriqu\u00e9s en caoutchouc naturel et munis d&rsquo;un r\u00e9servoir. Ces pr\u00e9servatifs conviennent \u00e0 un p\u00e9nis de taille moyenne \u00e0 grande. Les pr\u00e9servatifs London sont test\u00e9s dermatologiquement et \u00e9lectroniquement, soud\u00e9s individuellement et emball\u00e9s en vrac dans un sachet.<\/p>\n<ul>\n<li>1 sachet de 1000 pr\u00e9servatifs<\/li>\n<li>poids 2,83kg<\/li>\n<li>Largeur nominale 56mm<\/li>\n<\/ul>\n","protected":false},"featured_media":75848,"comment_status":"open","ping_status":"closed","template":"","meta":{"_acf_changed":false,"iawp_total_views":1,"_glsr_average":0,"_glsr_ranking":0,"_glsr_reviews":0},"product_brand":[],"product_cat":[2073,166],"product_tag":[],"class_list":{"0":"post-75854","1":"product","2":"type-product","3":"status-publish","4":"has-post-thumbnail","6":"product_cat-preservatif","7":"product_cat-droguerie","9":"first","10":"instock","11":"sale","12":"taxable","13":"shipping-taxable","14":"purchasable","15":"product-type-simple"},"acf":[],"_links":{"self":[{"href":"https:\/\/poppers-online.ch\/fr\/wp-json\/wp\/v2\/product\/75854","targetHints":{"allow":["GET"]}}],"collection":[{"href":"https:\/\/poppers-online.ch\/fr\/wp-json\/wp\/v2\/product"}],"about":[{"href":"https:\/\/poppers-online.ch\/fr\/wp-json\/wp\/v2\/types\/product"}],"replies":[{"embeddable":true,"href":"https:\/\/poppers-online.ch\/fr\/wp-json\/wp\/v2\/comments?post=75854"}],"wp:featuredmedia":[{"embeddable":true,"href":"https:\/\/poppers-online.ch\/fr\/wp-json\/wp\/v2\/media\/75848"}],"wp:attachment":[{"href":"https:\/\/poppers-online.ch\/fr\/wp-json\/wp\/v2\/media?parent=75854"}],"wp:term":[{"taxonomy":"product_brand","embeddable":true,"href":"https:\/\/poppers-online.ch\/fr\/wp-json\/wp\/v2\/product_brand?post=75854"},{"taxonomy":"product_cat","embeddable":true,"href":"https:\/\/poppers-online.ch\/fr\/wp-json\/wp\/v2\/product_cat?post=75854"},{"taxonomy":"product_tag","embeddable":true,"href":"https:\/\/poppers-online.ch\/fr\/wp-json\/wp\/v2\/product_tag?post=75854"}],"curies":[{"name":"wp","href":"https:\/\/api.w.org\/{rel}","templated":true}]}}