{"id":75836,"date":"2023-11-10T21:01:01","date_gmt":"2023-11-10T20:01:02","guid":{"rendered":"https:\/\/poppers-online.ch\/?post_type=product&#038;p=75836"},"modified":"2024-10-15T23:35:55","modified_gmt":"2024-10-15T21:35:55","slug":"preservatifs-london-rouges-avec-arome-de-fraise-100-unites","status":"publish","type":"product","link":"https:\/\/poppers-online.ch\/fr\/produit\/preservatifs-london-rouges-avec-arome-de-fraise-100-unites\/","title":{"rendered":"Pr\u00e9servatifs London rouges avec ar\u00f4me de fraise &#8211; 100 unit\u00e9s"},"content":{"rendered":"","protected":false},"excerpt":{"rendered":"<p>La marque London de Durex est la r\u00e9f\u00e9rence en mati\u00e8re de pr\u00e9servatifs. Les pr\u00e9servatifs London rouges sont aromatis\u00e9s \u00e0 la fraise, lubrifi\u00e9s, transparents, fabriqu\u00e9s en latex naturel et munis d&rsquo;un r\u00e9servoir. Ces pr\u00e9servatifs conviennent pour un p\u00e9nis de taille moyenne \u00e0 grande. Les pr\u00e9servatifs London sont test\u00e9s dermatologiquement et \u00e9lectroniquement, emball\u00e9s individuellement et conditionn\u00e9s en vrac dans un sachet.<\/p>\n<ul>\n<li>1 sachet de 100 pr\u00e9servatifs<\/li>\n<li>Poids : 0,29 kg<\/li>\n<li>Largeur nominale : 56 mm<\/li>\n<\/ul>\n","protected":false},"featured_media":75848,"comment_status":"open","ping_status":"closed","template":"","meta":{"_acf_changed":false,"iawp_total_views":4,"_glsr_average":0,"_glsr_ranking":0,"_glsr_reviews":0},"product_brand":[],"product_cat":[2073,166],"product_tag":[814],"class_list":{"0":"post-75836","1":"product","2":"type-product","3":"status-publish","4":"has-post-thumbnail","6":"product_cat-preservatif","7":"product_cat-droguerie","8":"product_tag-preservatifs","10":"first","11":"instock","12":"sale","13":"taxable","14":"shipping-taxable","15":"purchasable","16":"product-type-simple"},"acf":[],"_links":{"self":[{"href":"https:\/\/poppers-online.ch\/fr\/wp-json\/wp\/v2\/product\/75836","targetHints":{"allow":["GET"]}}],"collection":[{"href":"https:\/\/poppers-online.ch\/fr\/wp-json\/wp\/v2\/product"}],"about":[{"href":"https:\/\/poppers-online.ch\/fr\/wp-json\/wp\/v2\/types\/product"}],"replies":[{"embeddable":true,"href":"https:\/\/poppers-online.ch\/fr\/wp-json\/wp\/v2\/comments?post=75836"}],"wp:featuredmedia":[{"embeddable":true,"href":"https:\/\/poppers-online.ch\/fr\/wp-json\/wp\/v2\/media\/75848"}],"wp:attachment":[{"href":"https:\/\/poppers-online.ch\/fr\/wp-json\/wp\/v2\/media?parent=75836"}],"wp:term":[{"taxonomy":"product_brand","embeddable":true,"href":"https:\/\/poppers-online.ch\/fr\/wp-json\/wp\/v2\/product_brand?post=75836"},{"taxonomy":"product_cat","embeddable":true,"href":"https:\/\/poppers-online.ch\/fr\/wp-json\/wp\/v2\/product_cat?post=75836"},{"taxonomy":"product_tag","embeddable":true,"href":"https:\/\/poppers-online.ch\/fr\/wp-json\/wp\/v2\/product_tag?post=75836"}],"curies":[{"name":"wp","href":"https:\/\/api.w.org\/{rel}","templated":true}]}}