{"id":75797,"date":"2023-11-10T16:12:37","date_gmt":"2023-11-10T15:12:37","guid":{"rendered":"https:\/\/poppers-online.ch\/?post_type=product&#038;p=75797"},"modified":"2024-10-15T23:35:57","modified_gmt":"2024-10-15T21:35:57","slug":"london-marque-preservative-london-q600-600-100-piece","status":"publish","type":"product","link":"https:\/\/poppers-online.ch\/fr\/produit\/london-marque-preservative-london-q600-600-100-piece\/","title":{"rendered":"Pr\u00e9servatifs de marque London Q600 600 (100 pi\u00e8ces)"},"content":{"rendered":"","protected":false},"excerpt":{"rendered":"<p>La marque London de Durex est la r\u00e9f\u00e9rence en or dans le domaine des pr\u00e9servatifs. Les pr\u00e9servatifs London Q600 600 sont humidifi\u00e9s et transparents, fabriqu\u00e9s en caoutchouc naturel et munis d&rsquo;un r\u00e9servoir. Ces pr\u00e9servatifs conviennent \u00e0 un p\u00e9nis de taille moyenne. Les pr\u00e9servatifs London sont test\u00e9s dermatologiquement et \u00e9lectroniquement, soud\u00e9s individuellement et emball\u00e9s en vrac dans un sachet.<\/p>\n<ul>\n<li>1 sachet de 100 pr\u00e9servatifs<\/li>\n<li>poids 0,25kg<\/li>\n<li>Largeur nominale 52mm<\/li>\n<\/ul>\n","protected":false},"featured_media":75801,"comment_status":"open","ping_status":"closed","template":"","meta":{"_acf_changed":false,"iawp_total_views":3,"_glsr_average":0,"_glsr_ranking":0,"_glsr_reviews":0},"product_brand":[],"product_cat":[2073,166],"product_tag":[814,1468],"class_list":{"0":"post-75797","1":"product","2":"type-product","3":"status-publish","4":"has-post-thumbnail","6":"product_cat-preservatif","7":"product_cat-droguerie","8":"product_tag-preservatifs","9":"product_tag-preservatifs-de-marque-london-q600-600-100-pieces","11":"first","12":"instock","13":"taxable","14":"shipping-taxable","15":"purchasable","16":"product-type-simple"},"acf":[],"_links":{"self":[{"href":"https:\/\/poppers-online.ch\/fr\/wp-json\/wp\/v2\/product\/75797","targetHints":{"allow":["GET"]}}],"collection":[{"href":"https:\/\/poppers-online.ch\/fr\/wp-json\/wp\/v2\/product"}],"about":[{"href":"https:\/\/poppers-online.ch\/fr\/wp-json\/wp\/v2\/types\/product"}],"replies":[{"embeddable":true,"href":"https:\/\/poppers-online.ch\/fr\/wp-json\/wp\/v2\/comments?post=75797"}],"wp:featuredmedia":[{"embeddable":true,"href":"https:\/\/poppers-online.ch\/fr\/wp-json\/wp\/v2\/media\/75801"}],"wp:attachment":[{"href":"https:\/\/poppers-online.ch\/fr\/wp-json\/wp\/v2\/media?parent=75797"}],"wp:term":[{"taxonomy":"product_brand","embeddable":true,"href":"https:\/\/poppers-online.ch\/fr\/wp-json\/wp\/v2\/product_brand?post=75797"},{"taxonomy":"product_cat","embeddable":true,"href":"https:\/\/poppers-online.ch\/fr\/wp-json\/wp\/v2\/product_cat?post=75797"},{"taxonomy":"product_tag","embeddable":true,"href":"https:\/\/poppers-online.ch\/fr\/wp-json\/wp\/v2\/product_tag?post=75797"}],"curies":[{"name":"wp","href":"https:\/\/api.w.org\/{rel}","templated":true}]}}