{"id":75120,"date":"2023-11-06T16:51:39","date_gmt":"2023-11-06T15:51:41","guid":{"rendered":"https:\/\/poppers-online.ch\/?post_type=product&#038;p=75120"},"modified":"2024-10-15T23:36:06","modified_gmt":"2024-10-15T21:36:06","slug":"kinky-monster-ball-stretcher-en-acier-inox-plat-haut-14mm","status":"publish","type":"product","link":"https:\/\/poppers-online.ch\/fr\/produit\/kinky-monster-ball-stretcher-en-acier-inox-plat-haut-14mm\/","title":{"rendered":"Kinky Monster Ball Stretcher en acier inoxydable plat &#8211; hauteur 14mm"},"content":{"rendered":"","protected":false},"excerpt":{"rendered":"<p><span style=\"font-weight: 400;\">Le strecher Kinky Monster Ball en acier inoxydable poli est adapt\u00e9 \u00e0 une fixation individuelle gr\u00e2ce \u00e0 sa forme plate. L&rsquo;avantage particulier de ce Ball Strecher est qu&rsquo;il peut \u00eatre facilement combin\u00e9 de mani\u00e8re modulaire avec d&rsquo;autres Ball Strecher plats. Un poids de 260 g n&rsquo;est pas suffisant pour tous, c&rsquo;est pourquoi tu peux tr\u00e8s facilement combiner et monter un deuxi\u00e8me strecher plat Kinky Monster Ball. Nous connaissons des amis qui l&rsquo;aiment particuli\u00e8rement avec trois x 260g. Le ballstretcher est en deux parties et se fixe \u00e0 l&rsquo;aide d&rsquo;une vis \u00e0 six pans creux. Nous fournissons \u00e9galement la cl\u00e9 Allen correspondante. En cas de douleur, tu dois imm\u00e9diatement retirer le ball stretcher. Pour cela, tu dois garder la cl\u00e9 Allen \u00e0 port\u00e9e de main. L&rsquo;acier inoxydable assure une longue dur\u00e9e de vie et un nettoyage tr\u00e8s facile et hygi\u00e9nique. Le strecher plat Kinky Monster Ball en acier inoxydable est disponible en deux diam\u00e8tres int\u00e9rieurs diff\u00e9rents<strong>(35mm = M, 40mm = L<\/strong>). Le poids est de 260 g et la hauteur du ball strecher est de 14 mm.<\/span><\/p>\n","protected":false},"featured_media":75136,"comment_status":"open","ping_status":"closed","template":"","meta":{"_acf_changed":false,"iawp_total_views":30,"_glsr_average":0,"_glsr_ranking":0,"_glsr_reviews":0},"product_brand":[],"product_cat":[2088,171],"product_tag":[1420],"class_list":{"0":"post-75120","1":"product","2":"type-product","3":"status-publish","4":"has-post-thumbnail","6":"product_cat-ball-play","7":"product_cat-sex-toys","8":"product_tag-kinky-monster-ball-strecher-rond-en-acier-inoxydable-diametre-18mm","10":"first","11":"instock","12":"taxable","13":"shipping-taxable","14":"purchasable","15":"product-type-variable","16":"has-default-attributes"},"acf":[],"_links":{"self":[{"href":"https:\/\/poppers-online.ch\/fr\/wp-json\/wp\/v2\/product\/75120","targetHints":{"allow":["GET"]}}],"collection":[{"href":"https:\/\/poppers-online.ch\/fr\/wp-json\/wp\/v2\/product"}],"about":[{"href":"https:\/\/poppers-online.ch\/fr\/wp-json\/wp\/v2\/types\/product"}],"replies":[{"embeddable":true,"href":"https:\/\/poppers-online.ch\/fr\/wp-json\/wp\/v2\/comments?post=75120"}],"wp:featuredmedia":[{"embeddable":true,"href":"https:\/\/poppers-online.ch\/fr\/wp-json\/wp\/v2\/media\/75136"}],"wp:attachment":[{"href":"https:\/\/poppers-online.ch\/fr\/wp-json\/wp\/v2\/media?parent=75120"}],"wp:term":[{"taxonomy":"product_brand","embeddable":true,"href":"https:\/\/poppers-online.ch\/fr\/wp-json\/wp\/v2\/product_brand?post=75120"},{"taxonomy":"product_cat","embeddable":true,"href":"https:\/\/poppers-online.ch\/fr\/wp-json\/wp\/v2\/product_cat?post=75120"},{"taxonomy":"product_tag","embeddable":true,"href":"https:\/\/poppers-online.ch\/fr\/wp-json\/wp\/v2\/product_tag?post=75120"}],"curies":[{"name":"wp","href":"https:\/\/api.w.org\/{rel}","templated":true}]}}