{"id":75086,"date":"2023-11-06T16:20:46","date_gmt":"2023-11-06T15:20:46","guid":{"rendered":"https:\/\/poppers-online.ch\/?post_type=product&#038;p=75086"},"modified":"2024-10-15T23:40:30","modified_gmt":"2024-10-15T21:40:30","slug":"kinky-monster-ball-strecher-en-acier-inox-rond-diametre-18mm","status":"publish","type":"product","link":"https:\/\/poppers-online.ch\/fr\/produit\/kinky-monster-ball-strecher-en-acier-inox-rond-diametre-18mm\/","title":{"rendered":"Kinky Monster Ball strecher rond en acier inoxydable &#8211; diam\u00e8tre 18mm"},"content":{"rendered":"","protected":false},"excerpt":{"rendered":"<p><span style=\"font-weight: 400;\">L&rsquo;extenseur de testicules Kinky Monster en acier inoxydable poli est particuli\u00e8rement confortable \u00e0 porter gr\u00e2ce \u00e0 sa forme ronde. La surface lisse et arrondie assure un confort particuli\u00e8rement agr\u00e9able et durable. Le ballstretcher est en deux parties et se fixe \u00e0 l&rsquo;aide d&rsquo;une vis \u00e0 six pans creux. Nous fournissons \u00e9galement la cl\u00e9 Allen correspondante. Avec 290g, l&rsquo;anneau est assez lourd et convient \u00e0 l&rsquo;entra\u00eenement au poids. Bien s\u00fbr, tu peux aussi fixer deux anneaux extenseurs de testicules sur ton scrotum ou celui de ton partenaire. En cas de douleur, tu dois imm\u00e9diatement retirer le ball stretcher. Pour cela, tu dois garder la cl\u00e9 Allen \u00e0 port\u00e9e de main. L&rsquo;acier inoxydable assure une longue dur\u00e9e de vie et un nettoyage tr\u00e8s facile et hygi\u00e9nique. Le strecher rond Kinky Monster Ball en acier inoxydable est disponible en quatre diam\u00e8tres int\u00e9rieurs diff\u00e9rents<strong>(35mm = S, 40mm = M, 45mm = L, 50mm = XL<\/strong>). Le poids est de 290g et le diam\u00e8tre de l&rsquo;anneau est de 18mm.<\/span><\/p>\n","protected":false},"featured_media":75090,"comment_status":"open","ping_status":"closed","template":"","meta":{"_acf_changed":false,"iawp_total_views":1,"_glsr_average":0,"_glsr_ranking":0,"_glsr_reviews":0},"product_brand":[],"product_cat":[2088,171],"product_tag":[1420],"class_list":{"0":"post-75086","1":"product","2":"type-product","3":"status-publish","4":"has-post-thumbnail","6":"product_cat-ball-play","7":"product_cat-sex-toys","8":"product_tag-kinky-monster-ball-strecher-rond-en-acier-inoxydable-diametre-18mm","10":"first","11":"instock","12":"taxable","13":"shipping-taxable","14":"purchasable","15":"product-type-variable","16":"has-default-attributes"},"acf":[],"_links":{"self":[{"href":"https:\/\/poppers-online.ch\/fr\/wp-json\/wp\/v2\/product\/75086","targetHints":{"allow":["GET"]}}],"collection":[{"href":"https:\/\/poppers-online.ch\/fr\/wp-json\/wp\/v2\/product"}],"about":[{"href":"https:\/\/poppers-online.ch\/fr\/wp-json\/wp\/v2\/types\/product"}],"replies":[{"embeddable":true,"href":"https:\/\/poppers-online.ch\/fr\/wp-json\/wp\/v2\/comments?post=75086"}],"wp:featuredmedia":[{"embeddable":true,"href":"https:\/\/poppers-online.ch\/fr\/wp-json\/wp\/v2\/media\/75090"}],"wp:attachment":[{"href":"https:\/\/poppers-online.ch\/fr\/wp-json\/wp\/v2\/media?parent=75086"}],"wp:term":[{"taxonomy":"product_brand","embeddable":true,"href":"https:\/\/poppers-online.ch\/fr\/wp-json\/wp\/v2\/product_brand?post=75086"},{"taxonomy":"product_cat","embeddable":true,"href":"https:\/\/poppers-online.ch\/fr\/wp-json\/wp\/v2\/product_cat?post=75086"},{"taxonomy":"product_tag","embeddable":true,"href":"https:\/\/poppers-online.ch\/fr\/wp-json\/wp\/v2\/product_tag?post=75086"}],"curies":[{"name":"wp","href":"https:\/\/api.w.org\/{rel}","templated":true}]}}