{"id":73835,"date":"2023-10-25T17:48:54","date_gmt":"2023-10-25T15:48:55","guid":{"rendered":"https:\/\/poppers-online.ch\/?post_type=product&#038;p=73835"},"modified":"2024-10-15T23:40:37","modified_gmt":"2024-10-15T21:40:37","slug":"kinky-monster-black-10ml-poppers-incl-livre-de-poche-hit-hold-release-vol-1-edition-allemande","status":"publish","type":"product","link":"https:\/\/poppers-online.ch\/fr\/produit\/kinky-monster-black-10ml-poppers-incl-livre-de-poche-hit-hold-release-vol-1-edition-allemande\/","title":{"rendered":"Kinky Monster Black 10ml Poppers incl. livre de poche Hit Hold Release Vol. 1 &#8211; \u00c9dition allemande"},"content":{"rendered":"","protected":false},"excerpt":{"rendered":"<p><strong>Kinky Monster Black Poppers 10ml<\/strong> s&rsquo;adresse \u00e0 tous les kinksters et offre des poppers encore plus forts et plus durables. Les flacons de Kinky Monster Poppers contiennent en outre du pentyl nitrite particuli\u00e8rement pur et hautement concentr\u00e9. Les Kinky Monster Poppers sont disponibles en 8 vari\u00e9t\u00e9s diff\u00e9rentes. Le Kinky Monster Black Poppers fait partie des poppers les plus forts.<\/p>\n<p>Dans ce paquet, tu re\u00e7ois en plus le premier<strong> livre porno d&rsquo;histoires de sexe<\/strong>. Ce livre de poche est destin\u00e9 \u00e0 tous ceux qui aiment les poppers et le sexe entre hommes ! Tim Willems a \u00e9crit en d\u00e9tail ses exp\u00e9riences sexuelles les plus excitantes pour la premi\u00e8re partie, qui feront bander ta queue et t&rsquo;inciteront \u00e0 sniffer des poppers. Pour la deuxi\u00e8me partie du livre \u00e9rotique gay, les poppers du monde entier ont pu soumettre leurs histoires, qui te serviront \u00e9galement de mod\u00e8le de branlette ! Le point fort est l&rsquo;entra\u00eenement aux poppers, que tu as peut-\u00eatre d\u00e9j\u00e0 vu dans diff\u00e9rentes vid\u00e9os. Ici aussi, tu suis les instructions <strong>HIT &#8211; HOLD &#8211; RELEASE<\/strong> et tu as devant les yeux le porno le plus chaud : celui que ton imagination et les images que Tim te met dans la t\u00eate cr\u00e9ent ensemble.<\/p>\n","protected":false},"featured_media":73854,"comment_status":"open","ping_status":"closed","template":"","meta":{"_acf_changed":false,"iawp_total_views":1,"_glsr_average":0,"_glsr_ranking":0,"_glsr_reviews":0},"product_brand":[],"product_cat":[1046,76,78,149],"product_tag":[],"class_list":{"0":"post-73835","1":"product","2":"type-product","3":"status-publish","4":"has-post-thumbnail","6":"product_cat-poppers","7":"product_cat-paquets-economiques","8":"product_cat-petits-flacons","9":"product_cat-accessoires-poppers","10":"pa_flaschenform-ovale","11":"pa_gewindegroesse-small","12":"pa_inhalt-combo","13":"pa_inhalt-10ml","14":"pa_inhaltsstoffe-nitrite-de-pentyle","15":"pa_staerke-91","17":"first","18":"instock","19":"sale","20":"taxable","21":"shipping-taxable","22":"purchasable","23":"product-type-simple"},"acf":[],"_links":{"self":[{"href":"https:\/\/poppers-online.ch\/fr\/wp-json\/wp\/v2\/product\/73835","targetHints":{"allow":["GET"]}}],"collection":[{"href":"https:\/\/poppers-online.ch\/fr\/wp-json\/wp\/v2\/product"}],"about":[{"href":"https:\/\/poppers-online.ch\/fr\/wp-json\/wp\/v2\/types\/product"}],"replies":[{"embeddable":true,"href":"https:\/\/poppers-online.ch\/fr\/wp-json\/wp\/v2\/comments?post=73835"}],"wp:featuredmedia":[{"embeddable":true,"href":"https:\/\/poppers-online.ch\/fr\/wp-json\/wp\/v2\/media\/73854"}],"wp:attachment":[{"href":"https:\/\/poppers-online.ch\/fr\/wp-json\/wp\/v2\/media?parent=73835"}],"wp:term":[{"taxonomy":"product_brand","embeddable":true,"href":"https:\/\/poppers-online.ch\/fr\/wp-json\/wp\/v2\/product_brand?post=73835"},{"taxonomy":"product_cat","embeddable":true,"href":"https:\/\/poppers-online.ch\/fr\/wp-json\/wp\/v2\/product_cat?post=73835"},{"taxonomy":"product_tag","embeddable":true,"href":"https:\/\/poppers-online.ch\/fr\/wp-json\/wp\/v2\/product_tag?post=73835"}],"curies":[{"name":"wp","href":"https:\/\/api.w.org\/{rel}","templated":true}]}}