{"id":73711,"date":"2023-10-24T20:47:21","date_gmt":"2023-10-24T18:47:21","guid":{"rendered":"https:\/\/poppers-online.ch\/?post_type=product&#038;p=73711"},"modified":"2025-11-23T06:30:18","modified_gmt":"2025-11-23T05:30:18","slug":"sniff-it-zuerich-combo-zuerich-poppers-24ml-avec-poppers-booster-cap-xtrm-double-small-blue-leak-proof","status":"publish","type":"product","link":"https:\/\/poppers-online.ch\/fr\/produit\/sniff-it-zuerich-combo-zuerich-poppers-24ml-avec-poppers-booster-cap-xtrm-double-small-blue-leak-proof\/","title":{"rendered":"Sniff it Zurich-Combo ! Z\u00fcrich Poppers 24ml avec Poppers Booster Cap XTRM Double Small Black LEAK PROOF"},"content":{"rendered":"","protected":false},"excerpt":{"rendered":"<p><strong>Sniff it<\/strong> Zurich-Combo \u00e0 un prix HAMMER-Package ! Z\u00fcrich Poppers 24ml et Poppers Booster Cap XTRM Double Small Black LEAK PROOF pour un poppers kick encore plus intense. Effet renforc\u00e9 garanti. Le Mega <strong>Sniff it<\/strong> Swiss-Combo \u00e0 un prix attractif est l&rsquo;offre ultime pour votre coup de pouce suppl\u00e9mentaire en poppers ! <a href=\"https:\/\/poppers-online.ch\/fr\/produit\/zuerich-poppers-24ml\/\"><strong>Le poppers Z\u00fcrich 24ml<\/strong><\/a> est fabriqu\u00e9 \u00e0 base de nitrite de pentyle.<\/p>\n<p>Si les choses se g\u00e2tent imm\u00e9diatement apr\u00e8s avoir sniff\u00e9 du poppers, il peut arriver que le flacon de poppers de 24 ml de Zurich soit ensuite renvers\u00e9 et qu&rsquo;il ait fui. L&rsquo;\u00e9quipe XTRM a d\u00e9velopp\u00e9 \u00e0 cet effet une ing\u00e9nieuse casquette Poppers Booster \u00e0 bouton-pression, anti-fuite et facile \u00e0 utiliser. Tu visses le sniffer anti-fuite comme d&rsquo;habitude sur le flacon de Z\u00fcrich Poppers 24 ml.<\/p>\n<p>Ce n&rsquo;est que lorsque tu appuies sur le bouton-poussoir situ\u00e9 sur le c\u00f4t\u00e9 du couvercle que le poppers s&rsquo;\u00e9coule de le flacon par le canal de kick. Lorsque tu rel\u00e2ches le bouton-poussoir, le sniffer est \u00e0 nouveau <strong>\u00e9tanche \u00e0 100\u202f%<\/strong> et le poppers reste dans la flacon, m\u00eame si celle-ci a \u00e9t\u00e9 renvers\u00e9e ou devient trop chaud en ce moment. Ce nouveau syst\u00e8me de fermeture avec bouton-poussoir est de grande qualit\u00e9, ce n&rsquo;est pas un produit de masse et il est fabriqu\u00e9 en Autriche avec beaucoup d&rsquo;engagement.<\/p>\n<p>Le <strong>Double Small Black LEAK PROOF Booster Cap<\/strong> s&rsquo;adapte \u00e0 tous les flacons de <strong>10ml et 30ml<\/strong> de Lockerroom ainsi qu&rsquo;\u00e0<strong> tous les flacons de Shelbora et Oxymoron.<\/strong> D\u00e9couvre un coup de fouet et un confort suppl\u00e9mentaires lorsque tu tires des poppers. Plus jamais de flacons de Poppers renvers\u00e9es, gr\u00e2ce \u00e0 la capsule anti-fuite Poppers Booster LEAK PROOF.<\/p>\n","protected":false},"featured_media":86016,"comment_status":"open","ping_status":"closed","template":"","meta":{"_acf_changed":false,"iawp_total_views":20,"_glsr_average":0,"_glsr_ranking":0,"_glsr_reviews":0},"product_brand":[],"product_cat":[1046,76,77,149,1303],"product_tag":[1390],"class_list":{"0":"post-73711","1":"product","2":"type-product","3":"status-publish","4":"has-post-thumbnail","6":"product_cat-poppers","7":"product_cat-paquets-economiques","8":"product_cat-grands-flacons","9":"product_cat-accessoires-poppers","10":"product_cat-booster-caps","11":"product_tag-sniff-it-zuerich-combo-zuerich-poppers-24ml-mit-poppers-booster-cap-xtrm-double-small-blue-leak-proof-fr","12":"pa_flaschenform-ovale","13":"pa_gewindegroesse-small","14":"pa_inhalt-combo","15":"pa_inhalt-24ml","16":"pa_inhaltsstoffe-nitrite-de-pentyle","17":"pa_marke-edition-oxy","18":"pa_staerke-91","20":"first","21":"instock","22":"sale","23":"taxable","24":"shipping-taxable","25":"purchasable","26":"product-type-simple"},"acf":[],"_links":{"self":[{"href":"https:\/\/poppers-online.ch\/fr\/wp-json\/wp\/v2\/product\/73711","targetHints":{"allow":["GET"]}}],"collection":[{"href":"https:\/\/poppers-online.ch\/fr\/wp-json\/wp\/v2\/product"}],"about":[{"href":"https:\/\/poppers-online.ch\/fr\/wp-json\/wp\/v2\/types\/product"}],"replies":[{"embeddable":true,"href":"https:\/\/poppers-online.ch\/fr\/wp-json\/wp\/v2\/comments?post=73711"}],"wp:featuredmedia":[{"embeddable":true,"href":"https:\/\/poppers-online.ch\/fr\/wp-json\/wp\/v2\/media\/86016"}],"wp:attachment":[{"href":"https:\/\/poppers-online.ch\/fr\/wp-json\/wp\/v2\/media?parent=73711"}],"wp:term":[{"taxonomy":"product_brand","embeddable":true,"href":"https:\/\/poppers-online.ch\/fr\/wp-json\/wp\/v2\/product_brand?post=73711"},{"taxonomy":"product_cat","embeddable":true,"href":"https:\/\/poppers-online.ch\/fr\/wp-json\/wp\/v2\/product_cat?post=73711"},{"taxonomy":"product_tag","embeddable":true,"href":"https:\/\/poppers-online.ch\/fr\/wp-json\/wp\/v2\/product_tag?post=73711"}],"curies":[{"name":"wp","href":"https:\/\/api.w.org\/{rel}","templated":true}]}}