{"id":73679,"date":"2023-10-24T19:35:12","date_gmt":"2023-10-24T17:35:12","guid":{"rendered":"https:\/\/poppers-online.ch\/?post_type=product&#038;p=73679"},"modified":"2024-10-15T23:40:42","modified_gmt":"2024-10-15T21:40:42","slug":"all-black-squeeze-butt-plug","status":"publish","type":"product","link":"https:\/\/poppers-online.ch\/fr\/produit\/all-black-squeeze-butt-plug\/","title":{"rendered":"All Black Squeeze Butt Plug"},"content":{"rendered":"","protected":false},"excerpt":{"rendered":"<p>Attention ! Ce magnifique plug noir n&rsquo;est pas un presse-agrumes. Gr\u00e2ce \u00e0 la mati\u00e8re lisse de ce jouet, vous vous glisserez dans le paradis des sensations. Sa base est solide et stable, ce qui rendra vos jeux \u00e9rotiques inoubliables. All Black Plug 31 est un jouet sexuel enti\u00e8rement s\u00fbr et ne contient aucune substance toxique telle que le cadmium, le plomb ou les phtalates.<\/p>\n<ul>\n<li><strong>Longueur:<\/strong> Environ 12 cm<\/li>\n<li><strong>Diam\u00e8tre:<\/strong> Environ 5,5 cm<\/li>\n<li><strong>Mat\u00e9riau:<\/strong> PVC<\/li>\n<li><strong>Couleur:<\/strong> Noir<\/li>\n<\/ul>\n","protected":false},"featured_media":73683,"comment_status":"open","ping_status":"closed","template":"","meta":{"_acf_changed":false,"iawp_total_views":10,"_glsr_average":0,"_glsr_ranking":0,"_glsr_reviews":0},"product_brand":[],"product_cat":[2085,171],"product_tag":[688,1381],"class_list":{"0":"post-73679","1":"product","2":"type-product","3":"status-publish","4":"has-post-thumbnail","6":"product_cat-anal-play","7":"product_cat-sex-toys","8":"product_tag-all-black-fr","9":"product_tag-all-black-squeeze-butt-plug-fr","11":"first","12":"instock","13":"taxable","14":"shipping-taxable","15":"purchasable","16":"product-type-simple"},"acf":[],"_links":{"self":[{"href":"https:\/\/poppers-online.ch\/fr\/wp-json\/wp\/v2\/product\/73679","targetHints":{"allow":["GET"]}}],"collection":[{"href":"https:\/\/poppers-online.ch\/fr\/wp-json\/wp\/v2\/product"}],"about":[{"href":"https:\/\/poppers-online.ch\/fr\/wp-json\/wp\/v2\/types\/product"}],"replies":[{"embeddable":true,"href":"https:\/\/poppers-online.ch\/fr\/wp-json\/wp\/v2\/comments?post=73679"}],"wp:featuredmedia":[{"embeddable":true,"href":"https:\/\/poppers-online.ch\/fr\/wp-json\/wp\/v2\/media\/73683"}],"wp:attachment":[{"href":"https:\/\/poppers-online.ch\/fr\/wp-json\/wp\/v2\/media?parent=73679"}],"wp:term":[{"taxonomy":"product_brand","embeddable":true,"href":"https:\/\/poppers-online.ch\/fr\/wp-json\/wp\/v2\/product_brand?post=73679"},{"taxonomy":"product_cat","embeddable":true,"href":"https:\/\/poppers-online.ch\/fr\/wp-json\/wp\/v2\/product_cat?post=73679"},{"taxonomy":"product_tag","embeddable":true,"href":"https:\/\/poppers-online.ch\/fr\/wp-json\/wp\/v2\/product_tag?post=73679"}],"curies":[{"name":"wp","href":"https:\/\/api.w.org\/{rel}","templated":true}]}}