{"id":73665,"date":"2023-10-24T19:08:57","date_gmt":"2023-10-24T17:08:57","guid":{"rendered":"https:\/\/poppers-online.ch\/?post_type=product&#038;p=73665"},"modified":"2026-02-12T14:31:11","modified_gmt":"2026-02-12T13:31:11","slug":"all-black-traffic-cone-anal-plug-19cm","status":"publish","type":"product","link":"https:\/\/poppers-online.ch\/fr\/produit\/all-black-traffic-cone-anal-plug-19cm\/","title":{"rendered":"All Black Traffic Cone Anal Plug 19cm"},"content":{"rendered":"","protected":false},"excerpt":{"rendered":"<div>Ce All Black Traffic Cone Anal Plug 19cm a de la gueule. Le grand pied assure un maintien s\u00fbr lors de l&rsquo;insertion. La longueur totale est de 19 cm. Le diam\u00e8tre augmente de 4,5 cm \u00e0 12 cm. Parfait pour entra\u00eener ton extensibilit\u00e9.    <\/div>\n<p>&nbsp;<\/p>\n<div>Longueur : 19 cm max.<\/div>\n<div>Diam\u00e8tre : 12 cm<\/div>\n","protected":false},"featured_media":73675,"comment_status":"open","ping_status":"closed","template":"","meta":{"_acf_changed":false,"iawp_total_views":11,"_glsr_average":0,"_glsr_ranking":0,"_glsr_reviews":0},"product_brand":[],"product_cat":[2085,171],"product_tag":[688,1377],"class_list":{"0":"post-73665","1":"product","2":"type-product","3":"status-publish","4":"has-post-thumbnail","6":"product_cat-anal-play","7":"product_cat-sex-toys","8":"product_tag-all-black-fr","9":"product_tag-all-black-traffic-cone-anal-plug-19cm-fr","11":"first","12":"instock","13":"taxable","14":"shipping-taxable","15":"purchasable","16":"product-type-simple"},"acf":[],"_links":{"self":[{"href":"https:\/\/poppers-online.ch\/fr\/wp-json\/wp\/v2\/product\/73665","targetHints":{"allow":["GET"]}}],"collection":[{"href":"https:\/\/poppers-online.ch\/fr\/wp-json\/wp\/v2\/product"}],"about":[{"href":"https:\/\/poppers-online.ch\/fr\/wp-json\/wp\/v2\/types\/product"}],"replies":[{"embeddable":true,"href":"https:\/\/poppers-online.ch\/fr\/wp-json\/wp\/v2\/comments?post=73665"}],"wp:featuredmedia":[{"embeddable":true,"href":"https:\/\/poppers-online.ch\/fr\/wp-json\/wp\/v2\/media\/73675"}],"wp:attachment":[{"href":"https:\/\/poppers-online.ch\/fr\/wp-json\/wp\/v2\/media?parent=73665"}],"wp:term":[{"taxonomy":"product_brand","embeddable":true,"href":"https:\/\/poppers-online.ch\/fr\/wp-json\/wp\/v2\/product_brand?post=73665"},{"taxonomy":"product_cat","embeddable":true,"href":"https:\/\/poppers-online.ch\/fr\/wp-json\/wp\/v2\/product_cat?post=73665"},{"taxonomy":"product_tag","embeddable":true,"href":"https:\/\/poppers-online.ch\/fr\/wp-json\/wp\/v2\/product_tag?post=73665"}],"curies":[{"name":"wp","href":"https:\/\/api.w.org\/{rel}","templated":true}]}}