{"id":71536,"date":"2023-10-03T16:10:34","date_gmt":"2023-10-03T14:10:35","guid":{"rendered":"https:\/\/poppers-online.ch\/?post_type=product&#038;p=71536"},"modified":"2025-10-23T12:41:17","modified_gmt":"2025-10-23T10:41:17","slug":"power-female-poppers-pack-3-x-10ml-poppers","status":"publish","type":"product","link":"https:\/\/poppers-online.ch\/fr\/produit\/power-female-poppers-pack-3-x-10ml-poppers\/","title":{"rendered":"Power Female Poppers Pack 3 x 10ml Poppers"},"content":{"rendered":"","protected":false},"excerpt":{"rendered":"<p>Power Female Poppers Pack 3 x 10ml Poppers contient : x Lady 10ml Poppers et 1x POP ME UP Poppers 10ml.<\/p>\n<p><a href=\"https:\/\/poppers-online.ch\/fr\/produit\/lady-poppers-10ml\/\"><strong>LADY Poppers 10ml<\/strong><\/a> est sur le march\u00e9 depuis 2023 et contient l&rsquo;ancien vrai nitrite de pentyle. LADY Poppers s&rsquo;adresse, comme son nom l&rsquo;indique, \u00e0 toutes les femmes qui veulent se d\u00e9tendre lors de rapports sexuels vaginaux ou anaux. De force 4, le poppers est moyennement fort et se d\u00e9ploie en souplesse dans tout le corps. LADY Poppers est \u00e9galement disponible en flacon de 24 ml.<\/p>\n<p><a href=\"https:\/\/poppers-online.ch\/fr\/produit\/pop-me-up-poppers-10ml\/\"><strong>POP ME UP Poppers 10ml<\/strong> <\/a>est sur le march\u00e9 depuis 2023 et contient l&rsquo;ancien vrai nitrite de pentyle. Ce poppers est originaire de France et ne doit en aucun cas manquer lors de ta prochaine session de pops endiabl\u00e9es. L&rsquo;expression \u00ab\u00a0Pop me up\u00a0\u00bb signifie d&rsquo;ailleurs \u00ab\u00a0appelle-moi\u00a0\u00bb. Mais \u00ab\u00a0Pop me up\u00a0\u00bb peut aussi \u00eatre compris comme \u00ab\u00a0baise-moi, je suis consentant et pr\u00eat pour toi\u00a0\u00bb. POP ME UP Poppers est \u00e9galement disponible en flacon de 24 ml.<\/p>\n","protected":false},"featured_media":105019,"comment_status":"open","ping_status":"closed","template":"","meta":{"_acf_changed":false,"iawp_total_views":24,"_glsr_average":0,"_glsr_ranking":0,"_glsr_reviews":0},"product_brand":[],"product_cat":[1046,76,78],"product_tag":[1266],"class_list":{"0":"post-71536","1":"product","2":"type-product","3":"status-publish","4":"has-post-thumbnail","6":"product_cat-poppers","7":"product_cat-paquets-economiques","8":"product_cat-petits-flacons","9":"product_tag-power-female-poppers-pack-3-x-10ml-poppers-fr","10":"pa_flaschenform-rond-petit","11":"pa_gewindegroesse-small","12":"pa_inhalt-combo","13":"pa_inhalt-10ml","14":"pa_inhaltsstoffe-nitrite-de-pentyle","15":"pa_marke-edition-oxy","16":"pa_staerke-89","18":"first","19":"instock","20":"sale","21":"taxable","22":"shipping-taxable","23":"purchasable","24":"product-type-simple"},"acf":[],"_links":{"self":[{"href":"https:\/\/poppers-online.ch\/fr\/wp-json\/wp\/v2\/product\/71536","targetHints":{"allow":["GET"]}}],"collection":[{"href":"https:\/\/poppers-online.ch\/fr\/wp-json\/wp\/v2\/product"}],"about":[{"href":"https:\/\/poppers-online.ch\/fr\/wp-json\/wp\/v2\/types\/product"}],"replies":[{"embeddable":true,"href":"https:\/\/poppers-online.ch\/fr\/wp-json\/wp\/v2\/comments?post=71536"}],"wp:featuredmedia":[{"embeddable":true,"href":"https:\/\/poppers-online.ch\/fr\/wp-json\/wp\/v2\/media\/105019"}],"wp:attachment":[{"href":"https:\/\/poppers-online.ch\/fr\/wp-json\/wp\/v2\/media?parent=71536"}],"wp:term":[{"taxonomy":"product_brand","embeddable":true,"href":"https:\/\/poppers-online.ch\/fr\/wp-json\/wp\/v2\/product_brand?post=71536"},{"taxonomy":"product_cat","embeddable":true,"href":"https:\/\/poppers-online.ch\/fr\/wp-json\/wp\/v2\/product_cat?post=71536"},{"taxonomy":"product_tag","embeddable":true,"href":"https:\/\/poppers-online.ch\/fr\/wp-json\/wp\/v2\/product_tag?post=71536"}],"curies":[{"name":"wp","href":"https:\/\/api.w.org\/{rel}","templated":true}]}}