{"id":71513,"date":"2023-10-03T14:58:13","date_gmt":"2023-10-03T12:58:13","guid":{"rendered":"https:\/\/poppers-online.ch\/?post_type=product&#038;p=71513"},"modified":"2025-11-02T01:42:45","modified_gmt":"2025-11-02T00:42:45","slug":"swiss-edition-poppers-combo-3-x-10ml-poppers","status":"publish","type":"product","link":"https:\/\/poppers-online.ch\/fr\/produit\/swiss-edition-poppers-combo-3-x-10ml-poppers\/","title":{"rendered":"Swiss Edition Poppers Combo 3 x 10ml Poppers"},"content":{"rendered":"","protected":false},"excerpt":{"rendered":"<p><strong>Swiss Edition Poppers Combo 3 x 10ml Poppers<\/strong><span style=\"font-weight: 400;\"><strong> <\/strong>Contient : 1x Swiss Premium Juice 10ml, 1x Z\u00fcrich Poppers 10ml et 1x POP ME UP 10ml Poppers.<\/span><\/p>\n<p><a href=\"https:\/\/poppers-online.ch\/fr\/produit\/swiss-premium-juice-poppers-10ml\/\"><strong>Le Swiss Premium Juice Poppers 10ml<\/strong><\/a> est nouveau sur le march\u00e9 suisse depuis 2022. Il est bas\u00e9 sur le nitrite de pentyle original. Ce puissant Juice Poppers suisse de tr\u00e8s haute qualit\u00e9 vous donnera le coup de fouet ultime pour votre prochaine session de sexe suisse.<\/p>\n<p><a href=\"https:\/\/poppers-online.ch\/fr\/produit\/zuerich-poppers-10ml\/\"><strong>Z\u00fcrich Poppers 10ml<\/strong> <\/a>est sur le march\u00e9 depuis 2023 et contient l&rsquo;ancien vrai nitrite de pentyle. Apr\u00e8s les Poppers d&rsquo;Amsterdam et les Poppers de Berlin, voici enfin le Poppers de Zurich.  Zurich n&rsquo;est pas seulement synonyme de Zwingli, de Pestalozzi, du Sechsel\u00e4uten et du Knabenschiessen. Zurich est la m\u00e9tropole gay de Suisse et est consid\u00e9r\u00e9e comme la ville la plus gay-friendly de Suisse. C\u2019est pourquoi nous avons d\u00e9di\u00e9 le Z\u00fcrich Poppers de <strong>intensit\u00e9 6<\/strong> \u00e0 cette ville que nous aimons par-dessus tout. Zurich, continue \u00e0 \u00eatre aussi ouverte envers nous tous.<\/p>\n<p><a href=\"https:\/\/poppers-online.ch\/fr\/produit\/pop-me-up-poppers-10ml\/\"><strong>POP ME UP Poppers 10ml<\/strong> <\/a>est sur le march\u00e9 depuis 2023 et contient l&rsquo;ancien vrai pentyl nitrite. Ce poppers est originaire de France et ne doit en aucun cas manquer lors de ta prochaine session pop endiabl\u00e9e. L&rsquo;expression \u00ab\u00a0Pop me up\u00a0\u00bb signifie d&rsquo;ailleurs \u00ab\u00a0appelle-moi\u00a0\u00bb. Mais \u00ab\u00a0Pop me up\u00a0\u00bb peut aussi \u00eatre compris comme \u00ab\u00a0Baise-moi, je suis consentante et pr\u00eate pour toi\u00a0\u00bb. POP ME UP Poppers est \u00e9galement disponible dans un flacon de 24 ml.<\/p>\n","protected":false},"featured_media":71517,"comment_status":"open","ping_status":"closed","template":"","meta":{"_acf_changed":false,"iawp_total_views":21,"_glsr_average":0,"_glsr_ranking":0,"_glsr_reviews":0},"product_brand":[],"product_cat":[1046,76,78],"product_tag":[1259],"class_list":{"0":"post-71513","1":"product","2":"type-product","3":"status-publish","4":"has-post-thumbnail","6":"product_cat-poppers","7":"product_cat-paquets-economiques","8":"product_cat-petits-flacons","9":"product_tag-swiss-edition-poppers-combo-3-x-10ml-poppers-fr","10":"pa_flaschenform-rond-petit","11":"pa_gewindegroesse-small","12":"pa_inhalt-combo","13":"pa_inhalt-10ml","14":"pa_inhaltsstoffe-nitrite-de-pentyle","15":"pa_marke-edition-oxy","16":"pa_staerke-90","18":"first","19":"instock","20":"sale","21":"taxable","22":"shipping-taxable","23":"purchasable","24":"product-type-simple"},"acf":[],"_links":{"self":[{"href":"https:\/\/poppers-online.ch\/fr\/wp-json\/wp\/v2\/product\/71513","targetHints":{"allow":["GET"]}}],"collection":[{"href":"https:\/\/poppers-online.ch\/fr\/wp-json\/wp\/v2\/product"}],"about":[{"href":"https:\/\/poppers-online.ch\/fr\/wp-json\/wp\/v2\/types\/product"}],"replies":[{"embeddable":true,"href":"https:\/\/poppers-online.ch\/fr\/wp-json\/wp\/v2\/comments?post=71513"}],"wp:featuredmedia":[{"embeddable":true,"href":"https:\/\/poppers-online.ch\/fr\/wp-json\/wp\/v2\/media\/71517"}],"wp:attachment":[{"href":"https:\/\/poppers-online.ch\/fr\/wp-json\/wp\/v2\/media?parent=71513"}],"wp:term":[{"taxonomy":"product_brand","embeddable":true,"href":"https:\/\/poppers-online.ch\/fr\/wp-json\/wp\/v2\/product_brand?post=71513"},{"taxonomy":"product_cat","embeddable":true,"href":"https:\/\/poppers-online.ch\/fr\/wp-json\/wp\/v2\/product_cat?post=71513"},{"taxonomy":"product_tag","embeddable":true,"href":"https:\/\/poppers-online.ch\/fr\/wp-json\/wp\/v2\/product_tag?post=71513"}],"curies":[{"name":"wp","href":"https:\/\/api.w.org\/{rel}","templated":true}]}}