{"id":71497,"date":"2023-10-03T14:12:20","date_gmt":"2023-10-03T12:12:21","guid":{"rendered":"https:\/\/poppers-online.ch\/?post_type=product&#038;p=71497"},"modified":"2024-10-15T23:40:49","modified_gmt":"2024-10-15T21:40:49","slug":"pervert-pig-poppers-combo-2-x-10ml-poppers","status":"publish","type":"product","link":"https:\/\/poppers-online.ch\/fr\/produit\/pervert-pig-poppers-combo-2-x-10ml-poppers\/","title":{"rendered":"Pervert Pig Poppers Combo 2 x 10ml Poppers"},"content":{"rendered":"","protected":false},"excerpt":{"rendered":"<p><strong>Poppers Pervert Pig Poppers Pack 2 x 10 ml<\/strong> comprenant :<\/p>\n<ul>\n<li>1x Poppers Dirty PIG 10 ml<\/li>\n<li>1x Poppers PERVERT SUBBOY 10 ml<\/li>\n<\/ul>\n<p><a href=\"https:\/\/poppers-online.ch\/fr\/produit\/dirty-pig-poppers-10ml\/\"><strong>Poppers Dirty PIG 10 ml<\/strong> <\/a> est disponible sur le march\u00e9 depuis 2023 et contient l\u2019ancienne et v\u00e9ritable nitrite de pentyle. Ce Poppers ne doit absolument pas manquer lors de ta prochaine s\u00e9ance coquine !<\/p>\n<p>La force 5 de ce flacon de Poppers te permettra de profiter pleinement de tes aventures coquines. Le Poppers Dirty PIG te transformera en v\u00e9ritable cochon au lit. Poppers Dirty PIG est \u00e9galement disponible en flacon de 24 ml.<\/p>\n<p><a href=\"https:\/\/poppers-online.ch\/fr\/produit\/pervert-subboy-poppers-10ml\/\"><strong>Poppers PERVERT SUBBOY 10 ml<\/strong> <\/a>est disponible sur le march\u00e9 depuis 2023 et contient l\u2019ancienne et v\u00e9ritable nitrite de pentyle. Ce Poppers ne doit absolument pas manquer lors de ta prochaine et excitante s\u00e9ance DOM \/ SUB.<\/p>\n<p>Gr\u00e2ce \u00e0 la force 6 de ce flacon, chaque gar\u00e7on classique se transformera en SUBBOY soumis et ob\u00e9issant. Le Poppers PERVERT SUBBOY est \u00e9galement disponible en flacon de 24 ml.<\/p>\n","protected":false},"featured_media":71501,"comment_status":"open","ping_status":"closed","template":"","meta":{"_acf_changed":false,"iawp_total_views":24,"_glsr_average":0,"_glsr_ranking":0,"_glsr_reviews":0},"product_brand":[],"product_cat":[1046,76,78],"product_tag":[],"class_list":{"0":"post-71497","1":"product","2":"type-product","3":"status-publish","4":"has-post-thumbnail","6":"product_cat-poppers","7":"product_cat-paquets-economiques","8":"product_cat-petits-flacons","9":"pa_flaschenform-rond-petit","10":"pa_gewindegroesse-small","11":"pa_inhalt-combo","12":"pa_inhalt-10ml","13":"pa_inhaltsstoffe-nitrite-de-pentyle","14":"pa_marke-edition-oxy","15":"pa_staerke-91","17":"first","18":"instock","19":"sale","20":"taxable","21":"shipping-taxable","22":"purchasable","23":"product-type-simple"},"acf":[],"_links":{"self":[{"href":"https:\/\/poppers-online.ch\/fr\/wp-json\/wp\/v2\/product\/71497","targetHints":{"allow":["GET"]}}],"collection":[{"href":"https:\/\/poppers-online.ch\/fr\/wp-json\/wp\/v2\/product"}],"about":[{"href":"https:\/\/poppers-online.ch\/fr\/wp-json\/wp\/v2\/types\/product"}],"replies":[{"embeddable":true,"href":"https:\/\/poppers-online.ch\/fr\/wp-json\/wp\/v2\/comments?post=71497"}],"wp:featuredmedia":[{"embeddable":true,"href":"https:\/\/poppers-online.ch\/fr\/wp-json\/wp\/v2\/media\/71501"}],"wp:attachment":[{"href":"https:\/\/poppers-online.ch\/fr\/wp-json\/wp\/v2\/media?parent=71497"}],"wp:term":[{"taxonomy":"product_brand","embeddable":true,"href":"https:\/\/poppers-online.ch\/fr\/wp-json\/wp\/v2\/product_brand?post=71497"},{"taxonomy":"product_cat","embeddable":true,"href":"https:\/\/poppers-online.ch\/fr\/wp-json\/wp\/v2\/product_cat?post=71497"},{"taxonomy":"product_tag","embeddable":true,"href":"https:\/\/poppers-online.ch\/fr\/wp-json\/wp\/v2\/product_tag?post=71497"}],"curies":[{"name":"wp","href":"https:\/\/api.w.org\/{rel}","templated":true}]}}