{"id":70439,"date":"2023-09-24T00:01:22","date_gmt":"2023-09-23T22:01:22","guid":{"rendered":"https:\/\/poppers-online.ch\/?post_type=product&#038;p=70439"},"modified":"2024-10-15T23:40:50","modified_gmt":"2024-10-15T21:40:50","slug":"tenga-premium-original-vacuum-cup-strong","status":"publish","type":"product","link":"https:\/\/poppers-online.ch\/fr\/produit\/tenga-premium-original-vacuum-cup-strong\/","title":{"rendered":"Tenga Premium Original Vacuum Cup Strong"},"content":{"rendered":"","protected":false},"excerpt":{"rendered":"<p><strong>Tenga Premium Original Vacuum Cup Strong<\/strong> propose des mises \u00e0 niveau exquises pour l&rsquo;\u00e9talon-or du plaisir, soutenues par 15 ans d&rsquo;exp\u00e9rience et de technologie accumul\u00e9es. Cette version premium de la c\u00e9l\u00e8bre Original Vacuum CUP de TENGA est dot\u00e9e d&rsquo;une gaine en \u00e9lastom\u00e8re 1,5 fois plus \u00e9paisse pour des sensations encore plus intenses de l&rsquo;introduction \u00e0 la fin.<\/p>\n<p>Le manchon en \u00e9lastom\u00e8re est 1,5 fois plus \u00e9pais que celui de la s\u00e9rie CUP standard, avec des d\u00e9tails int\u00e9rieurs retravaill\u00e9s et compliqu\u00e9s, pr\u00e9-lubrifi\u00e9s avec notre lotion int\u00e9rieure premium pour l&rsquo;exp\u00e9rience ultime de la TENGA CUP.<\/p>\n","protected":false},"featured_media":70443,"comment_status":"open","ping_status":"closed","template":"","meta":{"_acf_changed":false,"iawp_total_views":6,"_glsr_average":0,"_glsr_ranking":0,"_glsr_reviews":0},"product_brand":[],"product_cat":[2094,171],"product_tag":[647,646,1253],"class_list":{"0":"post-70439","1":"product","2":"type-product","3":"status-publish","4":"has-post-thumbnail","6":"product_cat-masturbateur","7":"product_cat-sex-toys","8":"product_tag-masturbateur","9":"product_tag-tenga-fr","10":"product_tag-tenga-premium-original-vacuum-cup-strong-fr","12":"first","13":"instock","14":"taxable","15":"shipping-taxable","16":"purchasable","17":"product-type-simple"},"acf":[],"_links":{"self":[{"href":"https:\/\/poppers-online.ch\/fr\/wp-json\/wp\/v2\/product\/70439","targetHints":{"allow":["GET"]}}],"collection":[{"href":"https:\/\/poppers-online.ch\/fr\/wp-json\/wp\/v2\/product"}],"about":[{"href":"https:\/\/poppers-online.ch\/fr\/wp-json\/wp\/v2\/types\/product"}],"replies":[{"embeddable":true,"href":"https:\/\/poppers-online.ch\/fr\/wp-json\/wp\/v2\/comments?post=70439"}],"wp:featuredmedia":[{"embeddable":true,"href":"https:\/\/poppers-online.ch\/fr\/wp-json\/wp\/v2\/media\/70443"}],"wp:attachment":[{"href":"https:\/\/poppers-online.ch\/fr\/wp-json\/wp\/v2\/media?parent=70439"}],"wp:term":[{"taxonomy":"product_brand","embeddable":true,"href":"https:\/\/poppers-online.ch\/fr\/wp-json\/wp\/v2\/product_brand?post=70439"},{"taxonomy":"product_cat","embeddable":true,"href":"https:\/\/poppers-online.ch\/fr\/wp-json\/wp\/v2\/product_cat?post=70439"},{"taxonomy":"product_tag","embeddable":true,"href":"https:\/\/poppers-online.ch\/fr\/wp-json\/wp\/v2\/product_tag?post=70439"}],"curies":[{"name":"wp","href":"https:\/\/api.w.org\/{rel}","templated":true}]}}