{"id":70407,"date":"2023-09-23T23:25:54","date_gmt":"2023-09-23T21:25:54","guid":{"rendered":"https:\/\/poppers-online.ch\/?post_type=product&#038;p=70407"},"modified":"2024-10-15T23:45:27","modified_gmt":"2024-10-15T21:45:27","slug":"sport-fucker-tpe-baller-ring-rouge","status":"publish","type":"product","link":"https:\/\/poppers-online.ch\/fr\/produit\/sport-fucker-tpe-baller-ring-rouge\/","title":{"rendered":"Sport Fucker TPE Baller Ring &#8211; rouge"},"content":{"rendered":"","protected":false},"excerpt":{"rendered":"<p>Le Sport Fucker TPE Baller Ring &#8211; rouge avec combo<strong> Cockring et Ball Stretcher en TPE<\/strong> est aussi confortable qu&rsquo;il est s\u00e9duisant. Lubrifi\u00e9, il glisse sur la peau en assurant un ajustement parfait sans causer d&rsquo;inconfort. Son design ergonomique permet un port facile pendant les jeux en solo ou les moments partag\u00e9s, augmentant le plaisir pour tous les participants.<\/p>\n<p>Que vous soyez un d\u00e9butant \u00e0 la d\u00e9couverte de nouvelles sensations ou un joueur exp\u00e9riment\u00e9 cherchant \u00e0 repousser les limites, le Baller Ring saura r\u00e9pondre \u00e0 vos attentes.<\/p>\n<p>La partie Ball Stretcher mesure un diam\u00e8tre int\u00e9rieur de 35 mm.<\/p>\n<p>La partie Cockring mesure un diam\u00e8tre int\u00e9rieur de 25 mm.<\/p>\n","protected":false},"featured_media":70411,"comment_status":"open","ping_status":"closed","template":"","meta":{"_acf_changed":false,"iawp_total_views":5,"_glsr_average":0,"_glsr_ranking":0,"_glsr_reviews":0},"product_brand":[],"product_cat":[2088,2091,171],"product_tag":[],"class_list":{"0":"post-70407","1":"product","2":"type-product","3":"status-publish","4":"has-post-thumbnail","6":"product_cat-ball-play","7":"product_cat-cock-play","8":"product_cat-sex-toys","10":"first","11":"instock","12":"taxable","13":"shipping-taxable","14":"purchasable","15":"product-type-simple"},"acf":[],"_links":{"self":[{"href":"https:\/\/poppers-online.ch\/fr\/wp-json\/wp\/v2\/product\/70407","targetHints":{"allow":["GET"]}}],"collection":[{"href":"https:\/\/poppers-online.ch\/fr\/wp-json\/wp\/v2\/product"}],"about":[{"href":"https:\/\/poppers-online.ch\/fr\/wp-json\/wp\/v2\/types\/product"}],"replies":[{"embeddable":true,"href":"https:\/\/poppers-online.ch\/fr\/wp-json\/wp\/v2\/comments?post=70407"}],"wp:featuredmedia":[{"embeddable":true,"href":"https:\/\/poppers-online.ch\/fr\/wp-json\/wp\/v2\/media\/70411"}],"wp:attachment":[{"href":"https:\/\/poppers-online.ch\/fr\/wp-json\/wp\/v2\/media?parent=70407"}],"wp:term":[{"taxonomy":"product_brand","embeddable":true,"href":"https:\/\/poppers-online.ch\/fr\/wp-json\/wp\/v2\/product_brand?post=70407"},{"taxonomy":"product_cat","embeddable":true,"href":"https:\/\/poppers-online.ch\/fr\/wp-json\/wp\/v2\/product_cat?post=70407"},{"taxonomy":"product_tag","embeddable":true,"href":"https:\/\/poppers-online.ch\/fr\/wp-json\/wp\/v2\/product_tag?post=70407"}],"curies":[{"name":"wp","href":"https:\/\/api.w.org\/{rel}","templated":true}]}}