{"id":70385,"date":"2023-09-23T22:50:59","date_gmt":"2023-09-23T20:50:59","guid":{"rendered":"https:\/\/poppers-online.ch\/?post_type=product&#038;p=70385"},"modified":"2024-10-15T23:45:28","modified_gmt":"2024-10-15T21:45:28","slug":"black-maxxx-powerful-twist-nipple-suckers","status":"publish","type":"product","link":"https:\/\/poppers-online.ch\/fr\/produit\/black-maxxx-powerful-twist-nipple-suckers\/","title":{"rendered":"Black Maxxx Powerful Twist Nipple Suckers"},"content":{"rendered":"","protected":false},"excerpt":{"rendered":"<p><strong>Tourne la vis pour augmenter la pression et l&rsquo;excitation !<\/strong><\/p>\n<p>Les <strong>Black Maxxx Powerful Twist Nipple Suckers<\/strong> de Master Series sont des t\u00e9tines pour mamelons au design original, qui offrent une excellente aspiration pour des sensations intenses.<\/p>\n<p>Les suceurs de t\u00e9tons sont faciles \u00e0 utiliser : place les coupes sur tes t\u00e9tons et tourne la vis. \u00c0 chaque tour, la pression augmente et tu \u00e9prouveras d&rsquo;incroyables sensations excitantes.<\/p>\n<p>Con\u00e7us \u00e0 l&rsquo;origine pour stimuler les mamelons et les t\u00e9tons, les T-Cup peuvent \u00e9galement \u00eatre utilis\u00e9s pour stimuler d&rsquo;autres parties du corps&#8230; Laisse libre cours \u00e0 ton imagination !<\/p>\n<ul>\n<li><strong>Mat\u00e9riaux<\/strong>: plastique ABS<\/li>\n<li><strong>Hauteur du cylindre<\/strong>: 7 cm<\/li>\n<li><strong>Diam\u00e8tre du cylindre<\/strong>: 3.5 cm (ext\u00e9rieur) \/ 2.8 cm (int\u00e9rieur)<\/li>\n<\/ul>\n","protected":false},"featured_media":70389,"comment_status":"open","ping_status":"closed","template":"","meta":{"_acf_changed":false,"iawp_total_views":5,"_glsr_average":0,"_glsr_ranking":0,"_glsr_reviews":0},"product_brand":[],"product_cat":[2100,171],"product_tag":[1245],"class_list":{"0":"post-70385","1":"product","2":"type-product","3":"status-publish","4":"has-post-thumbnail","6":"product_cat-nipple-play","7":"product_cat-sex-toys","8":"product_tag-black-maxxx-powerful-twist-nipple-suckers-fr","10":"first","11":"outofstock","12":"taxable","13":"shipping-taxable","14":"purchasable","15":"product-type-simple"},"acf":[],"_links":{"self":[{"href":"https:\/\/poppers-online.ch\/fr\/wp-json\/wp\/v2\/product\/70385","targetHints":{"allow":["GET"]}}],"collection":[{"href":"https:\/\/poppers-online.ch\/fr\/wp-json\/wp\/v2\/product"}],"about":[{"href":"https:\/\/poppers-online.ch\/fr\/wp-json\/wp\/v2\/types\/product"}],"replies":[{"embeddable":true,"href":"https:\/\/poppers-online.ch\/fr\/wp-json\/wp\/v2\/comments?post=70385"}],"wp:featuredmedia":[{"embeddable":true,"href":"https:\/\/poppers-online.ch\/fr\/wp-json\/wp\/v2\/media\/70389"}],"wp:attachment":[{"href":"https:\/\/poppers-online.ch\/fr\/wp-json\/wp\/v2\/media?parent=70385"}],"wp:term":[{"taxonomy":"product_brand","embeddable":true,"href":"https:\/\/poppers-online.ch\/fr\/wp-json\/wp\/v2\/product_brand?post=70385"},{"taxonomy":"product_cat","embeddable":true,"href":"https:\/\/poppers-online.ch\/fr\/wp-json\/wp\/v2\/product_cat?post=70385"},{"taxonomy":"product_tag","embeddable":true,"href":"https:\/\/poppers-online.ch\/fr\/wp-json\/wp\/v2\/product_tag?post=70385"}],"curies":[{"name":"wp","href":"https:\/\/api.w.org\/{rel}","templated":true}]}}