{"id":70354,"date":"2023-09-23T22:25:33","date_gmt":"2023-09-23T20:25:33","guid":{"rendered":"https:\/\/poppers-online.ch\/?post_type=product&#038;p=70354"},"modified":"2024-10-15T23:45:29","modified_gmt":"2024-10-15T21:45:29","slug":"colt-nipple-pro-suckers-rouge","status":"publish","type":"product","link":"https:\/\/poppers-online.ch\/fr\/produit\/colt-nipple-pro-suckers-rouge\/","title":{"rendered":"Colt Nipple Pro Suckers &#8211; rouge"},"content":{"rendered":"","protected":false},"excerpt":{"rendered":"<p>Les <strong>Colt Nipple Pro Suckers &#8211; rouge <\/strong>sont le superlatif des suceurs de t\u00e9tons avec un \u00e9norme effet d&rsquo;aspiration. Les cylindres ont une ouverture brid\u00e9e qui, gr\u00e2ce \u00e0 sa surface plane et plus grande, garantit une \u00e9tanch\u00e9it\u00e9 \u00e0 100%. Les ventouses pour t\u00e9tons sont simples \u00e0 utiliser et faciles \u00e0 r\u00e9gler en fonction de tes besoins.<\/p>\n<p>Mettre les cylindres en place et faire varier l&rsquo;intensit\u00e9 de l&rsquo;aspiration en tournant les t\u00eates de vis noires. Les Nipple Pro-Suckers extr\u00eamement robustes augmentent la sensibilit\u00e9 de tes mamelons et te procurent des sensations extatiques. Les ventouses peuvent \u00eatre d\u00e9mont\u00e9es pour un nettoyage facile.<\/p>\n<ul>\n<li><strong>longueur:<\/strong> environ 10 cm<\/li>\n<li><strong>diam\u00e8tre:<\/strong> environ 3,5 cm<\/li>\n<li><strong>Couleur:<\/strong> rouge, transparent<\/li>\n<li><strong>Mat\u00e9riaux:<\/strong> Plastique AS (cylindres), ABS (boutons, pistons), silicone (joints)<\/li>\n<\/ul>\n","protected":false},"featured_media":70358,"comment_status":"open","ping_status":"closed","template":"","meta":{"_acf_changed":false,"iawp_total_views":5,"_glsr_average":0,"_glsr_ranking":0,"_glsr_reviews":0},"product_brand":[],"product_cat":[2100,171],"product_tag":[],"class_list":{"0":"post-70354","1":"product","2":"type-product","3":"status-publish","4":"has-post-thumbnail","6":"product_cat-nipple-play","7":"product_cat-sex-toys","9":"first","10":"outofstock","11":"taxable","12":"shipping-taxable","13":"purchasable","14":"product-type-simple"},"acf":[],"_links":{"self":[{"href":"https:\/\/poppers-online.ch\/fr\/wp-json\/wp\/v2\/product\/70354","targetHints":{"allow":["GET"]}}],"collection":[{"href":"https:\/\/poppers-online.ch\/fr\/wp-json\/wp\/v2\/product"}],"about":[{"href":"https:\/\/poppers-online.ch\/fr\/wp-json\/wp\/v2\/types\/product"}],"replies":[{"embeddable":true,"href":"https:\/\/poppers-online.ch\/fr\/wp-json\/wp\/v2\/comments?post=70354"}],"wp:featuredmedia":[{"embeddable":true,"href":"https:\/\/poppers-online.ch\/fr\/wp-json\/wp\/v2\/media\/70358"}],"wp:attachment":[{"href":"https:\/\/poppers-online.ch\/fr\/wp-json\/wp\/v2\/media?parent=70354"}],"wp:term":[{"taxonomy":"product_brand","embeddable":true,"href":"https:\/\/poppers-online.ch\/fr\/wp-json\/wp\/v2\/product_brand?post=70354"},{"taxonomy":"product_cat","embeddable":true,"href":"https:\/\/poppers-online.ch\/fr\/wp-json\/wp\/v2\/product_cat?post=70354"},{"taxonomy":"product_tag","embeddable":true,"href":"https:\/\/poppers-online.ch\/fr\/wp-json\/wp\/v2\/product_tag?post=70354"}],"curies":[{"name":"wp","href":"https:\/\/api.w.org\/{rel}","templated":true}]}}