{"id":70314,"date":"2023-09-23T16:47:28","date_gmt":"2023-09-23T14:47:29","guid":{"rendered":"https:\/\/poppers-online.ch\/?post_type=product&#038;p=70314"},"modified":"2025-06-04T11:39:12","modified_gmt":"2025-06-04T09:39:12","slug":"mancage-cockcage-chasity-noir","status":"publish","type":"product","link":"https:\/\/poppers-online.ch\/fr\/produit\/mancage-cockcage-chasity-noir\/","title":{"rendered":"ManCage cage \u00e0 p\u00e9nis Cockcage Chastity &#8211; noir"},"content":{"rendered":"","protected":false},"excerpt":{"rendered":"<h2>La cage \u00e0 p\u00e9nis ManCage Cockcage Chastity<\/h2>\n<p><strong>La cage \u00e0 p\u00e9nis ManCage Cockcage Chasity, d&rsquo;un noir \u00e9l\u00e9gant <\/strong>, est fabriqu\u00e9e en plastique polycarbonate de haute qualit\u00e9. Ce mat\u00e9riau se caract\u00e9rise par sa l\u00e9g\u00e8ret\u00e9, sa durabilit\u00e9, sa r\u00e9sistance \u00e0 l&rsquo;eau et ses propri\u00e9t\u00e9s hypoallerg\u00e9niques. Cette cage de chastet\u00e9 se compose de trois \u00e9l\u00e9ments pr\u00e9cis\u00e9ment adapt\u00e9s les uns aux autres. Les deux goupilles de guidage relient les parties sup\u00e9rieures entre elles, tandis que la goupille conique ovale relie les anneaux \u00e0 la cage.   <\/p>\n<p>Diff\u00e9rents anneaux de diff\u00e9rentes tailles et entretoises vous permettent de personnaliser l&rsquo;ajustement parfait. Ces anneaux sont extr\u00eamement confortables et offrent une s\u00e9curit\u00e9 maximale. La cage peut \u00eatre facilement ferm\u00e9e \u00e0 l&rsquo;aide d&rsquo;un cadenas ou des attaches de c\u00e2ble fournies, ce qui garantit que les d\u00e9tecteurs de m\u00e9taux ne d\u00e9clenchent pas d&rsquo;alarme lors d&rsquo;\u00e9v\u00e9nements, de festivals ou d&rsquo;a\u00e9roports.  <\/p>\n<p>L&rsquo;hygi\u00e8ne \u00e9tant primordiale lors du port d&rsquo;une cage \u00e0 p\u00e9nis, l&rsquo;extraordinaire ManCage Cockcage est dot\u00e9 de nombreux orifices d&rsquo;a\u00e9ration et d&rsquo;une ouverture permettant d&rsquo;uriner facilement. Cette cage de chastet\u00e9 emp\u00eache les \u00e9rections pendant le port, mais promet une exp\u00e9rience sexuelle particuli\u00e8rement intense apr\u00e8s la lib\u00e9ration, comparable \u00e0 un orgasme lib\u00e9rateur. <\/p>\n<p>Le ManCage Cock Cage donne au d\u00e9tenteur de la cl\u00e9 un contr\u00f4le optimal sur la satisfaction sexuelle. Vous pouvez ainsi faire passer votre jeu BDSM au niveau sup\u00e9rieur. La seule question qui reste :  <\/p>\n<p><strong>Voulez-vous garder le contr\u00f4le ou plut\u00f4t le c\u00e9der ?<\/strong><\/p>\n<p><strong>D\u00e9tails du produit :<\/strong><\/p>\n<ul>\n<li>Longueur totale : environ 12 cm<\/li>\n<li>Diam\u00e8tre int\u00e9rieur de la cage : environ 3,5 cm<\/li>\n<li>Anneaux r\u00e9glables dans les tailles : environ 4,5 \/ 5 \/ 5,5 \/ 6 cm<\/li>\n<li>Mat\u00e9riau : PC\/ABS (100% r\u00e9sistant \u00e0 l&rsquo;eau, sans phtalate)<\/li>\n<li>Couleur : Noir<\/li>\n<\/ul>\n<h2>La chastet\u00e9 masculine et la cage de chastet\u00e9 sont la tendance f\u00e9tiche de 2025<\/h2>\n<p>Initialement issue du monde BDSM, la chastet\u00e9 masculine est devenue une tendance grand public \u00e0 succ\u00e8s. Les couples et les individus c\u00e9l\u00e8brent le sexe en cage \u00e0 p\u00e9nis et d&rsquo;autres types de jeux. L&rsquo;abstinence, le d\u00e9sir sexuel et le contr\u00f4le de celui-ci enrichissent la vie amoureuse d&rsquo;un nombre croissant de personnes sur cette plan\u00e8te.  <\/p>\n<p>Sur les m\u00e9dias sociaux, les personnes partagent leurs exp\u00e9riences. L&rsquo;\u00e9v\u00e9nement \u00ab\u00a0Locktober\u00a0\u00bb, au cours duquel les participants rel\u00e8vent un d\u00e9fi de chastet\u00e9 pendant un mois, est particuli\u00e8rement populaire. Les exp\u00e9riences et les images de cocklocks en acier inoxydable, etc. font le tour de Bluesky et X.  <\/p>\n<p>Le maintien de la chastet\u00e9, par exemple au moyen de ceintures de chastet\u00e9 pour hommes, a un fort impact psychologique. Elle remet en question l&rsquo;image traditionnelle de l&rsquo;homme en mettant au pas le p\u00e9nis, symbole de la masculinit\u00e9 puissante, au moyen d&rsquo;une cage \u00e0 p\u00e9nis m\u00e9tallique ou d&rsquo;un autre outil. <\/p>\n<p>Avec une ceinture de chastet\u00e9 pour homme, l&rsquo;accent dans la vie sexuelle est d\u00e9plac\u00e9 de la stimulation du p\u00e9nis, des testicules et du scrotum vers la r\u00e9gion anale. La p\u00e9n\u00e9tration anale passe au premier plan et peut intensifier le lien mental entre les partenaires. <\/p>\n<h2>Acheter des cages \u00e0 p\u00e9nis, des ceintures de chastet\u00e9 et des cages de chastet\u00e9 en ligne chez nous<\/h2>\n<p>Nous avons une large gamme de cages \u00e0 p\u00e9nis ManCage ainsi que d&rsquo;autres jouets sexuels. Vous pr\u00e9f\u00e9rez une cage de chastet\u00e9 en m\u00e9tal ? La <a href=\"https:\/\/poppers-online.ch\/fr\/produit\/extreme-chastity-cock-cage-metal\/\">cage \u00e0 bite Extreme Chastity en m\u00e9tal<\/a> est le choix id\u00e9al pour vos jeux BDSM. Vous voulez un mod\u00e8le dans lequel vous pouvez voir le p\u00e9nis ? Choisissez la <a href=\"https:\/\/poppers-online.ch\/fr\/produit\/extreme-chastity-cock-cage-acrylique\/\">cage \u00e0 bite transparente Extreme Chastity Acrylic<\/a>. Vous aimez \u00eatre chaste en silicone ? Alors jetez un coup d&rsquo;oeil \u00e0 <a href=\"https:\/\/poppers-online.ch\/fr\/produit\/extreme-chastity-cock-cage-slicone-large\/\">Extreme Cock Cage Silicone Large<\/a>.      <\/p>\n<p>Toutes les cages \u00e0 p\u00e9nis, cages de chastet\u00e9 ou ceintures de chastet\u00e9 pour hommes sont exp\u00e9di\u00e9es rapidement et discr\u00e8tement par la poste \u00e0 votre adresse. Saviez-vous que nous livrons \u00e9galement aux distributeurs automatiques de colis My Post 24 et aux points d&rsquo;acc\u00e8s PickPost ? <\/p>\n<p>&nbsp;<\/p>\n<p>&nbsp;<\/p>\n","protected":false},"featured_media":70318,"comment_status":"open","ping_status":"closed","template":"","meta":{"_acf_changed":false,"iawp_total_views":8,"_glsr_average":0,"_glsr_ranking":0,"_glsr_reviews":0},"product_brand":[],"product_cat":[2091,171],"product_tag":[2140],"class_list":{"0":"post-70314","1":"product","2":"type-product","3":"status-publish","4":"has-post-thumbnail","6":"product_cat-cock-play","7":"product_cat-sex-toys","8":"product_tag-mancage-cage-a-penis-cockcage-chasity-noir","10":"first","11":"instock","12":"taxable","13":"shipping-taxable","14":"purchasable","15":"product-type-simple"},"acf":[],"_links":{"self":[{"href":"https:\/\/poppers-online.ch\/fr\/wp-json\/wp\/v2\/product\/70314","targetHints":{"allow":["GET"]}}],"collection":[{"href":"https:\/\/poppers-online.ch\/fr\/wp-json\/wp\/v2\/product"}],"about":[{"href":"https:\/\/poppers-online.ch\/fr\/wp-json\/wp\/v2\/types\/product"}],"replies":[{"embeddable":true,"href":"https:\/\/poppers-online.ch\/fr\/wp-json\/wp\/v2\/comments?post=70314"}],"wp:featuredmedia":[{"embeddable":true,"href":"https:\/\/poppers-online.ch\/fr\/wp-json\/wp\/v2\/media\/70318"}],"wp:attachment":[{"href":"https:\/\/poppers-online.ch\/fr\/wp-json\/wp\/v2\/media?parent=70314"}],"wp:term":[{"taxonomy":"product_brand","embeddable":true,"href":"https:\/\/poppers-online.ch\/fr\/wp-json\/wp\/v2\/product_brand?post=70314"},{"taxonomy":"product_cat","embeddable":true,"href":"https:\/\/poppers-online.ch\/fr\/wp-json\/wp\/v2\/product_cat?post=70314"},{"taxonomy":"product_tag","embeddable":true,"href":"https:\/\/poppers-online.ch\/fr\/wp-json\/wp\/v2\/product_tag?post=70314"}],"curies":[{"name":"wp","href":"https:\/\/api.w.org\/{rel}","templated":true}]}}