{"id":70296,"date":"2023-09-23T16:14:47","date_gmt":"2023-09-23T14:14:47","guid":{"rendered":"https:\/\/poppers-online.ch\/?post_type=product&#038;p=70296"},"modified":"2024-10-15T23:45:31","modified_gmt":"2024-10-15T21:45:31","slug":"ouch-glow-in-the-dark-swirl-stretchy-penis-sleeve","status":"publish","type":"product","link":"https:\/\/poppers-online.ch\/fr\/produit\/ouch-glow-in-the-dark-swirl-stretchy-penis-sleeve\/","title":{"rendered":"OUCH! Glow in the Dark &#8211; Swirl Stretchy Penis Sleeve"},"content":{"rendered":"","protected":false},"excerpt":{"rendered":"<p>Plus de sensations pour les deux partenaires gr\u00e2ce au manchon p\u00e9nien Swirl Stretchy d&rsquo;Ouch! et sa mati\u00e8re sexy qui brille dans le noir ! Cet excitant manchon pour p\u00e9nis fera grand plaisir aux deux partenaires car vous augmenterez la taille de votre p\u00e9nis et vous \u00e9prouverez de toutes nouvelles sensations gr\u00e2ce \u00e0 la texture ondul\u00e9e.<\/p>\n<p>Le manchon ajoute de l&rsquo;\u00e9paisseur, de la longueur et une texture excitante \u00e0 votre plus belle pi\u00e8ce. Il pr\u00e9sente deux autres avantages : l&rsquo;anneau pour les testicules maintient tout en place et tire m\u00eame doucement vos boules vers le bas pour ajouter de la satisfaction \u00e0 chaque mouvement et coup de hanches. Deuxi\u00e8mement, vous durerez plus longtemps au lit car les sensations sont l\u00e9g\u00e8rement att\u00e9nu\u00e9es pour celui qui le porte.<\/p>\n<p>Gr\u00e2ce \u00e0 son mat\u00e9riau incroyablement souple et extensible et \u00e0 le Ball Ring stable, l&rsquo;extension de p\u00e9nis est facile \u00e0 mettre en place et confortable \u00e0 porter. Pour faciliter sa mise en place, vous pouvez m\u00eame enduire l&rsquo;int\u00e9rieur de lubrifiant \u00e0 base d&rsquo;eau et le faire glisser facilement. Apr\u00e8s votre s\u00e9ance, lavez-la soigneusement \u00e0 l&rsquo;eau chaude avec un savon doux ou un nettoyant pour sextoy, puis laissez-la s\u00e9cher compl\u00e8tement \u00e0 l&rsquo;air libre avant de la ranger dans un endroit frais et sombre.<\/p>\n<p><strong>D\u00e9tails du produit :<\/strong><\/p>\n<ul>\n<li>Manchon p\u00e9nien pratique et stimulant<\/li>\n<li>Texture tourbillonnante excitante<\/li>\n<li>\u00a0Super extensible et flexible<\/li>\n<li>Couleur phosphorescente dans le noir<\/li>\n<li>Sans phtalate ni latex<\/li>\n<li>Augmente la circonf\u00e9rence et la longueur de votre p\u00e9nis<\/li>\n<li>Compatible avec les lubrifiants \u00e0 base d&rsquo;eau<\/li>\n<\/ul>\n<p>&nbsp;<\/p>\n<ul>\n<li><strong>Longueur totale:<\/strong> env. 15 cm<\/li>\n<li><strong>Longueur ins\u00e9rable:<\/strong> env. 9.5 cm (\u00e9tirable)<\/li>\n<li><strong>Diam\u00e8tre ins\u00e9rable:<\/strong> env. 2 cm (\u00e9tirable)<\/li>\n<li><strong>Mati\u00e8re:<\/strong> TPE<\/li>\n<li><strong>Couleur:<\/strong> vert fluorescent<\/li>\n<\/ul>\n","protected":false},"featured_media":70300,"comment_status":"open","ping_status":"closed","template":"","meta":{"_acf_changed":false,"iawp_total_views":6,"_glsr_average":0,"_glsr_ranking":0,"_glsr_reviews":0},"product_brand":[],"product_cat":[2097,2091,171],"product_tag":[],"class_list":{"0":"post-70296","1":"product","2":"type-product","3":"status-publish","4":"has-post-thumbnail","6":"product_cat-agrandir-penis","7":"product_cat-cock-play","8":"product_cat-sex-toys","10":"first","11":"instock","12":"sale","13":"taxable","14":"shipping-taxable","15":"purchasable","16":"product-type-simple"},"acf":[],"_links":{"self":[{"href":"https:\/\/poppers-online.ch\/fr\/wp-json\/wp\/v2\/product\/70296","targetHints":{"allow":["GET"]}}],"collection":[{"href":"https:\/\/poppers-online.ch\/fr\/wp-json\/wp\/v2\/product"}],"about":[{"href":"https:\/\/poppers-online.ch\/fr\/wp-json\/wp\/v2\/types\/product"}],"replies":[{"embeddable":true,"href":"https:\/\/poppers-online.ch\/fr\/wp-json\/wp\/v2\/comments?post=70296"}],"wp:featuredmedia":[{"embeddable":true,"href":"https:\/\/poppers-online.ch\/fr\/wp-json\/wp\/v2\/media\/70300"}],"wp:attachment":[{"href":"https:\/\/poppers-online.ch\/fr\/wp-json\/wp\/v2\/media?parent=70296"}],"wp:term":[{"taxonomy":"product_brand","embeddable":true,"href":"https:\/\/poppers-online.ch\/fr\/wp-json\/wp\/v2\/product_brand?post=70296"},{"taxonomy":"product_cat","embeddable":true,"href":"https:\/\/poppers-online.ch\/fr\/wp-json\/wp\/v2\/product_cat?post=70296"},{"taxonomy":"product_tag","embeddable":true,"href":"https:\/\/poppers-online.ch\/fr\/wp-json\/wp\/v2\/product_tag?post=70296"}],"curies":[{"name":"wp","href":"https:\/\/api.w.org\/{rel}","templated":true}]}}